{"id":1615,"date":"2025-09-29T10:52:44","date_gmt":"2025-09-29T02:52:44","guid":{"rendered":"https:\/\/www.cnxiangfu.com\/solucion\/"},"modified":"2025-12-09T12:40:00","modified_gmt":"2025-12-09T04:40:00","slug":"solucion","status":"publish","type":"page","link":"https:\/\/www.cnxiangfu.com\/es\/solucion\/","title":{"rendered":"Soluci\u00f3n"},"content":{"rendered":"\t\t<div data-elementor-type=\"wp-page\" data-elementor-id=\"1615\" class=\"elementor elementor-1615 elementor-130\" data-elementor-post-type=\"page\">\n\t\t\t\t<div class=\"elementor-element elementor-element-2063e02 e-con-full e-flex e-con e-parent\" data-id=\"2063e02\" data-element_type=\"container\" data-e-type=\"container\">\n\t\t\t\t<div class=\"elementor-element elementor-element-07ab42d elementor-widget elementor-widget-heading\" data-id=\"07ab42d\" data-element_type=\"widget\" data-e-type=\"widget\" data-widget_type=\"heading.default\">\n\t\t\t\t\t<h1 class=\"elementor-heading-title elementor-size-default\">Soluci\u00f3n<\/h1>\t\t\t\t<\/div>\n\t\t\t\t<div class=\"elementor-element elementor-element-1c49ab5 elementor-widget elementor-widget-text-editor\" data-id=\"1c49ab5\" data-element_type=\"widget\" data-e-type=\"widget\" data-widget_type=\"text-editor.default\">\n\t\t\t\t\t\t\t\t\t<p class=\"p1\">Nuestras soluciones est\u00e1n dise\u00f1adas para ofrecer opciones de empaque eficientes y sostenibles en todas las industrias. Ya sea para el servicio de alimentos, el comercio minorista o el comercio electr\u00f3nico, brindamos soluciones de bolsas personalizadas adaptadas a sus necesidades, lo que ayuda a su marca a mejorar su imagen ecol\u00f3gica y su competitividad en el mercado. <\/p>\t\t\t\t\t\t\t\t<\/div>\n\t\t<div class=\"elementor-element elementor-element-dbf6644 e-flex e-con-boxed e-con e-child\" data-id=\"dbf6644\" data-element_type=\"container\" data-e-type=\"container\" data-settings=\"{&quot;background_background&quot;:&quot;classic&quot;}\">\n\t\t\t\t\t<div class=\"e-con-inner\">\n\t\t\t\t\t<\/div>\n\t\t\t\t<\/div>\n\t\t\t\t<\/div>\n\t\t<div class=\"elementor-element elementor-element-ae9d1c5 e-flex e-con-boxed e-con e-parent\" data-id=\"ae9d1c5\" data-element_type=\"container\" data-e-type=\"container\">\n\t\t\t\t\t<div class=\"e-con-inner\">\n\t\t\t\t<div class=\"elementor-element elementor-element-d1dddef elementor-widget__width-initial elementor-widget elementor-widget-image\" data-id=\"d1dddef\" data-element_type=\"widget\" data-e-type=\"widget\" data-widget_type=\"image.default\">\n\t\t\t\t\t\t\t\t\t\t\t\t\t\t\t<img fetchpriority=\"high\" decoding=\"async\" width=\"1200\" height=\"700\" src=\"https:\/\/www.cnxiangfu.com\/wp-content\/uploads\/2025\/09\/happy-holidays-3040029_1280_WH_1200x700px.jpg\" class=\"attachment-full size-full wp-image-1619\" alt=\"\" srcset=\"https:\/\/www.cnxiangfu.com\/wp-content\/uploads\/2025\/09\/happy-holidays-3040029_1280_WH_1200x700px.jpg 1200w, https:\/\/www.cnxiangfu.com\/wp-content\/uploads\/2025\/09\/happy-holidays-3040029_1280_WH_1200x700px-300x175.jpg 300w, https:\/\/www.cnxiangfu.com\/wp-content\/uploads\/2025\/09\/happy-holidays-3040029_1280_WH_1200x700px-1024x597.jpg 1024w, https:\/\/www.cnxiangfu.com\/wp-content\/uploads\/2025\/09\/happy-holidays-3040029_1280_WH_1200x700px-768x448.jpg 768w, https:\/\/www.cnxiangfu.com\/wp-content\/uploads\/2025\/09\/happy-holidays-3040029_1280_WH_1200x700px-600x350.jpg 600w\" sizes=\"(max-width: 1200px) 100vw, 1200px\" title=\"\">\t\t\t\t\t\t\t\t\t\t\t\t\t\t\t<\/div>\n\t\t<div class=\"elementor-element elementor-element-2ce6f05 e-con-full e-flex e-con e-child\" data-id=\"2ce6f05\" data-element_type=\"container\" data-e-type=\"container\">\n\t\t\t\t<div class=\"elementor-element elementor-element-340737b elementor-invisible elementor-widget elementor-widget-heading\" data-id=\"340737b\" data-element_type=\"widget\" data-e-type=\"widget\" data-settings=\"{&quot;_animation&quot;:&quot;fadeIn&quot;}\" data-widget_type=\"heading.default\">\n\t\t\t\t\t<h2 class=\"elementor-heading-title elementor-size-default\">Compras<\/h2>\t\t\t\t<\/div>\n\t\t\t\t<div class=\"elementor-element elementor-element-4bed5cd elementor-widget elementor-widget-text-editor\" data-id=\"4bed5cd\" data-element_type=\"widget\" data-e-type=\"widget\" data-widget_type=\"text-editor.default\">\n\t\t\t\t\t\t\t\t\t<p>Ofrecemos soluciones de embalaje personalizadas para escenarios de compra, que van desde bolsas de papel ecol\u00f3gicas hasta bolsas de compras multifuncionales. Todos est\u00e1n fabricados con materiales de alta calidad, con capacidad de carga y atractivo est\u00e9tico. Esto ayuda a las marcas a mejorar la experiencia de compra de los consumidores al tiempo que logran un desarrollo sostenible de envases ecol\u00f3gicos.  <\/p>\t\t\t\t\t\t\t\t<\/div>\n\t\t\t\t<div class=\"elementor-element elementor-element-2d518b2 elementor-widget elementor-widget-button\" data-id=\"2d518b2\" data-element_type=\"widget\" data-e-type=\"widget\" data-widget_type=\"button.default\">\n\t\t\t\t\t\t\t\t\t\t<a class=\"elementor-button elementor-button-link elementor-size-sm elementor-animation-hang\" href=\"#elementor-action%3Aaction%3Dpopup%3Aopen%26settings%3DeyJpZCI6MTUzMCwidG9nZ2xlIjpmYWxzZX0%3D\">\n\t\t\t\t\t\t<span class=\"elementor-button-content-wrapper\">\n\t\t\t\t\t\t\t\t\t<span class=\"elementor-button-text\">Saber m\u00e1s<\/span>\n\t\t\t\t\t<\/span>\n\t\t\t\t\t<\/a>\n\t\t\t\t\t\t\t\t<\/div>\n\t\t\t\t<\/div>\n\t\t\t\t\t<\/div>\n\t\t\t\t<\/div>\n\t\t<div class=\"elementor-element elementor-element-fc1ac70 e-flex e-con-boxed e-con e-parent\" data-id=\"fc1ac70\" data-element_type=\"container\" data-e-type=\"container\" data-settings=\"{&quot;background_background&quot;:&quot;classic&quot;}\">\n\t\t\t\t\t<div class=\"e-con-inner\">\n\t\t<div class=\"elementor-element elementor-element-9d4ff8c e-con-full e-flex e-con e-child\" data-id=\"9d4ff8c\" data-element_type=\"container\" data-e-type=\"container\">\n\t\t\t\t<div class=\"elementor-element elementor-element-0f27972 elementor-invisible elementor-widget elementor-widget-heading\" data-id=\"0f27972\" data-element_type=\"widget\" data-e-type=\"widget\" data-settings=\"{&quot;_animation&quot;:&quot;fadeIn&quot;}\" data-widget_type=\"heading.default\">\n\t\t\t\t\t<h2 class=\"elementor-heading-title elementor-size-default\">Viajar<\/h2>\t\t\t\t<\/div>\n\t\t\t\t<div class=\"elementor-element elementor-element-ea2980f elementor-widget elementor-widget-text-editor\" data-id=\"ea2980f\" data-element_type=\"widget\" data-e-type=\"widget\" data-widget_type=\"text-editor.default\">\n\t\t\t\t\t\t\t\t\t<p>Para escenarios de viaje, hemos desarrollado soluciones port\u00e1tiles y pr\u00e1cticas de almacenamiento y carga de equipaje, como bolsas de viaje de papel DuPont y bolsas de almacenamiento de tela Oxford, que cuentan con resistencia al agua, ligereza y gran capacidad, lo que hace que el almacenamiento de su viaje sea m\u00e1s organizado y el viaje m\u00e1s conveniente.<\/p>\t\t\t\t\t\t\t\t<\/div>\n\t\t\t\t<div class=\"elementor-element elementor-element-e18b080 elementor-widget elementor-widget-button\" data-id=\"e18b080\" data-element_type=\"widget\" data-e-type=\"widget\" data-widget_type=\"button.default\">\n\t\t\t\t\t\t\t\t\t\t<a class=\"elementor-button elementor-button-link elementor-size-sm elementor-animation-hang\" href=\"#elementor-action%3Aaction%3Dpopup%3Aopen%26settings%3DeyJpZCI6MTUzMCwidG9nZ2xlIjpmYWxzZX0%3D\">\n\t\t\t\t\t\t<span class=\"elementor-button-content-wrapper\">\n\t\t\t\t\t\t\t\t\t<span class=\"elementor-button-text\">Saber m\u00e1s<\/span>\n\t\t\t\t\t<\/span>\n\t\t\t\t\t<\/a>\n\t\t\t\t\t\t\t\t<\/div>\n\t\t\t\t<\/div>\n\t\t\t\t<div class=\"elementor-element elementor-element-159874d elementor-widget__width-initial elementor-widget elementor-widget-image\" data-id=\"159874d\" data-element_type=\"widget\" data-e-type=\"widget\" data-widget_type=\"image.default\">\n\t\t\t\t\t\t\t\t\t\t\t\t\t\t\t<img decoding=\"async\" width=\"1200\" height=\"700\" src=\"https:\/\/www.cnxiangfu.com\/wp-content\/uploads\/2025\/09\/adventure-1839220_1280_WH_1200x700px.jpg\" class=\"attachment-full size-full wp-image-1616\" alt=\"\" srcset=\"https:\/\/www.cnxiangfu.com\/wp-content\/uploads\/2025\/09\/adventure-1839220_1280_WH_1200x700px.jpg 1200w, https:\/\/www.cnxiangfu.com\/wp-content\/uploads\/2025\/09\/adventure-1839220_1280_WH_1200x700px-300x175.jpg 300w, https:\/\/www.cnxiangfu.com\/wp-content\/uploads\/2025\/09\/adventure-1839220_1280_WH_1200x700px-1024x597.jpg 1024w, https:\/\/www.cnxiangfu.com\/wp-content\/uploads\/2025\/09\/adventure-1839220_1280_WH_1200x700px-768x448.jpg 768w, https:\/\/www.cnxiangfu.com\/wp-content\/uploads\/2025\/09\/adventure-1839220_1280_WH_1200x700px-600x350.jpg 600w\" sizes=\"(max-width: 1200px) 100vw, 1200px\" title=\"\">\t\t\t\t\t\t\t\t\t\t\t\t\t\t\t<\/div>\n\t\t\t\t\t<\/div>\n\t\t\t\t<\/div>\n\t\t<div class=\"elementor-element elementor-element-5386513 e-flex e-con-boxed e-con e-parent\" data-id=\"5386513\" data-element_type=\"container\" data-e-type=\"container\">\n\t\t\t\t\t<div class=\"e-con-inner\">\n\t\t\t\t<div class=\"elementor-element elementor-element-14ac784 elementor-widget__width-initial elementor-widget elementor-widget-image\" data-id=\"14ac784\" data-element_type=\"widget\" data-e-type=\"widget\" data-widget_type=\"image.default\">\n\t\t\t\t\t\t\t\t\t\t\t\t\t\t\t<img decoding=\"async\" width=\"1200\" height=\"700\" src=\"https:\/\/www.cnxiangfu.com\/wp-content\/uploads\/2025\/10\/mountains-7846880_1280_WH_1200x700px.jpg\" class=\"attachment-full size-full wp-image-1623\" alt=\"\" srcset=\"https:\/\/www.cnxiangfu.com\/wp-content\/uploads\/2025\/10\/mountains-7846880_1280_WH_1200x700px.jpg 1200w, https:\/\/www.cnxiangfu.com\/wp-content\/uploads\/2025\/10\/mountains-7846880_1280_WH_1200x700px-300x175.jpg 300w, https:\/\/www.cnxiangfu.com\/wp-content\/uploads\/2025\/10\/mountains-7846880_1280_WH_1200x700px-1024x597.jpg 1024w, https:\/\/www.cnxiangfu.com\/wp-content\/uploads\/2025\/10\/mountains-7846880_1280_WH_1200x700px-768x448.jpg 768w, https:\/\/www.cnxiangfu.com\/wp-content\/uploads\/2025\/10\/mountains-7846880_1280_WH_1200x700px-600x350.jpg 600w\" sizes=\"(max-width: 1200px) 100vw, 1200px\" title=\"\">\t\t\t\t\t\t\t\t\t\t\t\t\t\t\t<\/div>\n\t\t<div class=\"elementor-element elementor-element-2312f4c e-con-full e-flex e-con e-child\" data-id=\"2312f4c\" data-element_type=\"container\" data-e-type=\"container\">\n\t\t\t\t<div class=\"elementor-element elementor-element-e43229a elementor-invisible elementor-widget elementor-widget-heading\" data-id=\"e43229a\" data-element_type=\"widget\" data-e-type=\"widget\" data-settings=\"{&quot;_animation&quot;:&quot;fadeIn&quot;}\" data-widget_type=\"heading.default\">\n\t\t\t\t\t<h2 class=\"elementor-heading-title elementor-size-default\">Deportivo<\/h2>\t\t\t\t<\/div>\n\t\t\t\t<div class=\"elementor-element elementor-element-977a8aa elementor-widget elementor-widget-text-editor\" data-id=\"977a8aa\" data-element_type=\"widget\" data-e-type=\"widget\" data-widget_type=\"text-editor.default\">\n\t\t\t\t\t\t\t\t\t<p>En el campo de los deportes, hemos lanzado soluciones profesionales para almacenar y transportar equipos deportivos, incluidas bolsas de deporte con cord\u00f3n y bolsas de almacenamiento deportivo de poli\u00e9ster, que pueden satisfacer las necesidades de almacenamiento y transporte de diversos equipos deportivos. Los materiales son resistentes al desgaste y duraderos, lo que brinda una experiencia conveniente para los entusiastas del deporte. <\/p>\t\t\t\t\t\t\t\t<\/div>\n\t\t\t\t<div class=\"elementor-element elementor-element-17afa0c elementor-widget elementor-widget-button\" data-id=\"17afa0c\" data-element_type=\"widget\" data-e-type=\"widget\" data-widget_type=\"button.default\">\n\t\t\t\t\t\t\t\t\t\t<a class=\"elementor-button elementor-button-link elementor-size-sm elementor-animation-hang\" href=\"#elementor-action%3Aaction%3Dpopup%3Aopen%26settings%3DeyJpZCI6MTUzMCwidG9nZ2xlIjpmYWxzZX0%3D\">\n\t\t\t\t\t\t<span class=\"elementor-button-content-wrapper\">\n\t\t\t\t\t\t\t\t\t<span class=\"elementor-button-text\">Saber m\u00e1s<\/span>\n\t\t\t\t\t<\/span>\n\t\t\t\t\t<\/a>\n\t\t\t\t\t\t\t\t<\/div>\n\t\t\t\t<\/div>\n\t\t\t\t\t<\/div>\n\t\t\t\t<\/div>\n\t\t<div class=\"elementor-element elementor-element-d0c22c0 e-flex e-con-boxed e-con e-parent\" data-id=\"d0c22c0\" data-element_type=\"container\" data-e-type=\"container\" data-settings=\"{&quot;background_background&quot;:&quot;classic&quot;}\">\n\t\t\t\t\t<div class=\"e-con-inner\">\n\t\t<div class=\"elementor-element elementor-element-ee6a7f2 e-con-full e-flex e-con e-child\" data-id=\"ee6a7f2\" data-element_type=\"container\" data-e-type=\"container\">\n\t\t\t\t<div class=\"elementor-element elementor-element-67af50b elementor-invisible elementor-widget elementor-widget-heading\" data-id=\"67af50b\" data-element_type=\"widget\" data-e-type=\"widget\" data-settings=\"{&quot;_animation&quot;:&quot;fadeIn&quot;}\" data-widget_type=\"heading.default\">\n\t\t\t\t\t<h2 class=\"elementor-heading-title elementor-size-default\">Publicidad<\/h2>\t\t\t\t<\/div>\n\t\t\t\t<div class=\"elementor-element elementor-element-e2152ad elementor-widget elementor-widget-text-editor\" data-id=\"e2152ad\" data-element_type=\"widget\" data-e-type=\"widget\" data-widget_type=\"text-editor.default\">\n\t\t\t\t\t\t\t\t\t<p>Para escenarios publicitarios y de marketing, ofrecemos soluciones de bolsas publicitarias personalizadas por la marca. Estas bolsas se pueden dise\u00f1ar e imprimir en funci\u00f3n de la imagen de su marca, presentando la informaci\u00f3n de su marca de forma intuitiva. Combinan la difusi\u00f3n publicitaria con funciones pr\u00e1cticas, facilitando la promoci\u00f3n de la marca y la conversi\u00f3n del tr\u00e1fico.  <\/p>\t\t\t\t\t\t\t\t<\/div>\n\t\t\t\t<div class=\"elementor-element elementor-element-cf57609 elementor-widget elementor-widget-button\" data-id=\"cf57609\" data-element_type=\"widget\" data-e-type=\"widget\" data-widget_type=\"button.default\">\n\t\t\t\t\t\t\t\t\t\t<a class=\"elementor-button elementor-button-link elementor-size-sm elementor-animation-hang\" href=\"#elementor-action%3Aaction%3Dpopup%3Aopen%26settings%3DeyJpZCI6MTUzMCwidG9nZ2xlIjpmYWxzZX0%3D\">\n\t\t\t\t\t\t<span class=\"elementor-button-content-wrapper\">\n\t\t\t\t\t\t\t\t\t<span class=\"elementor-button-text\">Saber m\u00e1s<\/span>\n\t\t\t\t\t<\/span>\n\t\t\t\t\t<\/a>\n\t\t\t\t\t\t\t\t<\/div>\n\t\t\t\t<\/div>\n\t\t\t\t<div class=\"elementor-element elementor-element-8d111d4 elementor-widget__width-initial elementor-widget elementor-widget-image\" data-id=\"8d111d4\" data-element_type=\"widget\" data-e-type=\"widget\" data-widget_type=\"image.default\">\n\t\t\t\t\t\t\t\t\t\t\t\t\t\t\t<img loading=\"lazy\" decoding=\"async\" width=\"1200\" height=\"700\" src=\"https:\/\/www.cnxiangfu.com\/wp-content\/uploads\/2025\/10\/snow-1813157_1280_WH_1200x700px.jpg\" class=\"attachment-full size-full wp-image-1625\" alt=\"\" srcset=\"https:\/\/www.cnxiangfu.com\/wp-content\/uploads\/2025\/10\/snow-1813157_1280_WH_1200x700px.jpg 1200w, https:\/\/www.cnxiangfu.com\/wp-content\/uploads\/2025\/10\/snow-1813157_1280_WH_1200x700px-300x175.jpg 300w, https:\/\/www.cnxiangfu.com\/wp-content\/uploads\/2025\/10\/snow-1813157_1280_WH_1200x700px-1024x597.jpg 1024w, https:\/\/www.cnxiangfu.com\/wp-content\/uploads\/2025\/10\/snow-1813157_1280_WH_1200x700px-768x448.jpg 768w, https:\/\/www.cnxiangfu.com\/wp-content\/uploads\/2025\/10\/snow-1813157_1280_WH_1200x700px-600x350.jpg 600w\" sizes=\"(max-width: 1200px) 100vw, 1200px\" title=\"\">\t\t\t\t\t\t\t\t\t\t\t\t\t\t\t<\/div>\n\t\t\t\t\t<\/div>\n\t\t\t\t<\/div>\n\t\t<div class=\"elementor-element elementor-element-9d7f574 e-flex e-con-boxed e-con e-parent\" data-id=\"9d7f574\" data-element_type=\"container\" data-e-type=\"container\">\n\t\t\t\t\t<div class=\"e-con-inner\">\n\t\t\t\t<div class=\"elementor-element elementor-element-e774c94 elementor-widget__width-initial elementor-widget elementor-widget-image\" data-id=\"e774c94\" data-element_type=\"widget\" data-e-type=\"widget\" data-widget_type=\"image.default\">\n\t\t\t\t\t\t\t\t\t\t\t\t\t\t\t<img loading=\"lazy\" decoding=\"async\" width=\"1200\" height=\"700\" src=\"https:\/\/www.cnxiangfu.com\/wp-content\/uploads\/2025\/10\/seed-paper-bags-7484582_1280_WH_1200x700px.jpg\" class=\"attachment-full size-full wp-image-1624\" alt=\"\" srcset=\"https:\/\/www.cnxiangfu.com\/wp-content\/uploads\/2025\/10\/seed-paper-bags-7484582_1280_WH_1200x700px.jpg 1200w, https:\/\/www.cnxiangfu.com\/wp-content\/uploads\/2025\/10\/seed-paper-bags-7484582_1280_WH_1200x700px-300x175.jpg 300w, https:\/\/www.cnxiangfu.com\/wp-content\/uploads\/2025\/10\/seed-paper-bags-7484582_1280_WH_1200x700px-1024x597.jpg 1024w, https:\/\/www.cnxiangfu.com\/wp-content\/uploads\/2025\/10\/seed-paper-bags-7484582_1280_WH_1200x700px-768x448.jpg 768w, https:\/\/www.cnxiangfu.com\/wp-content\/uploads\/2025\/10\/seed-paper-bags-7484582_1280_WH_1200x700px-600x350.jpg 600w\" sizes=\"(max-width: 1200px) 100vw, 1200px\" title=\"\">\t\t\t\t\t\t\t\t\t\t\t\t\t\t\t<\/div>\n\t\t<div class=\"elementor-element elementor-element-8e0d47e e-con-full e-flex e-con e-child\" data-id=\"8e0d47e\" data-element_type=\"container\" data-e-type=\"container\">\n\t\t\t\t<div class=\"elementor-element elementor-element-8e2031c elementor-invisible elementor-widget elementor-widget-heading\" data-id=\"8e2031c\" data-element_type=\"widget\" data-e-type=\"widget\" data-settings=\"{&quot;_animation&quot;:&quot;fadeIn&quot;}\" data-widget_type=\"heading.default\">\n\t\t\t\t\t<h2 class=\"elementor-heading-title elementor-size-default\">Embalaje<\/h2>\t\t\t\t<\/div>\n\t\t\t\t<div class=\"elementor-element elementor-element-f6a15be elementor-widget elementor-widget-text-editor\" data-id=\"f6a15be\" data-element_type=\"widget\" data-e-type=\"widget\" data-widget_type=\"text-editor.default\">\n\t\t\t\t\t\t\t\t\t<p>En el campo del envasado de productos, ofrecemos una gama completa de soluciones de envasado, que cubren diversas formas de envasado, como bolsas de yute y bolsas de papel kraft lavadas. Podemos personalizar los planes de empaque seg\u00fan las caracter\u00edsticas del producto (como el peso, el material y los escenarios de uso) para garantizar los efectos de transporte y exhibici\u00f3n de los productos. <\/p>\t\t\t\t\t\t\t\t<\/div>\n\t\t\t\t<div class=\"elementor-element elementor-element-3ef2cc8 elementor-widget elementor-widget-button\" data-id=\"3ef2cc8\" data-element_type=\"widget\" data-e-type=\"widget\" data-widget_type=\"button.default\">\n\t\t\t\t\t\t\t\t\t\t<a class=\"elementor-button elementor-button-link elementor-size-sm elementor-animation-hang\" href=\"#elementor-action%3Aaction%3Dpopup%3Aopen%26settings%3DeyJpZCI6MTUzMCwidG9nZ2xlIjpmYWxzZX0%3D\">\n\t\t\t\t\t\t<span class=\"elementor-button-content-wrapper\">\n\t\t\t\t\t\t\t\t\t<span class=\"elementor-button-text\">Saber m\u00e1s<\/span>\n\t\t\t\t\t<\/span>\n\t\t\t\t\t<\/a>\n\t\t\t\t\t\t\t\t<\/div>\n\t\t\t\t<\/div>\n\t\t\t\t\t<\/div>\n\t\t\t\t<\/div>\n\t\t<div class=\"elementor-element elementor-element-a8ba561 e-flex e-con-boxed e-con e-parent\" data-id=\"a8ba561\" data-element_type=\"container\" data-e-type=\"container\" data-settings=\"{&quot;background_background&quot;:&quot;classic&quot;}\">\n\t\t\t\t\t<div class=\"e-con-inner\">\n\t\t<div class=\"elementor-element elementor-element-75efee8 e-con-full e-flex e-con e-child\" data-id=\"75efee8\" data-element_type=\"container\" data-e-type=\"container\">\n\t\t\t\t<div class=\"elementor-element elementor-element-562b131 elementor-invisible elementor-widget elementor-widget-heading\" data-id=\"562b131\" data-element_type=\"widget\" data-e-type=\"widget\" data-settings=\"{&quot;_animation&quot;:&quot;fadeIn&quot;}\" data-widget_type=\"heading.default\">\n\t\t\t\t\t<h2 class=\"elementor-heading-title elementor-size-default\">Almacenamiento<\/h2>\t\t\t\t<\/div>\n\t\t\t\t<div class=\"elementor-element elementor-element-0c77d85 elementor-widget elementor-widget-text-editor\" data-id=\"0c77d85\" data-element_type=\"widget\" data-e-type=\"widget\" data-widget_type=\"text-editor.default\">\n\t\t\t\t\t\t\t\t\t<p>Para las necesidades de almacenamiento, ofrecemos soluciones de bolsas de almacenamiento duraderas, como bolsas tejidas y bolsas de almacenamiento de tela Oxford, que tienen un excelente rendimiento a prueba de humedad y polvo, una gran capacidad de carga y una alta utilizaci\u00f3n del espacio, lo que brinda una protecci\u00f3n confiable para el almacenamiento de sus art\u00edculos.<\/p>\t\t\t\t\t\t\t\t<\/div>\n\t\t\t\t<div class=\"elementor-element elementor-element-f09a355 elementor-widget elementor-widget-button\" data-id=\"f09a355\" data-element_type=\"widget\" data-e-type=\"widget\" data-widget_type=\"button.default\">\n\t\t\t\t\t\t\t\t\t\t<a class=\"elementor-button elementor-button-link elementor-size-sm elementor-animation-hang\" href=\"#elementor-action%3Aaction%3Dpopup%3Aopen%26settings%3DeyJpZCI6MTUzMCwidG9nZ2xlIjpmYWxzZX0%3D\">\n\t\t\t\t\t\t<span class=\"elementor-button-content-wrapper\">\n\t\t\t\t\t\t\t\t\t<span class=\"elementor-button-text\">Saber m\u00e1s<\/span>\n\t\t\t\t\t<\/span>\n\t\t\t\t\t<\/a>\n\t\t\t\t\t\t\t\t<\/div>\n\t\t\t\t<\/div>\n\t\t\t\t<div class=\"elementor-element elementor-element-88d962e elementor-widget__width-initial elementor-widget elementor-widget-image\" data-id=\"88d962e\" data-element_type=\"widget\" data-e-type=\"widget\" data-widget_type=\"image.default\">\n\t\t\t\t\t\t\t\t\t\t\t\t\t\t\t<img loading=\"lazy\" decoding=\"async\" width=\"1200\" height=\"700\" src=\"https:\/\/www.cnxiangfu.com\/wp-content\/uploads\/2025\/10\/baskets-2028298_1280_WH_1200x700px.jpg\" class=\"attachment-full size-full wp-image-1622\" alt=\"\" srcset=\"https:\/\/www.cnxiangfu.com\/wp-content\/uploads\/2025\/10\/baskets-2028298_1280_WH_1200x700px.jpg 1200w, https:\/\/www.cnxiangfu.com\/wp-content\/uploads\/2025\/10\/baskets-2028298_1280_WH_1200x700px-300x175.jpg 300w, https:\/\/www.cnxiangfu.com\/wp-content\/uploads\/2025\/10\/baskets-2028298_1280_WH_1200x700px-1024x597.jpg 1024w, https:\/\/www.cnxiangfu.com\/wp-content\/uploads\/2025\/10\/baskets-2028298_1280_WH_1200x700px-768x448.jpg 768w, https:\/\/www.cnxiangfu.com\/wp-content\/uploads\/2025\/10\/baskets-2028298_1280_WH_1200x700px-600x350.jpg 600w\" sizes=\"(max-width: 1200px) 100vw, 1200px\" title=\"\">\t\t\t\t\t\t\t\t\t\t\t\t\t\t\t<\/div>\n\t\t\t\t\t<\/div>\n\t\t\t\t<\/div>\n\t\t<div class=\"elementor-element elementor-element-5dd093f e-flex e-con-boxed e-con e-parent\" data-id=\"5dd093f\" data-element_type=\"container\" data-e-type=\"container\">\n\t\t\t\t\t<div class=\"e-con-inner\">\n\t\t\t\t<div class=\"elementor-element elementor-element-c4a1f5d elementor-widget__width-initial elementor-widget elementor-widget-image\" data-id=\"c4a1f5d\" data-element_type=\"widget\" data-e-type=\"widget\" data-widget_type=\"image.default\">\n\t\t\t\t\t\t\t\t\t\t\t\t\t\t\t<img loading=\"lazy\" decoding=\"async\" width=\"1200\" height=\"700\" src=\"https:\/\/www.cnxiangfu.com\/wp-content\/uploads\/2025\/10\/bag-81345_1280_WH_1200x700px.jpg\" class=\"attachment-full size-full wp-image-1626\" alt=\"\" srcset=\"https:\/\/www.cnxiangfu.com\/wp-content\/uploads\/2025\/10\/bag-81345_1280_WH_1200x700px.jpg 1200w, https:\/\/www.cnxiangfu.com\/wp-content\/uploads\/2025\/10\/bag-81345_1280_WH_1200x700px-300x175.jpg 300w, https:\/\/www.cnxiangfu.com\/wp-content\/uploads\/2025\/10\/bag-81345_1280_WH_1200x700px-1024x597.jpg 1024w, https:\/\/www.cnxiangfu.com\/wp-content\/uploads\/2025\/10\/bag-81345_1280_WH_1200x700px-768x448.jpg 768w, https:\/\/www.cnxiangfu.com\/wp-content\/uploads\/2025\/10\/bag-81345_1280_WH_1200x700px-600x350.jpg 600w\" sizes=\"(max-width: 1200px) 100vw, 1200px\" title=\"\">\t\t\t\t\t\t\t\t\t\t\t\t\t\t\t<\/div>\n\t\t<div class=\"elementor-element elementor-element-9308181 e-con-full e-flex e-con e-child\" data-id=\"9308181\" data-element_type=\"container\" data-e-type=\"container\">\n\t\t\t\t<div class=\"elementor-element elementor-element-7d6d725 elementor-invisible elementor-widget elementor-widget-heading\" data-id=\"7d6d725\" data-element_type=\"widget\" data-e-type=\"widget\" data-settings=\"{&quot;_animation&quot;:&quot;fadeIn&quot;}\" data-widget_type=\"heading.default\">\n\t\t\t\t\t<h2 class=\"elementor-heading-title elementor-size-default\">Polvo<\/h2>\t\t\t\t<\/div>\n\t\t\t\t<div class=\"elementor-element elementor-element-87ee2ed elementor-widget elementor-widget-text-editor\" data-id=\"87ee2ed\" data-element_type=\"widget\" data-e-type=\"widget\" data-widget_type=\"text-editor.default\">\n\t\t\t\t\t\t\t\t\t<p>En escenarios a prueba de polvo, ofrecemos soluciones profesionales de bolsas a prueba de polvo, fabricadas con materiales con un excelente rendimiento de sellado y excelentes efectos a prueba de polvo. Se pueden usar para proteger varios art\u00edculos como muebles, ropa y herramientas del polvo, manteniendo sus art\u00edculos limpios durante mucho tiempo. <\/p>\t\t\t\t\t\t\t\t<\/div>\n\t\t\t\t<div class=\"elementor-element elementor-element-d0e45a5 elementor-widget elementor-widget-button\" data-id=\"d0e45a5\" data-element_type=\"widget\" data-e-type=\"widget\" data-widget_type=\"button.default\">\n\t\t\t\t\t\t\t\t\t\t<a class=\"elementor-button elementor-button-link elementor-size-sm elementor-animation-hang\" href=\"#elementor-action%3Aaction%3Dpopup%3Aopen%26settings%3DeyJpZCI6MTUzMCwidG9nZ2xlIjpmYWxzZX0%3D\">\n\t\t\t\t\t\t<span class=\"elementor-button-content-wrapper\">\n\t\t\t\t\t\t\t\t\t<span class=\"elementor-button-text\">Saber m\u00e1s<\/span>\n\t\t\t\t\t<\/span>\n\t\t\t\t\t<\/a>\n\t\t\t\t\t\t\t\t<\/div>\n\t\t\t\t<\/div>\n\t\t\t\t\t<\/div>\n\t\t\t\t<\/div>\n\t\t\t\t<\/div>\n\t\t","protected":false},"excerpt":{"rendered":"<p>Soluci\u00f3n Nuestras soluciones est\u00e1n dise\u00f1adas para ofrecer opciones de empaque eficientes y sostenibles en todas las industrias. Ya sea para el servicio de alimentos, el comercio minorista o el comercio electr\u00f3nico, brindamos soluciones de bolsas personalizadas adaptadas a sus necesidades, lo que ayuda a su marca a mejorar su imagen ecol\u00f3gica y su competitividad en [&hellip;]<\/p>\n","protected":false},"author":2,"featured_media":0,"parent":0,"menu_order":0,"comment_status":"closed","ping_status":"closed","template":"","meta":{"_acf_changed":false,"footnotes":""},"class_list":["post-1615","page","type-page","status-publish","hentry"],"acf":[],"_links":{"self":[{"href":"https:\/\/www.cnxiangfu.com\/es\/wp-json\/wp\/v2\/pages\/1615","targetHints":{"allow":["GET"]}}],"collection":[{"href":"https:\/\/www.cnxiangfu.com\/es\/wp-json\/wp\/v2\/pages"}],"about":[{"href":"https:\/\/www.cnxiangfu.com\/es\/wp-json\/wp\/v2\/types\/page"}],"author":[{"embeddable":true,"href":"https:\/\/www.cnxiangfu.com\/es\/wp-json\/wp\/v2\/users\/2"}],"replies":[{"embeddable":true,"href":"https:\/\/www.cnxiangfu.com\/es\/wp-json\/wp\/v2\/comments?post=1615"}],"version-history":[{"count":1,"href":"https:\/\/www.cnxiangfu.com\/es\/wp-json\/wp\/v2\/pages\/1615\/revisions"}],"predecessor-version":[{"id":1627,"href":"https:\/\/www.cnxiangfu.com\/es\/wp-json\/wp\/v2\/pages\/1615\/revisions\/1627"}],"wp:attachment":[{"href":"https:\/\/www.cnxiangfu.com\/es\/wp-json\/wp\/v2\/media?parent=1615"}],"curies":[{"name":"wp","href":"https:\/\/api.w.org\/{rel}","templated":true}]}}