{"id":10227,"date":"2025-12-02T16:56:57","date_gmt":"2025-12-02T08:56:57","guid":{"rendered":"https:\/\/www.cnxiangfu.com\/product\/bolsas-de-lona-personalizadas-bolsas-de-regalo-navidenas-bolsas-de-algodon-bolsas-de-compra-portatiles-bolsas-de-lona-de-un-solo-hombro-hechas-a-medida-con-impresion-de-logotipos\/"},"modified":"2025-12-02T16:56:57","modified_gmt":"2025-12-02T08:56:57","slug":"bolsas-de-lona-personalizadas-bolsas-de-regalo-navidenas-bolsas-de-algodon-bolsas-de-compra-portatiles-bolsas-de-lona-de-un-solo-hombro-hechas-a-medida-con-impresion-de-logotipos","status":"publish","type":"product","link":"https:\/\/www.cnxiangfu.com\/es\/producto\/bolsas-de-lona-personalizadas-bolsas-de-regalo-navidenas-bolsas-de-algodon-bolsas-de-compra-portatiles-bolsas-de-lona-de-un-solo-hombro-hechas-a-medida-con-impresion-de-logotipos\/","title":{"rendered":"Bolsas de lona personalizadas, bolsas de regalo navide\u00f1as, bolsas de algod\u00f3n, bolsas de compra port\u00e1tiles, bolsas de lona de un solo hombro, hechas a medida con impresi\u00f3n de logotipos"},"content":{"rendered":"","protected":false},"excerpt":{"rendered":"","protected":false},"featured_media":10228,"comment_status":"closed","ping_status":"closed","template":"","meta":{"_acf_changed":false},"product_brand":[],"product_cat":[95,69],"product_tag":[],"class_list":{"0":"post-10227","1":"product","2":"type-product","3":"status-publish","4":"has-post-thumbnail","6":"product_cat-bolsas-de-lona-personalizadas","7":"product_cat-sin-categoria","9":"first","10":"onbackorder","11":"shipping-taxable","12":"purchasable","13":"product-type-simple"},"acf":[],"_links":{"self":[{"href":"https:\/\/www.cnxiangfu.com\/es\/wp-json\/wp\/v2\/product\/10227","targetHints":{"allow":["GET"]}}],"collection":[{"href":"https:\/\/www.cnxiangfu.com\/es\/wp-json\/wp\/v2\/product"}],"about":[{"href":"https:\/\/www.cnxiangfu.com\/es\/wp-json\/wp\/v2\/types\/product"}],"replies":[{"embeddable":true,"href":"https:\/\/www.cnxiangfu.com\/es\/wp-json\/wp\/v2\/comments?post=10227"}],"version-history":[{"count":0,"href":"https:\/\/www.cnxiangfu.com\/es\/wp-json\/wp\/v2\/product\/10227\/revisions"}],"wp:featuredmedia":[{"embeddable":true,"href":"https:\/\/www.cnxiangfu.com\/es\/wp-json\/wp\/v2\/media\/10228"}],"wp:attachment":[{"href":"https:\/\/www.cnxiangfu.com\/es\/wp-json\/wp\/v2\/media?parent=10227"}],"wp:term":[{"taxonomy":"product_brand","embeddable":true,"href":"https:\/\/www.cnxiangfu.com\/es\/wp-json\/wp\/v2\/product_brand?post=10227"},{"taxonomy":"product_cat","embeddable":true,"href":"https:\/\/www.cnxiangfu.com\/es\/wp-json\/wp\/v2\/product_cat?post=10227"},{"taxonomy":"product_tag","embeddable":true,"href":"https:\/\/www.cnxiangfu.com\/es\/wp-json\/wp\/v2\/product_tag?post=10227"}],"curies":[{"name":"wp","href":"https:\/\/api.w.org\/{rel}","templated":true}]}}