{"id":10382,"date":"2025-12-02T17:14:55","date_gmt":"2025-12-02T09:14:55","guid":{"rendered":"https:\/\/www.cnxiangfu.com\/product\/creativas-bolsas-de-lona-bolsas-de-algodon-recicladas-a-medida-bolsas-de-algodon-de-10-pulgadas-de-algodon-ecologico\/"},"modified":"2025-12-02T17:14:55","modified_gmt":"2025-12-02T09:14:55","slug":"creativas-bolsas-de-lona-bolsas-de-algodon-recicladas-a-medida-bolsas-de-algodon-de-10-pulgadas-de-algodon-ecologico","status":"publish","type":"product","link":"https:\/\/www.cnxiangfu.com\/es\/producto\/creativas-bolsas-de-lona-bolsas-de-algodon-recicladas-a-medida-bolsas-de-algodon-de-10-pulgadas-de-algodon-ecologico\/","title":{"rendered":"Creativas bolsas de lona, bolsas de algod\u00f3n recicladas a medida, bolsas de algod\u00f3n de 10 pulgadas de algod\u00f3n ecol\u00f3gico"},"content":{"rendered":"","protected":false},"excerpt":{"rendered":"<p>Nombre del producto: Bolso de lona Material: lona<\/p>\n<p>Tama\u00f1o: 35*40*12CM<\/p>\n<p>Estilo: Moda<\/p>\n<p>Provincia: Zhejiang, China<\/p>\n<p>Temporada: Cuatro estaciones<\/p>\n<p> \u00abAplicaci\u00f3n: Viajes<\/p>\n","protected":false},"featured_media":10330,"comment_status":"closed","ping_status":"closed","template":"","meta":{"_acf_changed":false},"product_brand":[],"product_cat":[95,69],"product_tag":[],"class_list":{"0":"post-10382","1":"product","2":"type-product","3":"status-publish","4":"has-post-thumbnail","6":"product_cat-bolsas-de-lona-personalizadas","7":"product_cat-sin-categoria","9":"first","10":"instock","11":"shipping-taxable","12":"purchasable","13":"product-type-simple"},"acf":[],"_links":{"self":[{"href":"https:\/\/www.cnxiangfu.com\/es\/wp-json\/wp\/v2\/product\/10382","targetHints":{"allow":["GET"]}}],"collection":[{"href":"https:\/\/www.cnxiangfu.com\/es\/wp-json\/wp\/v2\/product"}],"about":[{"href":"https:\/\/www.cnxiangfu.com\/es\/wp-json\/wp\/v2\/types\/product"}],"replies":[{"embeddable":true,"href":"https:\/\/www.cnxiangfu.com\/es\/wp-json\/wp\/v2\/comments?post=10382"}],"version-history":[{"count":0,"href":"https:\/\/www.cnxiangfu.com\/es\/wp-json\/wp\/v2\/product\/10382\/revisions"}],"wp:featuredmedia":[{"embeddable":true,"href":"https:\/\/www.cnxiangfu.com\/es\/wp-json\/wp\/v2\/media\/10330"}],"wp:attachment":[{"href":"https:\/\/www.cnxiangfu.com\/es\/wp-json\/wp\/v2\/media?parent=10382"}],"wp:term":[{"taxonomy":"product_brand","embeddable":true,"href":"https:\/\/www.cnxiangfu.com\/es\/wp-json\/wp\/v2\/product_brand?post=10382"},{"taxonomy":"product_cat","embeddable":true,"href":"https:\/\/www.cnxiangfu.com\/es\/wp-json\/wp\/v2\/product_cat?post=10382"},{"taxonomy":"product_tag","embeddable":true,"href":"https:\/\/www.cnxiangfu.com\/es\/wp-json\/wp\/v2\/product_tag?post=10382"}],"curies":[{"name":"wp","href":"https:\/\/api.w.org\/{rel}","templated":true}]}}