{"id":12199,"date":"2025-12-03T13:22:47","date_gmt":"2025-12-03T05:22:47","guid":{"rendered":"https:\/\/www.cnxiangfu.com\/product\/bolso-ecologico-de-lona-ecologica-antipolvo-con-logotipo-personalizado-bolso-de-lona-de-algodon-para-bodas-bolso-de-hombro-de-hombro-de-gran-capacidad-para-la-playa\/"},"modified":"2025-12-03T19:42:39","modified_gmt":"2025-12-03T11:42:39","slug":"bolso-ecologico-de-lona-ecologica-antipolvo-con-logotipo-personalizado-bolso-de-lona-de-algodon-para-bodas-bolso-de-hombro-de-hombro-de-gran-capacidad-para-la-playa","status":"publish","type":"product","link":"https:\/\/www.cnxiangfu.com\/es\/producto\/bolso-ecologico-de-lona-ecologica-antipolvo-con-logotipo-personalizado-bolso-de-lona-de-algodon-para-bodas-bolso-de-hombro-de-hombro-de-gran-capacidad-para-la-playa\/","title":{"rendered":"Bolso ecol\u00f3gico de lona ecol\u00f3gica antipolvo con logotipo personalizado, bolso de lona de algod\u00f3n para bodas, bolso de hombro de hombro de gran capacidad para la playa"},"content":{"rendered":"\t\t<div data-elementor-type=\"product-post\" data-elementor-id=\"12199\" class=\"elementor elementor-12199 elementor-11278\" data-elementor-post-type=\"product\">\n\t\t\t\t<div class=\"elementor-element elementor-element-bedfb32 e-flex e-con-boxed e-con e-parent\" data-id=\"bedfb32\" data-element_type=\"container\" data-e-type=\"container\">\n\t\t\t\t\t<div class=\"e-con-inner\">\n\t\t\t\t<div class=\"elementor-element elementor-element-4f9b4d8 elementor-widget elementor-widget-image\" data-id=\"4f9b4d8\" data-element_type=\"widget\" data-e-type=\"widget\" data-widget_type=\"image.default\">\n\t\t\t\t\t\t\t\t\t\t\t\t\t\t\t<img fetchpriority=\"high\" decoding=\"async\" width=\"800\" height=\"800\" src=\"https:\/\/www.cnxiangfu.com\/wp-content\/uploads\/2025\/12\/6_Ha92e35e9c80d4103af360549a3fbe78fH.jpg\" class=\"attachment-large size-large wp-image-12200\" alt=\"\" srcset=\"https:\/\/www.cnxiangfu.com\/wp-content\/uploads\/2025\/12\/6_Ha92e35e9c80d4103af360549a3fbe78fH.jpg 800w, https:\/\/www.cnxiangfu.com\/wp-content\/uploads\/2025\/12\/6_Ha92e35e9c80d4103af360549a3fbe78fH-300x300.jpg 300w, https:\/\/www.cnxiangfu.com\/wp-content\/uploads\/2025\/12\/6_Ha92e35e9c80d4103af360549a3fbe78fH-150x150.jpg 150w, https:\/\/www.cnxiangfu.com\/wp-content\/uploads\/2025\/12\/6_Ha92e35e9c80d4103af360549a3fbe78fH-768x768.jpg 768w, https:\/\/www.cnxiangfu.com\/wp-content\/uploads\/2025\/12\/6_Ha92e35e9c80d4103af360549a3fbe78fH-650x650.jpg 650w, https:\/\/www.cnxiangfu.com\/wp-content\/uploads\/2025\/12\/6_Ha92e35e9c80d4103af360549a3fbe78fH-600x600.jpg 600w, https:\/\/www.cnxiangfu.com\/wp-content\/uploads\/2025\/12\/6_Ha92e35e9c80d4103af360549a3fbe78fH-100x100.jpg 100w\" sizes=\"(max-width: 800px) 100vw, 800px\" title=\"\">\t\t\t\t\t\t\t\t\t\t\t\t\t\t\t<\/div>\n\t\t\t\t\t<\/div>\n\t\t\t\t<\/div>\n\t\t\t\t<\/div>\n\t\t","protected":false},"excerpt":{"rendered":"<p>Nombre del producto: Bolso de lona Material: lona<\/p>\n<p>Tama\u00f1o: 35*40*12CM<\/p>\n<p>Estilo: Moda<\/p>\n<p>Provincia: Zhejiang, China<\/p>\n<p>Temporada: Cuatro estaciones<\/p>\n<p> \u00abAplicaci\u00f3n: Viajes<\/p>\n","protected":false},"featured_media":11279,"comment_status":"closed","ping_status":"closed","template":"","meta":{"_acf_changed":false},"product_brand":[],"product_cat":[95,69],"product_tag":[],"class_list":{"0":"post-12199","1":"product","2":"type-product","3":"status-publish","4":"has-post-thumbnail","6":"product_cat-bolsas-de-lona-personalizadas","7":"product_cat-sin-categoria","9":"first","10":"onbackorder","11":"shipping-taxable","12":"purchasable","13":"product-type-simple"},"acf":[],"_links":{"self":[{"href":"https:\/\/www.cnxiangfu.com\/es\/wp-json\/wp\/v2\/product\/12199","targetHints":{"allow":["GET"]}}],"collection":[{"href":"https:\/\/www.cnxiangfu.com\/es\/wp-json\/wp\/v2\/product"}],"about":[{"href":"https:\/\/www.cnxiangfu.com\/es\/wp-json\/wp\/v2\/types\/product"}],"replies":[{"embeddable":true,"href":"https:\/\/www.cnxiangfu.com\/es\/wp-json\/wp\/v2\/comments?post=12199"}],"version-history":[{"count":1,"href":"https:\/\/www.cnxiangfu.com\/es\/wp-json\/wp\/v2\/product\/12199\/revisions"}],"predecessor-version":[{"id":12202,"href":"https:\/\/www.cnxiangfu.com\/es\/wp-json\/wp\/v2\/product\/12199\/revisions\/12202"}],"wp:featuredmedia":[{"embeddable":true,"href":"https:\/\/www.cnxiangfu.com\/es\/wp-json\/wp\/v2\/media\/11279"}],"wp:attachment":[{"href":"https:\/\/www.cnxiangfu.com\/es\/wp-json\/wp\/v2\/media?parent=12199"}],"wp:term":[{"taxonomy":"product_brand","embeddable":true,"href":"https:\/\/www.cnxiangfu.com\/es\/wp-json\/wp\/v2\/product_brand?post=12199"},{"taxonomy":"product_cat","embeddable":true,"href":"https:\/\/www.cnxiangfu.com\/es\/wp-json\/wp\/v2\/product_cat?post=12199"},{"taxonomy":"product_tag","embeddable":true,"href":"https:\/\/www.cnxiangfu.com\/es\/wp-json\/wp\/v2\/product_tag?post=12199"}],"curies":[{"name":"wp","href":"https:\/\/api.w.org\/{rel}","templated":true}]}}