{"id":13228,"date":"2025-12-04T17:06:36","date_gmt":"2025-12-04T09:06:36","guid":{"rendered":"https:\/\/www.cnxiangfu.com\/product\/bolso-de-lona-algodon-organico-reutilizable-duradero-y-ecologico-ideal-para-hacer-la-compra-y-hacer-la-compra\/"},"modified":"2025-12-04T17:06:36","modified_gmt":"2025-12-04T09:06:36","slug":"bolso-de-lona-algodon-organico-reutilizable-duradero-y-ecologico-ideal-para-hacer-la-compra-y-hacer-la-compra","status":"publish","type":"product","link":"https:\/\/www.cnxiangfu.com\/es\/producto\/bolso-de-lona-algodon-organico-reutilizable-duradero-y-ecologico-ideal-para-hacer-la-compra-y-hacer-la-compra\/","title":{"rendered":"Bolso de lona, algod\u00f3n org\u00e1nico, reutilizable, duradero y ecol\u00f3gico, ideal para hacer la compra y hacer la compra"},"content":{"rendered":"","protected":false},"excerpt":{"rendered":"<p>Nombre del producto: Bolso de lona Material: lona<\/p>\n<p>Tama\u00f1o: 35*40*12CM<\/p>\n<p>Estilo: Moda<\/p>\n<p>Provincia: Zhejiang, China<\/p>\n<p>Temporada: Cuatro estaciones<\/p>\n<p> \u00abAplicaci\u00f3n: Viajes<\/p>\n","protected":false},"featured_media":13028,"comment_status":"closed","ping_status":"closed","template":"","meta":{"_acf_changed":false},"product_brand":[],"product_cat":[95,69],"product_tag":[],"class_list":{"0":"post-13228","1":"product","2":"type-product","3":"status-publish","4":"has-post-thumbnail","6":"product_cat-bolsas-de-lona-personalizadas","7":"product_cat-sin-categoria","9":"first","10":"onbackorder","11":"shipping-taxable","12":"purchasable","13":"product-type-simple"},"acf":[],"_links":{"self":[{"href":"https:\/\/www.cnxiangfu.com\/es\/wp-json\/wp\/v2\/product\/13228","targetHints":{"allow":["GET"]}}],"collection":[{"href":"https:\/\/www.cnxiangfu.com\/es\/wp-json\/wp\/v2\/product"}],"about":[{"href":"https:\/\/www.cnxiangfu.com\/es\/wp-json\/wp\/v2\/types\/product"}],"replies":[{"embeddable":true,"href":"https:\/\/www.cnxiangfu.com\/es\/wp-json\/wp\/v2\/comments?post=13228"}],"version-history":[{"count":0,"href":"https:\/\/www.cnxiangfu.com\/es\/wp-json\/wp\/v2\/product\/13228\/revisions"}],"wp:featuredmedia":[{"embeddable":true,"href":"https:\/\/www.cnxiangfu.com\/es\/wp-json\/wp\/v2\/media\/13028"}],"wp:attachment":[{"href":"https:\/\/www.cnxiangfu.com\/es\/wp-json\/wp\/v2\/media?parent=13228"}],"wp:term":[{"taxonomy":"product_brand","embeddable":true,"href":"https:\/\/www.cnxiangfu.com\/es\/wp-json\/wp\/v2\/product_brand?post=13228"},{"taxonomy":"product_cat","embeddable":true,"href":"https:\/\/www.cnxiangfu.com\/es\/wp-json\/wp\/v2\/product_cat?post=13228"},{"taxonomy":"product_tag","embeddable":true,"href":"https:\/\/www.cnxiangfu.com\/es\/wp-json\/wp\/v2\/product_tag?post=13228"}],"curies":[{"name":"wp","href":"https:\/\/api.w.org\/{rel}","templated":true}]}}