{"id":13305,"date":"2025-12-04T17:46:19","date_gmt":"2025-12-04T09:46:19","guid":{"rendered":"https:\/\/www.cnxiangfu.com\/product\/bolsas-de-lona-sanwuta-de-24-piezas-a-granel-con-cremallera-bolsas-cosmeticas-de-plastico-de-algodon-de-185-con-asas-bolsas-reutilizables-de-la-compra\/"},"modified":"2025-12-04T17:46:19","modified_gmt":"2025-12-04T09:46:19","slug":"bolsas-de-lona-sanwuta-de-24-piezas-a-granel-con-cremallera-bolsas-cosmeticas-de-plastico-de-algodon-de-185-con-asas-bolsas-reutilizables-de-la-compra","status":"publish","type":"product","link":"https:\/\/www.cnxiangfu.com\/es\/producto\/bolsas-de-lona-sanwuta-de-24-piezas-a-granel-con-cremallera-bolsas-cosmeticas-de-plastico-de-algodon-de-185-con-asas-bolsas-reutilizables-de-la-compra\/","title":{"rendered":"Bolsas de lona Sanwuta de 24 piezas a granel con cremallera Bolsas cosm\u00e9ticas de pl\u00e1stico de algod\u00f3n de 18,5&#8243; con asas Bolsas reutilizables de la compra"},"content":{"rendered":"","protected":false},"excerpt":{"rendered":"<p>Nombre del producto: Bolso de lona Material: lona<\/p>\n<p>Tama\u00f1o: 35*40*12CM<\/p>\n<p>Estilo: Moda<\/p>\n<p>Provincia: Zhejiang, China<\/p>\n<p>Temporada: Cuatro estaciones<\/p>\n<p> \u00abAplicaci\u00f3n: Viajes<\/p>\n","protected":false},"featured_media":13080,"comment_status":"closed","ping_status":"closed","template":"","meta":{"_acf_changed":false},"product_brand":[],"product_cat":[95,69],"product_tag":[],"class_list":{"0":"post-13305","1":"product","2":"type-product","3":"status-publish","4":"has-post-thumbnail","6":"product_cat-bolsas-de-lona-personalizadas","7":"product_cat-sin-categoria","9":"first","10":"onbackorder","11":"shipping-taxable","12":"purchasable","13":"product-type-simple"},"acf":[],"_links":{"self":[{"href":"https:\/\/www.cnxiangfu.com\/es\/wp-json\/wp\/v2\/product\/13305","targetHints":{"allow":["GET"]}}],"collection":[{"href":"https:\/\/www.cnxiangfu.com\/es\/wp-json\/wp\/v2\/product"}],"about":[{"href":"https:\/\/www.cnxiangfu.com\/es\/wp-json\/wp\/v2\/types\/product"}],"replies":[{"embeddable":true,"href":"https:\/\/www.cnxiangfu.com\/es\/wp-json\/wp\/v2\/comments?post=13305"}],"version-history":[{"count":0,"href":"https:\/\/www.cnxiangfu.com\/es\/wp-json\/wp\/v2\/product\/13305\/revisions"}],"wp:featuredmedia":[{"embeddable":true,"href":"https:\/\/www.cnxiangfu.com\/es\/wp-json\/wp\/v2\/media\/13080"}],"wp:attachment":[{"href":"https:\/\/www.cnxiangfu.com\/es\/wp-json\/wp\/v2\/media?parent=13305"}],"wp:term":[{"taxonomy":"product_brand","embeddable":true,"href":"https:\/\/www.cnxiangfu.com\/es\/wp-json\/wp\/v2\/product_brand?post=13305"},{"taxonomy":"product_cat","embeddable":true,"href":"https:\/\/www.cnxiangfu.com\/es\/wp-json\/wp\/v2\/product_cat?post=13305"},{"taxonomy":"product_tag","embeddable":true,"href":"https:\/\/www.cnxiangfu.com\/es\/wp-json\/wp\/v2\/product_tag?post=13305"}],"curies":[{"name":"wp","href":"https:\/\/api.w.org\/{rel}","templated":true}]}}