{"id":20085,"date":"2025-12-20T13:59:44","date_gmt":"2025-12-20T05:59:44","guid":{"rendered":"https:\/\/www.cnxiangfu.com\/?post_type=product&#038;p=20085"},"modified":"2025-12-23T17:36:01","modified_gmt":"2025-12-23T09:36:01","slug":"bolsas-de-cordon-de-algodon-bolsas-de-lino-bolsa-de-sobres-reutilizable-bolsa-vacia-para-regalo-para-fiestas-%e5%a4%8d%e5%88%b6-%e5%a4%8d%e5%88%b6-%e5%a4%8d%e5%88%b6-%e5%a4%8d%e5%88%b6-6","status":"publish","type":"product","link":"https:\/\/www.cnxiangfu.com\/es\/producto\/bolsas-de-cordon-de-algodon-bolsas-de-lino-bolsa-de-sobres-reutilizable-bolsa-vacia-para-regalo-para-fiestas-%e5%a4%8d%e5%88%b6-%e5%a4%8d%e5%88%b6-%e5%a4%8d%e5%88%b6-%e5%a4%8d%e5%88%b6-6\/","title":{"rendered":"Las mejores bolsas de la compra de lona con asas y fundas para botellas &#8211; Cajas de la compra de tela de algod\u00f3n org\u00e1nico, lavables y ecol\u00f3gicas &#8211; Bolsas reutilizables para la compra (3 bolsas)"},"content":{"rendered":"\t\t<div data-elementor-type=\"product-post\" data-elementor-id=\"20085\" class=\"elementor elementor-20085 elementor-20084\" data-elementor-post-type=\"product\">\n\t\t\t\t<div class=\"elementor-element elementor-element-31f5d34 e-flex e-con-boxed e-con e-parent\" data-id=\"31f5d34\" data-element_type=\"container\" data-e-type=\"container\">\n\t\t\t\t\t<div class=\"e-con-inner\">\n\t\t\t\t\t<\/div>\n\t\t\t\t<\/div>\n\t\t\t\t<\/div>\n\t\t","protected":false},"excerpt":{"rendered":"<p>Nombre del producto: Bolso de lona Tama\u00f1o del producto: personalizable<\/p>\n<p>Bolso Tela: Lienzo<\/p>\n<p>Mango: Lienzo<\/p>\n<p>Uso: Viajes, compras, uso diario<\/p>\n","protected":false},"featured_media":6076,"comment_status":"open","ping_status":"closed","template":"","meta":{"_acf_changed":false},"product_brand":[],"product_cat":[95,69],"product_tag":[900,903,1531,1532,1533,985],"class_list":{"0":"post-20085","1":"product","2":"type-product","3":"status-publish","4":"has-post-thumbnail","6":"product_cat-bolsas-de-lona-personalizadas","7":"product_cat-sin-categoria","8":"product_tag-bolsa-de-arpillera","9":"product_tag-bolsa-de-arpillera-con-asas-de-cuero","10":"product_tag-bolsas-de-la-compra-al-por-mayor","11":"product_tag-fabricante-de-bolsas-de-la-compra","12":"product_tag-las-mejores-bolsas-de-la-compra-a-la-venta","13":"product_tag-mejores-bolsas-de-la-compra","15":"first","16":"onbackorder","17":"shipping-taxable","18":"purchasable","19":"product-type-simple"},"acf":[],"_links":{"self":[{"href":"https:\/\/www.cnxiangfu.com\/es\/wp-json\/wp\/v2\/product\/20085","targetHints":{"allow":["GET"]}}],"collection":[{"href":"https:\/\/www.cnxiangfu.com\/es\/wp-json\/wp\/v2\/product"}],"about":[{"href":"https:\/\/www.cnxiangfu.com\/es\/wp-json\/wp\/v2\/types\/product"}],"replies":[{"embeddable":true,"href":"https:\/\/www.cnxiangfu.com\/es\/wp-json\/wp\/v2\/comments?post=20085"}],"version-history":[{"count":2,"href":"https:\/\/www.cnxiangfu.com\/es\/wp-json\/wp\/v2\/product\/20085\/revisions"}],"predecessor-version":[{"id":20117,"href":"https:\/\/www.cnxiangfu.com\/es\/wp-json\/wp\/v2\/product\/20085\/revisions\/20117"}],"wp:featuredmedia":[{"embeddable":true,"href":"https:\/\/www.cnxiangfu.com\/es\/wp-json\/wp\/v2\/media\/6076"}],"wp:attachment":[{"href":"https:\/\/www.cnxiangfu.com\/es\/wp-json\/wp\/v2\/media?parent=20085"}],"wp:term":[{"taxonomy":"product_brand","embeddable":true,"href":"https:\/\/www.cnxiangfu.com\/es\/wp-json\/wp\/v2\/product_brand?post=20085"},{"taxonomy":"product_cat","embeddable":true,"href":"https:\/\/www.cnxiangfu.com\/es\/wp-json\/wp\/v2\/product_cat?post=20085"},{"taxonomy":"product_tag","embeddable":true,"href":"https:\/\/www.cnxiangfu.com\/es\/wp-json\/wp\/v2\/product_tag?post=20085"}],"curies":[{"name":"wp","href":"https:\/\/api.w.org\/{rel}","templated":true}]}}