{"id":23374,"date":"2025-12-26T10:09:34","date_gmt":"2025-12-26T02:09:34","guid":{"rendered":"https:\/\/www.cnxiangfu.com\/?post_type=product&#038;p=23374"},"modified":"2025-12-27T14:38:00","modified_gmt":"2025-12-27T06:38:00","slug":"bolso-de-lona-cosmetica-bolsa-de-maquillaje-multiproposito-con-cremallera-bolsa-de-lona-de-algodon-para-articulos-de-aseo-de-viaje-manualidades-diy-l-beige-%e5%a4%8d%e5%88%b6-%e5%a4%8d-4","status":"publish","type":"product","link":"https:\/\/www.cnxiangfu.com\/es\/producto\/bolso-de-lona-cosmetica-bolsa-de-maquillaje-multiproposito-con-cremallera-bolsa-de-lona-de-algodon-para-articulos-de-aseo-de-viaje-manualidades-diy-l-beige-%e5%a4%8d%e5%88%b6-%e5%a4%8d-4\/","title":{"rendered":"Neceser\u00edn de maquillaje, neceser\u00edn cosm\u00e9tico de yute, bolsa grande con cremallera (10,6&#8243; * 7,1&#8243; * 2,8&#8243;), bolsa de maquillaje de color liso para mujer, perfecta para guardar maquillaje y accesorios, necesera de maquillaje para regalos de viaje diarios"},"content":{"rendered":"\t\t<div data-elementor-type=\"product-post\" data-elementor-id=\"23374\" class=\"elementor elementor-23374 elementor-23373\" data-elementor-post-type=\"product\">\n\t\t\t\t<div class=\"elementor-element elementor-element-31f5d34 e-flex e-con-boxed e-con e-parent\" data-id=\"31f5d34\" data-element_type=\"container\" data-e-type=\"container\">\n\t\t\t\t\t<div class=\"e-con-inner\">\n\t\t\t\t\t<\/div>\n\t\t\t\t<\/div>\n\t\t\t\t<\/div>\n\t\t","protected":false},"excerpt":{"rendered":"<p>Nombre del producto: Bolsa<br \/>\nde yute Tama\u00f1o del producto: personalizable<\/p>\n<p>Bolsa: Material de yute<\/p>\n<p>Asu: cremallera<\/p>\n<p>Uso: Viajes, compras, uso diario<\/p>\n","protected":false},"featured_media":6076,"comment_status":"open","ping_status":"closed","template":"","meta":{"_acf_changed":false},"product_brand":[],"product_cat":[95,69],"product_tag":[900,903,899,905,902,901,904,906],"class_list":{"0":"post-23374","1":"product","2":"type-product","3":"status-publish","4":"has-post-thumbnail","6":"product_cat-bolsas-de-lona-personalizadas","7":"product_cat-sin-categoria","8":"product_tag-bolsa-de-arpillera","9":"product_tag-bolsa-de-arpillera-con-asas-de-cuero","10":"product_tag-bolsas-de-arpillera-a-granel","11":"product_tag-bolsas-de-arpillera-a-la-venta","12":"product_tag-bolsas-de-arpillera-al-por-mayor","13":"product_tag-bolsas-de-arpillera-ustom","14":"product_tag-bolsas-de-regalo-de-arpillera","15":"product_tag-bolso-de-arpillera","17":"first","18":"onbackorder","19":"shipping-taxable","20":"purchasable","21":"product-type-simple"},"acf":[],"_links":{"self":[{"href":"https:\/\/www.cnxiangfu.com\/es\/wp-json\/wp\/v2\/product\/23374","targetHints":{"allow":["GET"]}}],"collection":[{"href":"https:\/\/www.cnxiangfu.com\/es\/wp-json\/wp\/v2\/product"}],"about":[{"href":"https:\/\/www.cnxiangfu.com\/es\/wp-json\/wp\/v2\/types\/product"}],"replies":[{"embeddable":true,"href":"https:\/\/www.cnxiangfu.com\/es\/wp-json\/wp\/v2\/comments?post=23374"}],"version-history":[{"count":2,"href":"https:\/\/www.cnxiangfu.com\/es\/wp-json\/wp\/v2\/product\/23374\/revisions"}],"predecessor-version":[{"id":23911,"href":"https:\/\/www.cnxiangfu.com\/es\/wp-json\/wp\/v2\/product\/23374\/revisions\/23911"}],"wp:featuredmedia":[{"embeddable":true,"href":"https:\/\/www.cnxiangfu.com\/es\/wp-json\/wp\/v2\/media\/6076"}],"wp:attachment":[{"href":"https:\/\/www.cnxiangfu.com\/es\/wp-json\/wp\/v2\/media?parent=23374"}],"wp:term":[{"taxonomy":"product_brand","embeddable":true,"href":"https:\/\/www.cnxiangfu.com\/es\/wp-json\/wp\/v2\/product_brand?post=23374"},{"taxonomy":"product_cat","embeddable":true,"href":"https:\/\/www.cnxiangfu.com\/es\/wp-json\/wp\/v2\/product_cat?post=23374"},{"taxonomy":"product_tag","embeddable":true,"href":"https:\/\/www.cnxiangfu.com\/es\/wp-json\/wp\/v2\/product_tag?post=23374"}],"curies":[{"name":"wp","href":"https:\/\/api.w.org\/{rel}","templated":true}]}}