{"id":24824,"date":"2025-12-28T09:12:41","date_gmt":"2025-12-28T01:12:41","guid":{"rendered":"https:\/\/www.cnxiangfu.com\/?post_type=product&#038;p=24824"},"modified":"2025-12-28T09:17:47","modified_gmt":"2025-12-28T01:17:47","slug":"bolso-de-regalo-de-lona-bolso-de-lona-mono-bolso-reutilizable-de-la-compra-bolso-de-regalo-floral-bolsa-de-la-compra-corazon-de-amor-%e5%a4%8d%e5%88%b6","status":"publish","type":"product","link":"https:\/\/www.cnxiangfu.com\/es\/producto\/bolso-de-regalo-de-lona-bolso-de-lona-mono-bolso-reutilizable-de-la-compra-bolso-de-regalo-floral-bolsa-de-la-compra-corazon-de-amor-%e5%a4%8d%e5%88%b6\/","title":{"rendered":"Mochila de lona de algod\u00f3n con cord\u00f3n Mochila Mochila de gimnasio Mochila deportiva Mochila de cord\u00f3n Mochila mochila pack-2, blanca"},"content":{"rendered":"\t\t<div data-elementor-type=\"product-post\" data-elementor-id=\"24824\" class=\"elementor elementor-24824 elementor-24823\" data-elementor-post-type=\"product\">\n\t\t\t\t<div class=\"elementor-element elementor-element-31f5d34 e-flex e-con-boxed e-con e-parent\" data-id=\"31f5d34\" data-element_type=\"container\" data-e-type=\"container\">\n\t\t\t\t\t<div class=\"e-con-inner\">\n\t\t\t\t\t<\/div>\n\t\t\t\t<\/div>\n\t\t\t\t<\/div>\n\t\t","protected":false},"excerpt":{"rendered":"<p>Nombre del producto: Bolso de lona con cord\u00f3n Tama\u00f1o del producto: personalizable<\/p>\n<p>Bolso Tela: Lienzo<\/p>\n<p>Mango: Lienzo<\/p>\n<p>Uso: Viajes, compras, uso diario<\/p>\n","protected":false},"featured_media":6076,"comment_status":"open","ping_status":"closed","template":"","meta":{"_acf_changed":false},"product_brand":[],"product_cat":[90,95,69],"product_tag":[900,903,899,905,902,901,904,906],"class_list":{"0":"post-24824","1":"product","2":"type-product","3":"status-publish","4":"has-post-thumbnail","6":"product_cat-bolsa-con-cordon","7":"product_cat-bolsas-de-lona-personalizadas","8":"product_cat-sin-categoria","9":"product_tag-bolsa-de-arpillera","10":"product_tag-bolsa-de-arpillera-con-asas-de-cuero","11":"product_tag-bolsas-de-arpillera-a-granel","12":"product_tag-bolsas-de-arpillera-a-la-venta","13":"product_tag-bolsas-de-arpillera-al-por-mayor","14":"product_tag-bolsas-de-arpillera-ustom","15":"product_tag-bolsas-de-regalo-de-arpillera","16":"product_tag-bolso-de-arpillera","18":"first","19":"onbackorder","20":"shipping-taxable","21":"purchasable","22":"product-type-simple"},"acf":[],"_links":{"self":[{"href":"https:\/\/www.cnxiangfu.com\/es\/wp-json\/wp\/v2\/product\/24824","targetHints":{"allow":["GET"]}}],"collection":[{"href":"https:\/\/www.cnxiangfu.com\/es\/wp-json\/wp\/v2\/product"}],"about":[{"href":"https:\/\/www.cnxiangfu.com\/es\/wp-json\/wp\/v2\/types\/product"}],"replies":[{"embeddable":true,"href":"https:\/\/www.cnxiangfu.com\/es\/wp-json\/wp\/v2\/comments?post=24824"}],"version-history":[{"count":3,"href":"https:\/\/www.cnxiangfu.com\/es\/wp-json\/wp\/v2\/product\/24824\/revisions"}],"predecessor-version":[{"id":24903,"href":"https:\/\/www.cnxiangfu.com\/es\/wp-json\/wp\/v2\/product\/24824\/revisions\/24903"}],"wp:featuredmedia":[{"embeddable":true,"href":"https:\/\/www.cnxiangfu.com\/es\/wp-json\/wp\/v2\/media\/6076"}],"wp:attachment":[{"href":"https:\/\/www.cnxiangfu.com\/es\/wp-json\/wp\/v2\/media?parent=24824"}],"wp:term":[{"taxonomy":"product_brand","embeddable":true,"href":"https:\/\/www.cnxiangfu.com\/es\/wp-json\/wp\/v2\/product_brand?post=24824"},{"taxonomy":"product_cat","embeddable":true,"href":"https:\/\/www.cnxiangfu.com\/es\/wp-json\/wp\/v2\/product_cat?post=24824"},{"taxonomy":"product_tag","embeddable":true,"href":"https:\/\/www.cnxiangfu.com\/es\/wp-json\/wp\/v2\/product_tag?post=24824"}],"curies":[{"name":"wp","href":"https:\/\/api.w.org\/{rel}","templated":true}]}}