{"id":25038,"date":"2025-12-28T11:05:29","date_gmt":"2025-12-28T03:05:29","guid":{"rendered":"https:\/\/www.cnxiangfu.com\/?post_type=product&#038;p=25038"},"modified":"2026-03-01T17:23:15","modified_gmt":"2026-03-01T09:23:15","slug":"mochila-de-lona-de-algodon-con-cordon-mochila-mochila-de-gimnasio-mochila-deportiva-mochila-de-cordon-mochila-mochila-pack-2-blanca-%e5%a4%8d%e5%88%b6-%e5%a4%8d%e5%88%b6","status":"publish","type":"product","link":"https:\/\/www.cnxiangfu.com\/es\/producto\/mochila-de-lona-de-algodon-con-cordon-mochila-mochila-de-gimnasio-mochila-deportiva-mochila-de-cordon-mochila-mochila-pack-2-blanca-%e5%a4%8d%e5%88%b6-%e5%a4%8d%e5%88%b6\/","title":{"rendered":"Bolsa de cubo de lona multiusos, organizador de herramientas para cami\u00f3n con gancho met\u00e1lico de pl\u00e1stico en el fondo para accesorios de tienda, capacidad de carga de hasta 150 libras (blanco)"},"content":{"rendered":"\t\t<div data-elementor-type=\"product-post\" data-elementor-id=\"25038\" class=\"elementor elementor-25038 elementor-25037\" data-elementor-post-type=\"product\">\n\t\t\t\t<div class=\"elementor-element elementor-element-31f5d34 e-flex e-con-boxed e-con e-parent\" data-id=\"31f5d34\" data-element_type=\"container\" data-e-type=\"container\">\n\t\t\t\t\t<div class=\"e-con-inner\">\n\t\t\t\t\t<\/div>\n\t\t\t\t<\/div>\n\t\t\t\t<\/div>\n\t\t","protected":false},"excerpt":{"rendered":"<p>Nombre del producto: Bolso de lona Tama\u00f1o del producto: personalizable<\/p>\n<p>Bolso Tela: Lienzo<\/p>\n<p>Mango: Lienzo<\/p>\n<p>Uso: Viajes, compras, uso diario<\/p>\n","protected":false},"featured_media":6076,"comment_status":"open","ping_status":"closed","template":"","meta":{"_acf_changed":false},"product_brand":[],"product_cat":[90,95,69],"product_tag":[3336,3351,3357,3359,3355,3360],"class_list":{"0":"post-25038","1":"product","2":"type-product","3":"status-publish","4":"has-post-thumbnail","6":"product_cat-bolsa-con-cordon","7":"product_cat-bolsas-de-lona-personalizadas","8":"product_cat-sin-categoria","9":"product_tag-bolsa-de-herramientas-de-cubo-de-lona","10":"product_tag-bolsa-de-herramientas-de-lona-blanca","11":"product_tag-bolsa-de-herramientas-de-lona-resistente","12":"product_tag-cubo-de-herramientas-blanco-resistente","13":"product_tag-cubo-de-herramientas-de-lona","14":"product_tag-organizador-de-herramientas-blanco-para-camion-de-cubo","16":"first","17":"onbackorder","18":"shipping-taxable","19":"purchasable","20":"product-type-simple"},"acf":[],"_links":{"self":[{"href":"https:\/\/www.cnxiangfu.com\/es\/wp-json\/wp\/v2\/product\/25038","targetHints":{"allow":["GET"]}}],"collection":[{"href":"https:\/\/www.cnxiangfu.com\/es\/wp-json\/wp\/v2\/product"}],"about":[{"href":"https:\/\/www.cnxiangfu.com\/es\/wp-json\/wp\/v2\/types\/product"}],"replies":[{"embeddable":true,"href":"https:\/\/www.cnxiangfu.com\/es\/wp-json\/wp\/v2\/comments?post=25038"}],"version-history":[{"count":2,"href":"https:\/\/www.cnxiangfu.com\/es\/wp-json\/wp\/v2\/product\/25038\/revisions"}],"predecessor-version":[{"id":25815,"href":"https:\/\/www.cnxiangfu.com\/es\/wp-json\/wp\/v2\/product\/25038\/revisions\/25815"}],"wp:featuredmedia":[{"embeddable":true,"href":"https:\/\/www.cnxiangfu.com\/es\/wp-json\/wp\/v2\/media\/6076"}],"wp:attachment":[{"href":"https:\/\/www.cnxiangfu.com\/es\/wp-json\/wp\/v2\/media?parent=25038"}],"wp:term":[{"taxonomy":"product_brand","embeddable":true,"href":"https:\/\/www.cnxiangfu.com\/es\/wp-json\/wp\/v2\/product_brand?post=25038"},{"taxonomy":"product_cat","embeddable":true,"href":"https:\/\/www.cnxiangfu.com\/es\/wp-json\/wp\/v2\/product_cat?post=25038"},{"taxonomy":"product_tag","embeddable":true,"href":"https:\/\/www.cnxiangfu.com\/es\/wp-json\/wp\/v2\/product_tag?post=25038"}],"curies":[{"name":"wp","href":"https:\/\/api.w.org\/{rel}","templated":true}]}}