{"id":25132,"date":"2025-12-28T15:11:43","date_gmt":"2025-12-28T07:11:43","guid":{"rendered":"https:\/\/www.cnxiangfu.com\/?post_type=product&#038;p=25132"},"modified":"2026-02-24T12:22:41","modified_gmt":"2026-02-24T04:22:41","slug":"mochila-de-lona-de-algodon-con-cordon-mochila-mochila-de-gimnasio-mochila-deportiva-mochila-de-cordon-mochila-mochila-pack-2-blanca-%e5%a4%8d%e5%88%b6-%e5%a4%8d%e5%88%b6-%e5%a4%8d%e5%88%b6-5","status":"publish","type":"product","link":"https:\/\/www.cnxiangfu.com\/es\/producto\/mochila-de-lona-de-algodon-con-cordon-mochila-mochila-de-gimnasio-mochila-deportiva-mochila-de-cordon-mochila-mochila-pack-2-blanca-%e5%a4%8d%e5%88%b6-%e5%a4%8d%e5%88%b6-%e5%a4%8d%e5%88%b6-5\/","title":{"rendered":"Bolso peque\u00f1o de lona, bolsas de regalo de 6 colores para fiestas, cumplea\u00f1os, Navidad, impresi\u00f3n DIY"},"content":{"rendered":"\t\t<div data-elementor-type=\"product-post\" data-elementor-id=\"25132\" class=\"elementor elementor-25132 elementor-25131\" data-elementor-post-type=\"product\">\n\t\t\t\t<div class=\"elementor-element elementor-element-31f5d34 e-flex e-con-boxed e-con e-parent\" data-id=\"31f5d34\" data-element_type=\"container\" data-e-type=\"container\">\n\t\t\t\t\t<div class=\"e-con-inner\">\n\t\t\t\t\t<\/div>\n\t\t\t\t<\/div>\n\t\t\t\t<\/div>\n\t\t","protected":false},"excerpt":{"rendered":"<p>Nombre del producto: Bolso de lona Tama\u00f1o del producto: personalizable<\/p>\n<p>Bolso Tela: Lienzo<\/p>\n<p>Mango: Lienzo<\/p>\n<p>Uso: Viajes, compras, uso diario<\/p>\n","protected":false},"featured_media":6076,"comment_status":"open","ping_status":"closed","template":"","meta":{"_acf_changed":false},"product_brand":[],"product_cat":[90,95,69],"product_tag":[3163,3162,3164,1403,3167,3166,3165],"class_list":{"0":"post-25132","1":"product","2":"type-product","3":"status-publish","4":"has-post-thumbnail","6":"product_cat-bolsa-con-cordon","7":"product_cat-bolsas-de-lona-personalizadas","8":"product_cat-sin-categoria","9":"product_tag-el-bolso-pequeno-de-lona","10":"product_tag-pequena-bolsa-de-lona","11":"product_tag-pequena-bolsa-de-lona-con-cremallera-2","12":"product_tag-pequenas-bolsas-de-lona","13":"product_tag-pequenas-bolsas-de-lona-al-por-mayor","14":"product_tag-pequenas-bolsas-de-lona-para-mujeres","15":"product_tag-pequenas-bolsas-tote-de-lona","17":"first","18":"onbackorder","19":"shipping-taxable","20":"purchasable","21":"product-type-simple"},"acf":[],"_links":{"self":[{"href":"https:\/\/www.cnxiangfu.com\/es\/wp-json\/wp\/v2\/product\/25132","targetHints":{"allow":["GET"]}}],"collection":[{"href":"https:\/\/www.cnxiangfu.com\/es\/wp-json\/wp\/v2\/product"}],"about":[{"href":"https:\/\/www.cnxiangfu.com\/es\/wp-json\/wp\/v2\/types\/product"}],"replies":[{"embeddable":true,"href":"https:\/\/www.cnxiangfu.com\/es\/wp-json\/wp\/v2\/comments?post=25132"}],"version-history":[{"count":2,"href":"https:\/\/www.cnxiangfu.com\/es\/wp-json\/wp\/v2\/product\/25132\/revisions"}],"predecessor-version":[{"id":26037,"href":"https:\/\/www.cnxiangfu.com\/es\/wp-json\/wp\/v2\/product\/25132\/revisions\/26037"}],"wp:featuredmedia":[{"embeddable":true,"href":"https:\/\/www.cnxiangfu.com\/es\/wp-json\/wp\/v2\/media\/6076"}],"wp:attachment":[{"href":"https:\/\/www.cnxiangfu.com\/es\/wp-json\/wp\/v2\/media?parent=25132"}],"wp:term":[{"taxonomy":"product_brand","embeddable":true,"href":"https:\/\/www.cnxiangfu.com\/es\/wp-json\/wp\/v2\/product_brand?post=25132"},{"taxonomy":"product_cat","embeddable":true,"href":"https:\/\/www.cnxiangfu.com\/es\/wp-json\/wp\/v2\/product_cat?post=25132"},{"taxonomy":"product_tag","embeddable":true,"href":"https:\/\/www.cnxiangfu.com\/es\/wp-json\/wp\/v2\/product_tag?post=25132"}],"curies":[{"name":"wp","href":"https:\/\/api.w.org\/{rel}","templated":true}]}}