{"id":25285,"date":"2025-12-29T09:07:14","date_gmt":"2025-12-29T01:07:14","guid":{"rendered":"https:\/\/www.cnxiangfu.com\/?post_type=product&#038;p=25285"},"modified":"2026-02-01T18:50:45","modified_gmt":"2026-02-01T10:50:45","slug":"mochila-de-lona-de-algodon-con-cordon-mochila-mochila-de-gimnasio-mochila-deportiva-mochila-de-cordon-mochila-mochila-pack-2-blanca-%e5%a4%8d%e5%88%b6-%e5%a4%8d%e5%88%b6-%e5%a4%8d%e5%88%b6-9","status":"publish","type":"product","link":"https:\/\/www.cnxiangfu.com\/es\/producto\/mochila-de-lona-de-algodon-con-cordon-mochila-mochila-de-gimnasio-mochila-deportiva-mochila-de-cordon-mochila-mochila-pack-2-blanca-%e5%a4%8d%e5%88%b6-%e5%a4%8d%e5%88%b6-%e5%a4%8d%e5%88%b6-9\/","title":{"rendered":"Juego de 12 mochilas de lona de algod\u00f3n duraderas con cord\u00f3n (peque\u00f1as (14&#8243; de ancho x 16&#8243; de alto))"},"content":{"rendered":"\t\t<div data-elementor-type=\"product-post\" data-elementor-id=\"25285\" class=\"elementor elementor-25285 elementor-25284\" data-elementor-post-type=\"product\">\n\t\t\t\t<div class=\"elementor-element elementor-element-31f5d34 e-flex e-con-boxed e-con e-parent\" data-id=\"31f5d34\" data-element_type=\"container\" data-e-type=\"container\">\n\t\t\t\t\t<div class=\"e-con-inner\">\n\t\t\t\t\t<\/div>\n\t\t\t\t<\/div>\n\t\t\t\t<\/div>\n\t\t","protected":false},"excerpt":{"rendered":"<p>Nombre del producto: Bolso de lona Tama\u00f1o del producto: personalizable<\/p>\n<p>Bolso Tela: Lienzo<\/p>\n<p>Asu\u00f1a: Algod\u00f3n<\/p>\n<p>Uso: Viajes, compras, uso diario<\/p>\n","protected":false},"featured_media":6076,"comment_status":"open","ping_status":"closed","template":"","meta":{"_acf_changed":false},"product_brand":[],"product_cat":[90,95,69],"product_tag":[2953,2958,2952,2956,2957,2954,2955],"class_list":{"0":"post-25285","1":"product","2":"type-product","3":"status-publish","4":"has-post-thumbnail","6":"product_cat-bolsa-con-cordon","7":"product_cat-bolsas-de-lona-personalizadas","8":"product_cat-sin-categoria","9":"product_tag-bolsa-de-lona-con-cordon","10":"product_tag-bolsas-de-lona-al-por-mayor-4","11":"product_tag-bolsas-de-lona-con-cordon","12":"product_tag-bolsas-de-lona-con-cordon-a-granel","13":"product_tag-bolsas-de-lona-personalizadas-con-cordon","14":"product_tag-bolso-de-lona-con-cordon","15":"product_tag-pequenas-bolsas-de-lona-con-cordon","17":"first","18":"onbackorder","19":"shipping-taxable","20":"purchasable","21":"product-type-simple"},"acf":[],"_links":{"self":[{"href":"https:\/\/www.cnxiangfu.com\/es\/wp-json\/wp\/v2\/product\/25285","targetHints":{"allow":["GET"]}}],"collection":[{"href":"https:\/\/www.cnxiangfu.com\/es\/wp-json\/wp\/v2\/product"}],"about":[{"href":"https:\/\/www.cnxiangfu.com\/es\/wp-json\/wp\/v2\/types\/product"}],"replies":[{"embeddable":true,"href":"https:\/\/www.cnxiangfu.com\/es\/wp-json\/wp\/v2\/comments?post=25285"}],"version-history":[{"count":2,"href":"https:\/\/www.cnxiangfu.com\/es\/wp-json\/wp\/v2\/product\/25285\/revisions"}],"predecessor-version":[{"id":26283,"href":"https:\/\/www.cnxiangfu.com\/es\/wp-json\/wp\/v2\/product\/25285\/revisions\/26283"}],"wp:featuredmedia":[{"embeddable":true,"href":"https:\/\/www.cnxiangfu.com\/es\/wp-json\/wp\/v2\/media\/6076"}],"wp:attachment":[{"href":"https:\/\/www.cnxiangfu.com\/es\/wp-json\/wp\/v2\/media?parent=25285"}],"wp:term":[{"taxonomy":"product_brand","embeddable":true,"href":"https:\/\/www.cnxiangfu.com\/es\/wp-json\/wp\/v2\/product_brand?post=25285"},{"taxonomy":"product_cat","embeddable":true,"href":"https:\/\/www.cnxiangfu.com\/es\/wp-json\/wp\/v2\/product_cat?post=25285"},{"taxonomy":"product_tag","embeddable":true,"href":"https:\/\/www.cnxiangfu.com\/es\/wp-json\/wp\/v2\/product_tag?post=25285"}],"curies":[{"name":"wp","href":"https:\/\/api.w.org\/{rel}","templated":true}]}}