{"id":25340,"date":"2025-12-29T09:20:47","date_gmt":"2025-12-29T01:20:47","guid":{"rendered":"https:\/\/www.cnxiangfu.com\/?post_type=product&#038;p=25340"},"modified":"2026-02-01T17:52:03","modified_gmt":"2026-02-01T09:52:03","slug":"mochila-de-lona-de-algodon-con-cordon-mochila-mochila-de-gimnasio-mochila-deportiva-mochila-de-cordon-mochila-mochila-pack-2-blanca-%e5%a4%8d%e5%88%b6-%e5%a4%8d%e5%88%b6-%e5%a4%8d%e5%88%b6-12","status":"publish","type":"product","link":"https:\/\/www.cnxiangfu.com\/es\/producto\/mochila-de-lona-de-algodon-con-cordon-mochila-mochila-de-gimnasio-mochila-deportiva-mochila-de-cordon-mochila-mochila-pack-2-blanca-%e5%a4%8d%e5%88%b6-%e5%a4%8d%e5%88%b6-%e5%a4%8d%e5%88%b6-12\/","title":{"rendered":"Bolsa de maquillaje con cord\u00f3n para mujer, bolsitas para guardar joyas, bolsas de franela para fiesta de Navidad"},"content":{"rendered":"\t\t<div data-elementor-type=\"product-post\" data-elementor-id=\"25340\" class=\"elementor elementor-25340 elementor-25339\" data-elementor-post-type=\"product\">\n\t\t\t\t<div class=\"elementor-element elementor-element-31f5d34 e-flex e-con-boxed e-con e-parent\" data-id=\"31f5d34\" data-element_type=\"container\" data-e-type=\"container\">\n\t\t\t\t\t<div class=\"e-con-inner\">\n\t\t\t\t\t<\/div>\n\t\t\t\t<\/div>\n\t\t\t\t<\/div>\n\t\t","protected":false},"excerpt":{"rendered":"<p>Nombre del producto: Malet\u00edn de maquillaje con cord\u00f3n Tama\u00f1o del producto: personalizable<\/p>\n<p>Bolso Tela: Franela<\/p>\n<p>Asu: algod\u00f3n<\/p>\n<p>Uso: Viajes, compras, uso diario<\/p>\n","protected":false},"featured_media":6076,"comment_status":"open","ping_status":"closed","template":"","meta":{"_acf_changed":false},"product_brand":[],"product_cat":[90,112],"product_tag":[2885,2881,2879,2880,2884,2883,2882],"class_list":{"0":"post-25340","1":"product","2":"type-product","3":"status-publish","4":"has-post-thumbnail","6":"product_cat-bolsa-con-cordon","7":"product_cat-bolsa-con-cordon-personalizada","8":"product_tag-bolsas-con-cordon-a-granel-personalizadas","9":"product_tag-bolsas-de-cordon-personalizadas","10":"product_tag-bolsas-para-la-fiesta-de-navidad-de-la-boda","11":"product_tag-bolsas-personalizadas-con-cordon","12":"product_tag-bolsas-personalizadas-con-cordon-a-granel","13":"product_tag-bolsas-personalizadas-con-cordon-al-por-mayor","14":"product_tag-bolso-de-cordon-impreso-a-medida","16":"first","17":"onbackorder","18":"shipping-taxable","19":"purchasable","20":"product-type-simple"},"acf":[],"_links":{"self":[{"href":"https:\/\/www.cnxiangfu.com\/es\/wp-json\/wp\/v2\/product\/25340","targetHints":{"allow":["GET"]}}],"collection":[{"href":"https:\/\/www.cnxiangfu.com\/es\/wp-json\/wp\/v2\/product"}],"about":[{"href":"https:\/\/www.cnxiangfu.com\/es\/wp-json\/wp\/v2\/types\/product"}],"replies":[{"embeddable":true,"href":"https:\/\/www.cnxiangfu.com\/es\/wp-json\/wp\/v2\/comments?post=25340"}],"version-history":[{"count":2,"href":"https:\/\/www.cnxiangfu.com\/es\/wp-json\/wp\/v2\/product\/25340\/revisions"}],"predecessor-version":[{"id":26177,"href":"https:\/\/www.cnxiangfu.com\/es\/wp-json\/wp\/v2\/product\/25340\/revisions\/26177"}],"wp:featuredmedia":[{"embeddable":true,"href":"https:\/\/www.cnxiangfu.com\/es\/wp-json\/wp\/v2\/media\/6076"}],"wp:attachment":[{"href":"https:\/\/www.cnxiangfu.com\/es\/wp-json\/wp\/v2\/media?parent=25340"}],"wp:term":[{"taxonomy":"product_brand","embeddable":true,"href":"https:\/\/www.cnxiangfu.com\/es\/wp-json\/wp\/v2\/product_brand?post=25340"},{"taxonomy":"product_cat","embeddable":true,"href":"https:\/\/www.cnxiangfu.com\/es\/wp-json\/wp\/v2\/product_cat?post=25340"},{"taxonomy":"product_tag","embeddable":true,"href":"https:\/\/www.cnxiangfu.com\/es\/wp-json\/wp\/v2\/product_tag?post=25340"}],"curies":[{"name":"wp","href":"https:\/\/api.w.org\/{rel}","templated":true}]}}