{"id":26953,"date":"2025-12-30T10:25:57","date_gmt":"2025-12-30T02:25:57","guid":{"rendered":"https:\/\/www.cnxiangfu.com\/?post_type=product&#038;p=26953"},"modified":"2026-01-21T14:57:48","modified_gmt":"2026-01-21T06:57:48","slug":"juego-de-12-mochilas-de-lona-de-algodon-duraderas-con-cordon-pequenas-14-de-ancho-x-16-de-alto-%e5%a4%8d%e5%88%b6-%e5%a4%8d%e5%88%b6","status":"publish","type":"product","link":"https:\/\/www.cnxiangfu.com\/es\/producto\/juego-de-12-mochilas-de-lona-de-algodon-duraderas-con-cordon-pequenas-14-de-ancho-x-16-de-alto-%e5%a4%8d%e5%88%b6-%e5%a4%8d%e5%88%b6\/","title":{"rendered":"Bolso de lienzo en blanco Bolso con cremallera Bolsas de maquillaje a granel &#8211; Bolsillo multiusos para l\u00e1piz de lona con cremallera resistente, Bolsa de cosm\u00e9ticos para viajes de art\u00edculos de aseo para proyectos manuales DIY, Almacenamiento (8,3 x 5 pulgadas)"},"content":{"rendered":"\t\t<div data-elementor-type=\"product-post\" data-elementor-id=\"26953\" class=\"elementor elementor-26953 elementor-26952\" data-elementor-post-type=\"product\">\n\t\t\t\t<div class=\"elementor-element elementor-element-31f5d34 e-flex e-con-boxed e-con e-parent\" data-id=\"31f5d34\" data-element_type=\"container\" data-e-type=\"container\">\n\t\t\t\t\t<div class=\"e-con-inner\">\n\t\t\t\t\t<\/div>\n\t\t\t\t<\/div>\n\t\t\t\t<\/div>\n\t\t","protected":false},"excerpt":{"rendered":"<p>Nombre del producto: Bolso de lona Tama\u00f1o del producto: personalizable<\/p>\n<p>Bolso Tela: Lienzo<\/p>\n<p>Asu\u00f1a: Algod\u00f3n<\/p>\n<p>Uso: Viajes, compras, uso diario<\/p>\n","protected":false},"featured_media":6076,"comment_status":"open","ping_status":"closed","template":"","meta":{"_acf_changed":false},"product_brand":[],"product_cat":[90,95,69],"product_tag":[2377,2376,2374,2375,2372,314,2371,2373],"class_list":{"0":"post-26953","1":"product","2":"type-product","3":"status-publish","4":"has-post-thumbnail","6":"product_cat-bolsa-con-cordon","7":"product_cat-bolsas-de-lona-personalizadas","8":"product_cat-sin-categoria","9":"product_tag-bolsas-de-maquillaje-a-granel","10":"product_tag-bolsillo-de-lona-con-cremallera-a-granel","11":"product_tag-bolsillo-grande-de-lona-con-cremallera","12":"product_tag-bolsillo-pequeno-de-lona-para-mujer-con-cremallera","13":"product_tag-bolso-con-cremallera-de-lona-en-blanco-al-por-mayor","14":"product_tag-bolso-de-lona","15":"product_tag-bolso-de-lona-en-blanco-con-cremallera","16":"product_tag-pequena-bolsa-de-lona-con-cremallera","18":"first","19":"onbackorder","20":"shipping-taxable","21":"purchasable","22":"product-type-simple"},"acf":[],"_links":{"self":[{"href":"https:\/\/www.cnxiangfu.com\/es\/wp-json\/wp\/v2\/product\/26953","targetHints":{"allow":["GET"]}}],"collection":[{"href":"https:\/\/www.cnxiangfu.com\/es\/wp-json\/wp\/v2\/product"}],"about":[{"href":"https:\/\/www.cnxiangfu.com\/es\/wp-json\/wp\/v2\/types\/product"}],"replies":[{"embeddable":true,"href":"https:\/\/www.cnxiangfu.com\/es\/wp-json\/wp\/v2\/comments?post=26953"}],"version-history":[{"count":2,"href":"https:\/\/www.cnxiangfu.com\/es\/wp-json\/wp\/v2\/product\/26953\/revisions"}],"predecessor-version":[{"id":27697,"href":"https:\/\/www.cnxiangfu.com\/es\/wp-json\/wp\/v2\/product\/26953\/revisions\/27697"}],"wp:featuredmedia":[{"embeddable":true,"href":"https:\/\/www.cnxiangfu.com\/es\/wp-json\/wp\/v2\/media\/6076"}],"wp:attachment":[{"href":"https:\/\/www.cnxiangfu.com\/es\/wp-json\/wp\/v2\/media?parent=26953"}],"wp:term":[{"taxonomy":"product_brand","embeddable":true,"href":"https:\/\/www.cnxiangfu.com\/es\/wp-json\/wp\/v2\/product_brand?post=26953"},{"taxonomy":"product_cat","embeddable":true,"href":"https:\/\/www.cnxiangfu.com\/es\/wp-json\/wp\/v2\/product_cat?post=26953"},{"taxonomy":"product_tag","embeddable":true,"href":"https:\/\/www.cnxiangfu.com\/es\/wp-json\/wp\/v2\/product_tag?post=26953"}],"curies":[{"name":"wp","href":"https:\/\/api.w.org\/{rel}","templated":true}]}}