{"id":27551,"date":"2025-12-31T09:45:18","date_gmt":"2025-12-31T01:45:18","guid":{"rendered":"https:\/\/www.cnxiangfu.com\/?post_type=product&#038;p=27551"},"modified":"2026-01-07T15:33:15","modified_gmt":"2026-01-07T07:33:15","slug":"bolsas-de-arpillera-con-asas-bolsas-reutilizables-de-yute-estampadas-a-rayas-para-la-despedida-de-soltera-en-la-playa-del-dia-de-la-madre-de-san-valentin-%e5%a4%8d%e5%88%b6-%e5%a4%8d%e5%88%b6-5","status":"publish","type":"product","link":"https:\/\/www.cnxiangfu.com\/es\/producto\/bolsas-de-arpillera-con-asas-bolsas-reutilizables-de-yute-estampadas-a-rayas-para-la-despedida-de-soltera-en-la-playa-del-dia-de-la-madre-de-san-valentin-%e5%a4%8d%e5%88%b6-%e5%a4%8d%e5%88%b6-5\/","title":{"rendered":"Grandes bolsas reutilizables de yute de arpillera \u2013 15,8&#8243;\u00d711,9&#8243;\u00d75,9&#8243;, bolsas ecol\u00f3gicas para compras y playa con asas, bolsa de regalo para damas de honor, bolsas para regalos de boda, bolsa de regalo para devoluci\u00f3n"},"content":{"rendered":"\t\t<div data-elementor-type=\"product-post\" data-elementor-id=\"27551\" class=\"elementor elementor-27551 elementor-27550\" data-elementor-post-type=\"product\">\n\t\t\t\t<div class=\"elementor-element elementor-element-31f5d34 e-flex e-con-boxed e-con e-parent\" data-id=\"31f5d34\" data-element_type=\"container\" data-e-type=\"container\">\n\t\t\t\t\t<div class=\"e-con-inner\">\n\t\t\t\t\t<\/div>\n\t\t\t\t<\/div>\n\t\t\t\t<\/div>\n\t\t","protected":false},"excerpt":{"rendered":"<p>Nombre del producto: Bolsa<br \/>\nde yute Tama\u00f1o del producto: personalizable<\/p>\n<p>Bolsa: yute<\/p>\n<p>Asugo: algod\u00f3n<\/p>\n<p>Uso: Viajes, compras, uso diario<\/p>\n","protected":false},"featured_media":6076,"comment_status":"open","ping_status":"closed","template":"","meta":{"_acf_changed":false},"product_brand":[],"product_cat":[477,104],"product_tag":[900,903,899,905,902,1888,904,906,1887],"class_list":{"0":"post-27551","1":"product","2":"type-product","3":"status-publish","4":"has-post-thumbnail","6":"product_cat-bolsa-de-yute","7":"product_cat-bolsa-de-yute-personalizada","8":"product_tag-bolsa-de-arpillera","9":"product_tag-bolsa-de-arpillera-con-asas-de-cuero","10":"product_tag-bolsas-de-arpillera-a-granel","11":"product_tag-bolsas-de-arpillera-a-la-venta","12":"product_tag-bolsas-de-arpillera-al-por-mayor","13":"product_tag-bolsas-de-boda-para-detalles-de-boda","14":"product_tag-bolsas-de-regalo-de-arpillera","15":"product_tag-bolso-de-arpillera","16":"product_tag-bolso-de-boda","18":"first","19":"onbackorder","20":"shipping-taxable","21":"purchasable","22":"product-type-simple"},"acf":[],"_links":{"self":[{"href":"https:\/\/www.cnxiangfu.com\/es\/wp-json\/wp\/v2\/product\/27551","targetHints":{"allow":["GET"]}}],"collection":[{"href":"https:\/\/www.cnxiangfu.com\/es\/wp-json\/wp\/v2\/product"}],"about":[{"href":"https:\/\/www.cnxiangfu.com\/es\/wp-json\/wp\/v2\/types\/product"}],"replies":[{"embeddable":true,"href":"https:\/\/www.cnxiangfu.com\/es\/wp-json\/wp\/v2\/comments?post=27551"}],"version-history":[{"count":2,"href":"https:\/\/www.cnxiangfu.com\/es\/wp-json\/wp\/v2\/product\/27551\/revisions"}],"predecessor-version":[{"id":27988,"href":"https:\/\/www.cnxiangfu.com\/es\/wp-json\/wp\/v2\/product\/27551\/revisions\/27988"}],"wp:featuredmedia":[{"embeddable":true,"href":"https:\/\/www.cnxiangfu.com\/es\/wp-json\/wp\/v2\/media\/6076"}],"wp:attachment":[{"href":"https:\/\/www.cnxiangfu.com\/es\/wp-json\/wp\/v2\/media?parent=27551"}],"wp:term":[{"taxonomy":"product_brand","embeddable":true,"href":"https:\/\/www.cnxiangfu.com\/es\/wp-json\/wp\/v2\/product_brand?post=27551"},{"taxonomy":"product_cat","embeddable":true,"href":"https:\/\/www.cnxiangfu.com\/es\/wp-json\/wp\/v2\/product_cat?post=27551"},{"taxonomy":"product_tag","embeddable":true,"href":"https:\/\/www.cnxiangfu.com\/es\/wp-json\/wp\/v2\/product_tag?post=27551"}],"curies":[{"name":"wp","href":"https:\/\/api.w.org\/{rel}","templated":true}]}}