{"id":27585,"date":"2025-12-31T09:55:42","date_gmt":"2025-12-31T01:55:42","guid":{"rendered":"https:\/\/www.cnxiangfu.com\/?post_type=product&#038;p=27585"},"modified":"2026-01-07T15:20:43","modified_gmt":"2026-01-07T07:20:43","slug":"bolsas-de-vino-de-arpillera-de-16-paquetes-bolsas-de-regalo-de-yute-con-cordon-para-botellas-normales-de-750-ml-perfectas-para-bodas-fiestas-viajes-cumpleanos-%e5%a4%8d%e5%88%b6-%e5%a4%8d","status":"publish","type":"product","link":"https:\/\/www.cnxiangfu.com\/es\/producto\/bolsas-de-vino-de-arpillera-de-16-paquetes-bolsas-de-regalo-de-yute-con-cordon-para-botellas-normales-de-750-ml-perfectas-para-bodas-fiestas-viajes-cumpleanos-%e5%a4%8d%e5%88%b6-%e5%a4%8d\/","title":{"rendered":"Bolsas de arpillera con cord\u00f3n &#8211; Bolsas de regalo de 30 piezas para envolver recuerdos navide\u00f1os, manualidades DIY, velas, recuerdos, para cumplea\u00f1os, reuniones, clientes, peque\u00f1a empresa"},"content":{"rendered":"\t\t<div data-elementor-type=\"product-post\" data-elementor-id=\"27585\" class=\"elementor elementor-27585 elementor-27584\" data-elementor-post-type=\"product\">\n\t\t\t\t<div class=\"elementor-element elementor-element-31f5d34 e-flex e-con-boxed e-con e-parent\" data-id=\"31f5d34\" data-element_type=\"container\" data-e-type=\"container\">\n\t\t\t\t\t<div class=\"e-con-inner\">\n\t\t\t\t\t<\/div>\n\t\t\t\t<\/div>\n\t\t\t\t<\/div>\n\t\t","protected":false},"excerpt":{"rendered":"<p>Nombre del producto: Bolso con cord\u00f3n de yute Tama\u00f1o del producto: personalizable<\/p>\n<p>Bolso Tela: yute<\/p>\n<p>Asugo: algod\u00f3n<\/p>\n<p>Uso: Viajes, compras, uso diario<\/p>\n","protected":false},"featured_media":6076,"comment_status":"open","ping_status":"closed","template":"","meta":{"_acf_changed":false},"product_brand":[],"product_cat":[90,112],"product_tag":[900,899,905,902,1882,904,906],"class_list":{"0":"post-27585","1":"product","2":"type-product","3":"status-publish","4":"has-post-thumbnail","6":"product_cat-bolsa-con-cordon","7":"product_cat-bolsa-con-cordon-personalizada","8":"product_tag-bolsa-de-arpillera","9":"product_tag-bolsas-de-arpillera-a-granel","10":"product_tag-bolsas-de-arpillera-a-la-venta","11":"product_tag-bolsas-de-arpillera-al-por-mayor","12":"product_tag-bolsas-de-arpillera-con-cordon","13":"product_tag-bolsas-de-regalo-de-arpillera","14":"product_tag-bolso-de-arpillera","16":"first","17":"onbackorder","18":"shipping-taxable","19":"purchasable","20":"product-type-simple"},"acf":[],"_links":{"self":[{"href":"https:\/\/www.cnxiangfu.com\/es\/wp-json\/wp\/v2\/product\/27585","targetHints":{"allow":["GET"]}}],"collection":[{"href":"https:\/\/www.cnxiangfu.com\/es\/wp-json\/wp\/v2\/product"}],"about":[{"href":"https:\/\/www.cnxiangfu.com\/es\/wp-json\/wp\/v2\/types\/product"}],"replies":[{"embeddable":true,"href":"https:\/\/www.cnxiangfu.com\/es\/wp-json\/wp\/v2\/comments?post=27585"}],"version-history":[{"count":2,"href":"https:\/\/www.cnxiangfu.com\/es\/wp-json\/wp\/v2\/product\/27585\/revisions"}],"predecessor-version":[{"id":27909,"href":"https:\/\/www.cnxiangfu.com\/es\/wp-json\/wp\/v2\/product\/27585\/revisions\/27909"}],"wp:featuredmedia":[{"embeddable":true,"href":"https:\/\/www.cnxiangfu.com\/es\/wp-json\/wp\/v2\/media\/6076"}],"wp:attachment":[{"href":"https:\/\/www.cnxiangfu.com\/es\/wp-json\/wp\/v2\/media?parent=27585"}],"wp:term":[{"taxonomy":"product_brand","embeddable":true,"href":"https:\/\/www.cnxiangfu.com\/es\/wp-json\/wp\/v2\/product_brand?post=27585"},{"taxonomy":"product_cat","embeddable":true,"href":"https:\/\/www.cnxiangfu.com\/es\/wp-json\/wp\/v2\/product_cat?post=27585"},{"taxonomy":"product_tag","embeddable":true,"href":"https:\/\/www.cnxiangfu.com\/es\/wp-json\/wp\/v2\/product_tag?post=27585"}],"curies":[{"name":"wp","href":"https:\/\/api.w.org\/{rel}","templated":true}]}}