{"id":28267,"date":"2025-12-31T13:59:34","date_gmt":"2025-12-31T05:59:34","guid":{"rendered":"https:\/\/www.cnxiangfu.com\/?post_type=product&#038;p=28267"},"modified":"2026-01-04T19:31:24","modified_gmt":"2026-01-04T11:31:24","slug":"bolsa-de-vino-de-3-botellas-bolsas-de-arpillera-para-botellas-de-vino-y-regalos-1180x1299x393-pulgadas-bolsa-de-vino-para-regalo-bolsita-de-vino-para-3-botellas-%e5%a4%8d%e5%88%b6","status":"publish","type":"product","link":"https:\/\/www.cnxiangfu.com\/es\/producto\/bolsa-de-vino-de-3-botellas-bolsas-de-arpillera-para-botellas-de-vino-y-regalos-1180x1299x393-pulgadas-bolsa-de-vino-para-regalo-bolsita-de-vino-para-3-botellas-%e5%a4%8d%e5%88%b6\/","title":{"rendered":"15 piezas 1 pieza bolsas de arpillera Regalo de dama de honor Versi\u00f3n vertical 11\u00d76\u00d713 pulgadas"},"content":{"rendered":"\t\t<div data-elementor-type=\"product-post\" data-elementor-id=\"28267\" class=\"elementor elementor-28267 elementor-28266\" data-elementor-post-type=\"product\">\n\t\t\t\t<div class=\"elementor-element elementor-element-31f5d34 e-flex e-con-boxed e-con e-parent\" data-id=\"31f5d34\" data-element_type=\"container\" data-e-type=\"container\">\n\t\t\t\t\t<div class=\"e-con-inner\">\n\t\t\t\t\t<\/div>\n\t\t\t\t<\/div>\n\t\t\t\t<\/div>\n\t\t","protected":false},"excerpt":{"rendered":"<p>Nombre del producto: Bolsa<br \/>\nde yute Tama\u00f1o del producto: personalizable<\/p>\n<p>Bolsa: yute<\/p>\n<p>Asugo: algod\u00f3n<\/p>\n<p>Uso: Viajes, compras, uso diario<\/p>\n","protected":false},"featured_media":6076,"comment_status":"open","ping_status":"closed","template":"","meta":{"_acf_changed":false},"product_brand":[],"product_cat":[477,104],"product_tag":[900,903,899,905,902,901,904,906],"class_list":{"0":"post-28267","1":"product","2":"type-product","3":"status-publish","4":"has-post-thumbnail","6":"product_cat-bolsa-de-yute","7":"product_cat-bolsa-de-yute-personalizada","8":"product_tag-bolsa-de-arpillera","9":"product_tag-bolsa-de-arpillera-con-asas-de-cuero","10":"product_tag-bolsas-de-arpillera-a-granel","11":"product_tag-bolsas-de-arpillera-a-la-venta","12":"product_tag-bolsas-de-arpillera-al-por-mayor","13":"product_tag-bolsas-de-arpillera-ustom","14":"product_tag-bolsas-de-regalo-de-arpillera","15":"product_tag-bolso-de-arpillera","17":"first","18":"onbackorder","19":"shipping-taxable","20":"purchasable","21":"product-type-simple"},"acf":[],"_links":{"self":[{"href":"https:\/\/www.cnxiangfu.com\/es\/wp-json\/wp\/v2\/product\/28267","targetHints":{"allow":["GET"]}}],"collection":[{"href":"https:\/\/www.cnxiangfu.com\/es\/wp-json\/wp\/v2\/product"}],"about":[{"href":"https:\/\/www.cnxiangfu.com\/es\/wp-json\/wp\/v2\/types\/product"}],"replies":[{"embeddable":true,"href":"https:\/\/www.cnxiangfu.com\/es\/wp-json\/wp\/v2\/comments?post=28267"}],"version-history":[{"count":2,"href":"https:\/\/www.cnxiangfu.com\/es\/wp-json\/wp\/v2\/product\/28267\/revisions"}],"predecessor-version":[{"id":28364,"href":"https:\/\/www.cnxiangfu.com\/es\/wp-json\/wp\/v2\/product\/28267\/revisions\/28364"}],"wp:featuredmedia":[{"embeddable":true,"href":"https:\/\/www.cnxiangfu.com\/es\/wp-json\/wp\/v2\/media\/6076"}],"wp:attachment":[{"href":"https:\/\/www.cnxiangfu.com\/es\/wp-json\/wp\/v2\/media?parent=28267"}],"wp:term":[{"taxonomy":"product_brand","embeddable":true,"href":"https:\/\/www.cnxiangfu.com\/es\/wp-json\/wp\/v2\/product_brand?post=28267"},{"taxonomy":"product_cat","embeddable":true,"href":"https:\/\/www.cnxiangfu.com\/es\/wp-json\/wp\/v2\/product_cat?post=28267"},{"taxonomy":"product_tag","embeddable":true,"href":"https:\/\/www.cnxiangfu.com\/es\/wp-json\/wp\/v2\/product_tag?post=28267"}],"curies":[{"name":"wp","href":"https:\/\/api.w.org\/{rel}","templated":true}]}}