{"id":28975,"date":"2026-01-22T16:04:39","date_gmt":"2026-01-22T08:04:39","guid":{"rendered":"https:\/\/www.cnxiangfu.com\/product\/detalles-para-la-fiesta-de-futbol-2026-the-world-cup-bolsas-de-regalo-para-ninos-que-incluyen-bolsas-con-cordon-pulseras-pegatinas-ideales-para-fiestas-de-cumpleanos-de-chicos-y-fiestas-tematicas\/"},"modified":"2026-01-31T13:09:42","modified_gmt":"2026-01-31T05:09:42","slug":"detalles-para-la-fiesta-de-futbol-2026-the-world-cup-bolsas-de-regalo-para-ninos-que-incluyen-bolsas-con-cordon-pulseras-pegatinas-ideales-para-fiestas-de-cumpleanos-de-chicos-y-fiestas-tematicas","status":"publish","type":"product","link":"https:\/\/www.cnxiangfu.com\/es\/producto\/detalles-para-la-fiesta-de-futbol-2026-the-world-cup-bolsas-de-regalo-para-ninos-que-incluyen-bolsas-con-cordon-pulseras-pegatinas-ideales-para-fiestas-de-cumpleanos-de-chicos-y-fiestas-tematicas\/","title":{"rendered":"Detalles para la fiesta de f\u00fatbol 2026 The World Cup, bolsas de regalo para ni\u00f1os, que incluyen bolsas con cord\u00f3n, pulseras, pegatinas ideales para fiestas de cumplea\u00f1os de chicos y fiestas tem\u00e1ticas de f\u00fatbol"},"content":{"rendered":"","protected":false},"excerpt":{"rendered":"","protected":false},"featured_media":28976,"comment_status":"closed","ping_status":"closed","template":"","meta":{"_acf_changed":false},"product_brand":[],"product_cat":[78,116],"product_tag":[2729,2725,2724,2726,2727,2728],"class_list":{"0":"post-28975","1":"product","2":"type-product","3":"status-publish","4":"has-post-thumbnail","6":"product_cat-bolsa-de-poliester","7":"product_cat-bolsa-de-poliester-personalizada","8":"product_tag-bolsa-de-regalo-de-cumpleanos-de-futbol","9":"product_tag-bolsas-de-regalo-de-futbol","10":"product_tag-bolsas-de-regalo-de-futbol-para-chicos","11":"product_tag-bolsas-de-regalo-personalizadas-para-ninos","12":"product_tag-grandes-bolsas-de-regalo-de-futbol-para-chicos","13":"product_tag-las-mejores-bolsas-de-regalo-de-futbol-para-chicos","15":"first","16":"onbackorder","17":"shipping-taxable","18":"purchasable","19":"product-type-simple"},"acf":[],"_links":{"self":[{"href":"https:\/\/www.cnxiangfu.com\/es\/wp-json\/wp\/v2\/product\/28975","targetHints":{"allow":["GET"]}}],"collection":[{"href":"https:\/\/www.cnxiangfu.com\/es\/wp-json\/wp\/v2\/product"}],"about":[{"href":"https:\/\/www.cnxiangfu.com\/es\/wp-json\/wp\/v2\/types\/product"}],"replies":[{"embeddable":true,"href":"https:\/\/www.cnxiangfu.com\/es\/wp-json\/wp\/v2\/comments?post=28975"}],"version-history":[{"count":1,"href":"https:\/\/www.cnxiangfu.com\/es\/wp-json\/wp\/v2\/product\/28975\/revisions"}],"predecessor-version":[{"id":29098,"href":"https:\/\/www.cnxiangfu.com\/es\/wp-json\/wp\/v2\/product\/28975\/revisions\/29098"}],"wp:featuredmedia":[{"embeddable":true,"href":"https:\/\/www.cnxiangfu.com\/es\/wp-json\/wp\/v2\/media\/28976"}],"wp:attachment":[{"href":"https:\/\/www.cnxiangfu.com\/es\/wp-json\/wp\/v2\/media?parent=28975"}],"wp:term":[{"taxonomy":"product_brand","embeddable":true,"href":"https:\/\/www.cnxiangfu.com\/es\/wp-json\/wp\/v2\/product_brand?post=28975"},{"taxonomy":"product_cat","embeddable":true,"href":"https:\/\/www.cnxiangfu.com\/es\/wp-json\/wp\/v2\/product_cat?post=28975"},{"taxonomy":"product_tag","embeddable":true,"href":"https:\/\/www.cnxiangfu.com\/es\/wp-json\/wp\/v2\/product_tag?post=28975"}],"curies":[{"name":"wp","href":"https:\/\/api.w.org\/{rel}","templated":true}]}}