{"id":29008,"date":"2026-01-22T16:13:13","date_gmt":"2026-01-22T08:13:13","guid":{"rendered":"https:\/\/www.cnxiangfu.com\/product\/ghusdfm-bow-baloncesto-futbol-softbol-tenis-voleibol-futbol-futbol-lona-bolso-de-lona-regalos-para-mujeres-bolsas-reutilizables-de-la-compra\/"},"modified":"2026-01-31T12:53:04","modified_gmt":"2026-01-31T04:53:04","slug":"ghusdfm-bow-baloncesto-futbol-softbol-tenis-voleibol-futbol-futbol-lona-bolso-de-lona-regalos-para-mujeres-bolsas-reutilizables-de-la-compra","status":"publish","type":"product","link":"https:\/\/www.cnxiangfu.com\/es\/producto\/ghusdfm-bow-baloncesto-futbol-softbol-tenis-voleibol-futbol-futbol-lona-bolso-de-lona-regalos-para-mujeres-bolsas-reutilizables-de-la-compra\/","title":{"rendered":"GHUSDFM Bow Baloncesto F\u00fatbol S\u00f3ftbol Tenis Voleibol F\u00fatbol F\u00fatbol Lona Bolso de lona Regalos para mujeres Bolsas reutilizables de la compra"},"content":{"rendered":"","protected":false},"excerpt":{"rendered":"","protected":false},"featured_media":29009,"comment_status":"closed","ping_status":"closed","template":"","meta":{"_acf_changed":false},"product_brand":[],"product_cat":[95,69],"product_tag":[2705,2703,2707,2704,2706],"class_list":{"0":"post-29008","1":"product","2":"type-product","3":"status-publish","4":"has-post-thumbnail","6":"product_cat-bolsas-de-lona-personalizadas","7":"product_cat-sin-categoria","8":"product_tag-bolsa-de-futbol-americano","9":"product_tag-bolsa-de-lona-de-futbol","10":"product_tag-bolsas-reutilizables-para-la-compra-para-mujeres","11":"product_tag-mejor-bolso-tote-de-lona-de-futbol","12":"product_tag-regalos-de-bolsos-de-lona-para-mujeres","14":"first","15":"onbackorder","16":"shipping-taxable","17":"purchasable","18":"product-type-simple"},"acf":[],"_links":{"self":[{"href":"https:\/\/www.cnxiangfu.com\/es\/wp-json\/wp\/v2\/product\/29008","targetHints":{"allow":["GET"]}}],"collection":[{"href":"https:\/\/www.cnxiangfu.com\/es\/wp-json\/wp\/v2\/product"}],"about":[{"href":"https:\/\/www.cnxiangfu.com\/es\/wp-json\/wp\/v2\/types\/product"}],"replies":[{"embeddable":true,"href":"https:\/\/www.cnxiangfu.com\/es\/wp-json\/wp\/v2\/comments?post=29008"}],"version-history":[{"count":1,"href":"https:\/\/www.cnxiangfu.com\/es\/wp-json\/wp\/v2\/product\/29008\/revisions"}],"predecessor-version":[{"id":29095,"href":"https:\/\/www.cnxiangfu.com\/es\/wp-json\/wp\/v2\/product\/29008\/revisions\/29095"}],"wp:featuredmedia":[{"embeddable":true,"href":"https:\/\/www.cnxiangfu.com\/es\/wp-json\/wp\/v2\/media\/29009"}],"wp:attachment":[{"href":"https:\/\/www.cnxiangfu.com\/es\/wp-json\/wp\/v2\/media?parent=29008"}],"wp:term":[{"taxonomy":"product_brand","embeddable":true,"href":"https:\/\/www.cnxiangfu.com\/es\/wp-json\/wp\/v2\/product_brand?post=29008"},{"taxonomy":"product_cat","embeddable":true,"href":"https:\/\/www.cnxiangfu.com\/es\/wp-json\/wp\/v2\/product_cat?post=29008"},{"taxonomy":"product_tag","embeddable":true,"href":"https:\/\/www.cnxiangfu.com\/es\/wp-json\/wp\/v2\/product_tag?post=29008"}],"curies":[{"name":"wp","href":"https:\/\/api.w.org\/{rel}","templated":true}]}}