{"id":29047,"date":"2026-01-22T17:59:29","date_gmt":"2026-01-22T09:59:29","guid":{"rendered":"https:\/\/www.cnxiangfu.com\/product\/siltriangle-48-pcs-bolsas-de-detalles-para-fiestas-de-futbol-bolsas-de-golosinas-de-futbol-bolso-reutilizable-con-asa-tematica-de-balon-deportivo-regalo-dulces-snack-bolso-de-mano-detalles-para-fiesta\/"},"modified":"2026-01-31T12:34:12","modified_gmt":"2026-01-31T04:34:12","slug":"siltriangle-48-pcs-bolsas-de-detalles-para-fiestas-de-futbol-bolsas-de-golosinas-de-futbol-bolso-reutilizable-con-asa-tematica-de-balon-deportivo-regalo-dulces-snack-bolso-de-mano-detalles-para-fiesta","status":"publish","type":"product","link":"https:\/\/www.cnxiangfu.com\/es\/producto\/siltriangle-48-pcs-bolsas-de-detalles-para-fiestas-de-futbol-bolsas-de-golosinas-de-futbol-bolso-reutilizable-con-asa-tematica-de-balon-deportivo-regalo-dulces-snack-bolso-de-mano-detalles-para-fiesta\/","title":{"rendered":"SilTriangle 48 Pcs Bolsas de detalles para fiestas de f\u00fatbol Bolsas de golosinas de f\u00fatbol Bolso reutilizable con asa Tem\u00e1tica de bal\u00f3n deportivo Regalo Dulces Snack Bolso de mano Detalles para fiesta de cumplea\u00f1os (Exquisite Style)"},"content":{"rendered":"","protected":false},"excerpt":{"rendered":"","protected":false},"featured_media":29049,"comment_status":"closed","ping_status":"closed","template":"","meta":{"_acf_changed":false},"product_brand":[],"product_cat":[632,113],"product_tag":[2663,2660,2664,2665,2661,2662],"class_list":{"0":"post-29047","1":"product","2":"type-product","3":"status-publish","4":"has-post-thumbnail","6":"product_cat-bolsa-no-tejida","7":"product_cat-bolsa-no-tejida-personalizada","8":"product_tag-bolsas-de-golosinas-de-futbol","9":"product_tag-bolsas-de-recuerdos-para-la-fiesta-de-futbol","10":"product_tag-bolso-de-regalo-reutilizable-con-asa","11":"product_tag-bolsos-de-regalos-para-fiesta-de-futbol-siltriangle","12":"product_tag-las-mejores-bolsas-de-recuerdos-para-fiestas-de-futbol","13":"product_tag-siltriangle-48-pcs-bolsas-de-detalles-para-fiesta-de-futbol","15":"first","16":"instock","17":"shipping-taxable","18":"product-type-simple"},"acf":[],"_links":{"self":[{"href":"https:\/\/www.cnxiangfu.com\/es\/wp-json\/wp\/v2\/product\/29047","targetHints":{"allow":["GET"]}}],"collection":[{"href":"https:\/\/www.cnxiangfu.com\/es\/wp-json\/wp\/v2\/product"}],"about":[{"href":"https:\/\/www.cnxiangfu.com\/es\/wp-json\/wp\/v2\/types\/product"}],"replies":[{"embeddable":true,"href":"https:\/\/www.cnxiangfu.com\/es\/wp-json\/wp\/v2\/comments?post=29047"}],"version-history":[{"count":1,"href":"https:\/\/www.cnxiangfu.com\/es\/wp-json\/wp\/v2\/product\/29047\/revisions"}],"predecessor-version":[{"id":29089,"href":"https:\/\/www.cnxiangfu.com\/es\/wp-json\/wp\/v2\/product\/29047\/revisions\/29089"}],"wp:featuredmedia":[{"embeddable":true,"href":"https:\/\/www.cnxiangfu.com\/es\/wp-json\/wp\/v2\/media\/29049"}],"wp:attachment":[{"href":"https:\/\/www.cnxiangfu.com\/es\/wp-json\/wp\/v2\/media?parent=29047"}],"wp:term":[{"taxonomy":"product_brand","embeddable":true,"href":"https:\/\/www.cnxiangfu.com\/es\/wp-json\/wp\/v2\/product_brand?post=29047"},{"taxonomy":"product_cat","embeddable":true,"href":"https:\/\/www.cnxiangfu.com\/es\/wp-json\/wp\/v2\/product_cat?post=29047"},{"taxonomy":"product_tag","embeddable":true,"href":"https:\/\/www.cnxiangfu.com\/es\/wp-json\/wp\/v2\/product_tag?post=29047"}],"curies":[{"name":"wp","href":"https:\/\/api.w.org\/{rel}","templated":true}]}}