{"id":29187,"date":"2026-02-26T13:39:16","date_gmt":"2026-02-26T05:39:16","guid":{"rendered":"https:\/\/www.cnxiangfu.com\/product\/bolsa-de-almuerzo-world-lola-fiambrera-aislante-y-mona-para-mujeres-y-adolescentes-heart-factory\/"},"modified":"2026-04-03T17:36:53","modified_gmt":"2026-04-03T09:36:53","slug":"bolsa-de-almuerzo-world-lola-fiambrera-aislante-y-mona-para-mujeres-y-adolescentes-heart-factory","status":"publish","type":"product","link":"https:\/\/www.cnxiangfu.com\/es\/producto\/bolsa-de-almuerzo-world-lola-fiambrera-aislante-y-mona-para-mujeres-y-adolescentes-heart-factory\/","title":{"rendered":"Bolsa t\u00e9rmica aislante personalizada para el almuerzo \u2013 Bolsa refrigeradora de lona premium para mayorista y marca"},"content":{"rendered":"<p dir=\"auto\">Xiangfu Handicrafts es un fabricante profesional de bolsas que ofrece <strong>bolsas de comida aislantes de alta calidad.<\/strong> Nuestra serie Lola presenta un encantador dise\u00f1o de Heart Factory que puede personalizarse completamente para adaptarse a tu marca. <\/p>\n<p dir=\"auto\">Hecha de lona resistente con una gruesa capa aislante y forro de aluminio reflectante, esta bolsa para comer mantiene la comida caliente o fr\u00eda durante horas. El espacioso interior de 35\u00d740\u00d712 cm acomoda f\u00e1cilmente fiambreras est\u00e1ndar, bebidas, frutas y bolsas de hielo. <\/p>\n<p dir=\"auto\"><strong>Caracter\u00edsticas clave para pedidos personalizados:<\/strong><\/p>\n<ul dir=\"auto\">\n<li><strong>Material:<\/strong> Exterior de lona de alta densidad + forro aislante impermeable<\/li>\n<li><strong>Rendimiento del aislamiento<\/strong>: La capa t\u00e9rmica avanzada mantiene la temperatura de forma eficaz<\/li>\n<li><strong>Dise\u00f1o pr\u00e1ctico<\/strong>: Bolsillo frontal con cremallera para utensilios\/tel\u00e9fono, portabotellas laterales, asas reforzadas<\/li>\n<li><strong>Opciones de personalizaci\u00f3n<\/strong>: Impresi\u00f3n de logotipos a todo color, patrones personalizados (incluyendo Heart Factory), bordado, ajustes de tama\u00f1o\/color\/material, marca propia<\/li>\n<li><strong>MOQ<\/strong>: Flexible \u2013 perfecto para pedidos promocionales en peque\u00f1os lotes o para grandes mayoristas<\/li>\n<\/ul>\n<p dir=\"auto\">Ideal para regalos corporativos, uniformes escolares, campa\u00f1as promocionales, marcas minoristas o empresas de reparto de comida. Tanto si necesitas bolsas de almuerzo adorables para mujeres, bolsas duraderas para el almuerzo de trabajo o bolsas de marca para neveras, ofrecemos una producci\u00f3n de calidad constante y puntual desde nuestra f\u00e1brica de Zhejiang. <\/p>\n<p dir=\"auto\"><strong>\u00bfPor qu\u00e9 elegirnos como tu socio OEM?<\/strong><\/p>\n<ul dir=\"auto\">\n<li>15+ a\u00f1os de experiencia en la fabricaci\u00f3n de bolsas de lona<\/li>\n<li>Control de calidad estricto y materiales ecol\u00f3gicos disponibles<\/li>\n<li>Muestreo r\u00e1pido + precios competitivos directos a la f\u00e1brica<\/li>\n<li>Soluci\u00f3n integral desde el dise\u00f1o hasta el env\u00edo a granel<\/li>\n<\/ul>\n<p dir=\"auto\">\u00bfListo para crear tu propia caja t\u00e9rmica aislante personalizada? \u00a1Contacta con nosotros hoy mismo para un presupuesto! <\/p>\n","protected":false},"excerpt":{"rendered":"<p>Xiangfu Handicrafts es un fabricante profesional de bolsas que ofrece bolsas de comida aislantes de alta calidad. Nuestra serie Lola presenta un encantador dise\u00f1o de Heart Factory que puede personalizarse completamente para adaptarse a tu marca. Hecha de lona resistente con una gruesa capa aislante y forro de aluminio reflectante, esta bolsa para comer mantiene [&hellip;]<\/p>\n","protected":false},"featured_media":29501,"comment_status":"closed","ping_status":"closed","template":"","meta":{"_acf_changed":false},"product_brand":[],"product_cat":[69],"product_tag":[3287,3286,3283,3285,3284],"class_list":{"0":"post-29187","1":"product","2":"type-product","3":"status-publish","4":"has-post-thumbnail","6":"product_cat-sin-categoria","7":"product_tag-bolsa-de-almuerzo-world-lola","8":"product_tag-bolsa-de-comida-para-mujeres","9":"product_tag-bolso-termico-para-el-almuerzo-lola","10":"product_tag-la-mejor-bolsa-de-comida-para-mujeres","11":"product_tag-venta-de-bolsas-termicas-para-almuerzo-lola","13":"first","14":"onbackorder","15":"shipping-taxable","16":"product-type-simple"},"acf":[],"_links":{"self":[{"href":"https:\/\/www.cnxiangfu.com\/es\/wp-json\/wp\/v2\/product\/29187","targetHints":{"allow":["GET"]}}],"collection":[{"href":"https:\/\/www.cnxiangfu.com\/es\/wp-json\/wp\/v2\/product"}],"about":[{"href":"https:\/\/www.cnxiangfu.com\/es\/wp-json\/wp\/v2\/types\/product"}],"replies":[{"embeddable":true,"href":"https:\/\/www.cnxiangfu.com\/es\/wp-json\/wp\/v2\/comments?post=29187"}],"version-history":[{"count":4,"href":"https:\/\/www.cnxiangfu.com\/es\/wp-json\/wp\/v2\/product\/29187\/revisions"}],"predecessor-version":[{"id":29494,"href":"https:\/\/www.cnxiangfu.com\/es\/wp-json\/wp\/v2\/product\/29187\/revisions\/29494"}],"wp:featuredmedia":[{"embeddable":true,"href":"https:\/\/www.cnxiangfu.com\/es\/wp-json\/wp\/v2\/media\/29501"}],"wp:attachment":[{"href":"https:\/\/www.cnxiangfu.com\/es\/wp-json\/wp\/v2\/media?parent=29187"}],"wp:term":[{"taxonomy":"product_brand","embeddable":true,"href":"https:\/\/www.cnxiangfu.com\/es\/wp-json\/wp\/v2\/product_brand?post=29187"},{"taxonomy":"product_cat","embeddable":true,"href":"https:\/\/www.cnxiangfu.com\/es\/wp-json\/wp\/v2\/product_cat?post=29187"},{"taxonomy":"product_tag","embeddable":true,"href":"https:\/\/www.cnxiangfu.com\/es\/wp-json\/wp\/v2\/product_tag?post=29187"}],"curies":[{"name":"wp","href":"https:\/\/api.w.org\/{rel}","templated":true}]}}