{"id":4123,"date":"2025-11-08T11:27:59","date_gmt":"2025-11-08T03:27:59","guid":{"rendered":"https:\/\/www.cnxiangfu.com\/?post_type=product&#038;p=4123"},"modified":"2025-11-08T16:54:50","modified_gmt":"2025-11-08T08:54:50","slug":"bolsa-de-lona-%e5%a4%8d%e5%88%b6-8","status":"publish","type":"product","link":"https:\/\/www.cnxiangfu.com\/es\/producto\/bolsa-de-lona-%e5%a4%8d%e5%88%b6-8\/","title":{"rendered":"Bolsa de Mano Est\u00e9tica para Pintura al \u00d3leo &#8211; Bolsa de Supermercado Reutilizable Grande, Bolsas de Supermercado de Poli\u00e9ster Regalos para Mujeres"},"content":{"rendered":"\t\t<div data-elementor-type=\"product-post\" data-elementor-id=\"4123\" class=\"elementor elementor-4123 elementor-4122\" data-elementor-post-type=\"product\">\n\t\t\t\t<div class=\"elementor-element elementor-element-31f5d34 e-flex e-con-boxed e-con e-parent\" data-id=\"31f5d34\" data-element_type=\"container\" data-e-type=\"container\">\n\t\t\t\t\t<div class=\"e-con-inner\">\n\t\t\t\t<div class=\"elementor-element elementor-element-8de0144 elementor-widget elementor-widget-image\" data-id=\"8de0144\" data-element_type=\"widget\" data-e-type=\"widget\" data-widget_type=\"image.default\">\n\t\t\t\t\t\t\t\t\t\t\t\t\t\t\t<img fetchpriority=\"high\" decoding=\"async\" width=\"1484\" height=\"1500\" src=\"https:\/\/www.cnxiangfu.com\/wp-content\/uploads\/2025\/11\/4_817nB3W4uyL._AC_SL1500_.jpg\" class=\"attachment-full size-full wp-image-4380\" alt=\"\" srcset=\"https:\/\/www.cnxiangfu.com\/wp-content\/uploads\/2025\/11\/4_817nB3W4uyL._AC_SL1500_.jpg 1484w, https:\/\/www.cnxiangfu.com\/wp-content\/uploads\/2025\/11\/4_817nB3W4uyL._AC_SL1500_-297x300.jpg 297w, https:\/\/www.cnxiangfu.com\/wp-content\/uploads\/2025\/11\/4_817nB3W4uyL._AC_SL1500_-1013x1024.jpg 1013w, https:\/\/www.cnxiangfu.com\/wp-content\/uploads\/2025\/11\/4_817nB3W4uyL._AC_SL1500_-768x776.jpg 768w, https:\/\/www.cnxiangfu.com\/wp-content\/uploads\/2025\/11\/4_817nB3W4uyL._AC_SL1500_-600x606.jpg 600w, https:\/\/www.cnxiangfu.com\/wp-content\/uploads\/2025\/11\/4_817nB3W4uyL._AC_SL1500_-100x100.jpg 100w\" sizes=\"(max-width: 1484px) 100vw, 1484px\" title=\"\">\t\t\t\t\t\t\t\t\t\t\t\t\t\t\t<\/div>\n\t\t\t\t<div class=\"elementor-element elementor-element-c0ce038 elementor-widget elementor-widget-image\" data-id=\"c0ce038\" data-element_type=\"widget\" data-e-type=\"widget\" data-widget_type=\"image.default\">\n\t\t\t\t\t\t\t\t\t\t\t\t\t\t\t<img decoding=\"async\" width=\"1500\" height=\"1500\" src=\"https:\/\/www.cnxiangfu.com\/wp-content\/uploads\/2025\/11\/5_818OizRPSjL._AC_SL1500_.jpg\" class=\"attachment-full size-full wp-image-4381\" alt=\"\" srcset=\"https:\/\/www.cnxiangfu.com\/wp-content\/uploads\/2025\/11\/5_818OizRPSjL._AC_SL1500_.jpg 1500w, https:\/\/www.cnxiangfu.com\/wp-content\/uploads\/2025\/11\/5_818OizRPSjL._AC_SL1500_-300x300.jpg 300w, https:\/\/www.cnxiangfu.com\/wp-content\/uploads\/2025\/11\/5_818OizRPSjL._AC_SL1500_-1024x1024.jpg 1024w, https:\/\/www.cnxiangfu.com\/wp-content\/uploads\/2025\/11\/5_818OizRPSjL._AC_SL1500_-150x150.jpg 150w, https:\/\/www.cnxiangfu.com\/wp-content\/uploads\/2025\/11\/5_818OizRPSjL._AC_SL1500_-768x768.jpg 768w, https:\/\/www.cnxiangfu.com\/wp-content\/uploads\/2025\/11\/5_818OizRPSjL._AC_SL1500_-650x650.jpg 650w, https:\/\/www.cnxiangfu.com\/wp-content\/uploads\/2025\/11\/5_818OizRPSjL._AC_SL1500_-1300x1300.jpg 1300w, https:\/\/www.cnxiangfu.com\/wp-content\/uploads\/2025\/11\/5_818OizRPSjL._AC_SL1500_-600x600.jpg 600w, https:\/\/www.cnxiangfu.com\/wp-content\/uploads\/2025\/11\/5_818OizRPSjL._AC_SL1500_-100x100.jpg 100w\" sizes=\"(max-width: 1500px) 100vw, 1500px\" title=\"\">\t\t\t\t\t\t\t\t\t\t\t\t\t\t\t<\/div>\n\t\t\t\t<div class=\"elementor-element elementor-element-94d938f elementor-widget elementor-widget-image\" data-id=\"94d938f\" data-element_type=\"widget\" data-e-type=\"widget\" data-widget_type=\"image.default\">\n\t\t\t\t\t\t\t\t\t\t\t\t\t\t\t<img decoding=\"async\" width=\"1500\" height=\"1437\" src=\"https:\/\/www.cnxiangfu.com\/wp-content\/uploads\/2025\/11\/6_81F8daeLKL._AC_SL1500_.jpg\" class=\"attachment-full size-full wp-image-4382\" alt=\"\" srcset=\"https:\/\/www.cnxiangfu.com\/wp-content\/uploads\/2025\/11\/6_81F8daeLKL._AC_SL1500_.jpg 1500w, https:\/\/www.cnxiangfu.com\/wp-content\/uploads\/2025\/11\/6_81F8daeLKL._AC_SL1500_-300x287.jpg 300w, https:\/\/www.cnxiangfu.com\/wp-content\/uploads\/2025\/11\/6_81F8daeLKL._AC_SL1500_-1024x981.jpg 1024w, https:\/\/www.cnxiangfu.com\/wp-content\/uploads\/2025\/11\/6_81F8daeLKL._AC_SL1500_-768x736.jpg 768w, https:\/\/www.cnxiangfu.com\/wp-content\/uploads\/2025\/11\/6_81F8daeLKL._AC_SL1500_-600x575.jpg 600w\" sizes=\"(max-width: 1500px) 100vw, 1500px\" title=\"\">\t\t\t\t\t\t\t\t\t\t\t\t\t\t\t<\/div>\n\t\t\t\t<div class=\"elementor-element elementor-element-ca76c3a elementor-widget elementor-widget-image\" data-id=\"ca76c3a\" data-element_type=\"widget\" data-e-type=\"widget\" data-widget_type=\"image.default\">\n\t\t\t\t\t\t\t\t\t\t\t\t\t\t\t<img loading=\"lazy\" decoding=\"async\" width=\"1500\" height=\"1279\" src=\"https:\/\/www.cnxiangfu.com\/wp-content\/uploads\/2025\/11\/7_81xIhmHkmZL._AC_SL1500_.jpg\" class=\"attachment-full size-full wp-image-4383\" alt=\"\" srcset=\"https:\/\/www.cnxiangfu.com\/wp-content\/uploads\/2025\/11\/7_81xIhmHkmZL._AC_SL1500_.jpg 1500w, https:\/\/www.cnxiangfu.com\/wp-content\/uploads\/2025\/11\/7_81xIhmHkmZL._AC_SL1500_-300x256.jpg 300w, https:\/\/www.cnxiangfu.com\/wp-content\/uploads\/2025\/11\/7_81xIhmHkmZL._AC_SL1500_-1024x873.jpg 1024w, https:\/\/www.cnxiangfu.com\/wp-content\/uploads\/2025\/11\/7_81xIhmHkmZL._AC_SL1500_-768x655.jpg 768w, https:\/\/www.cnxiangfu.com\/wp-content\/uploads\/2025\/11\/7_81xIhmHkmZL._AC_SL1500_-600x512.jpg 600w\" sizes=\"(max-width: 1500px) 100vw, 1500px\" title=\"\">\t\t\t\t\t\t\t\t\t\t\t\t\t\t\t<\/div>\n\t\t\t\t<div class=\"elementor-element elementor-element-c55fcd3 elementor-widget elementor-widget-image\" data-id=\"c55fcd3\" data-element_type=\"widget\" data-e-type=\"widget\" data-widget_type=\"image.default\">\n\t\t\t\t\t\t\t\t\t\t\t\t\t\t\t<img loading=\"lazy\" decoding=\"async\" width=\"1500\" height=\"1480\" src=\"https:\/\/www.cnxiangfu.com\/wp-content\/uploads\/2025\/11\/8_81FnBKnI8HL._AC_SL1500_.jpg\" class=\"attachment-full size-full wp-image-4384\" alt=\"\" srcset=\"https:\/\/www.cnxiangfu.com\/wp-content\/uploads\/2025\/11\/8_81FnBKnI8HL._AC_SL1500_.jpg 1500w, https:\/\/www.cnxiangfu.com\/wp-content\/uploads\/2025\/11\/8_81FnBKnI8HL._AC_SL1500_-300x296.jpg 300w, https:\/\/www.cnxiangfu.com\/wp-content\/uploads\/2025\/11\/8_81FnBKnI8HL._AC_SL1500_-1024x1010.jpg 1024w, https:\/\/www.cnxiangfu.com\/wp-content\/uploads\/2025\/11\/8_81FnBKnI8HL._AC_SL1500_-768x758.jpg 768w, https:\/\/www.cnxiangfu.com\/wp-content\/uploads\/2025\/11\/8_81FnBKnI8HL._AC_SL1500_-600x592.jpg 600w, https:\/\/www.cnxiangfu.com\/wp-content\/uploads\/2025\/11\/8_81FnBKnI8HL._AC_SL1500_-100x100.jpg 100w\" sizes=\"(max-width: 1500px) 100vw, 1500px\" title=\"\">\t\t\t\t\t\t\t\t\t\t\t\t\t\t\t<\/div>\n\t\t\t\t<div class=\"elementor-element elementor-element-bdf7d3c elementor-widget elementor-widget-image\" data-id=\"bdf7d3c\" data-element_type=\"widget\" data-e-type=\"widget\" data-widget_type=\"image.default\">\n\t\t\t\t\t\t\t\t\t\t\t\t\t\t\t<img loading=\"lazy\" decoding=\"async\" width=\"1491\" height=\"1500\" src=\"https:\/\/www.cnxiangfu.com\/wp-content\/uploads\/2025\/11\/9_91XTgPpgf7L._AC_SL1500_.jpg\" class=\"attachment-full size-full wp-image-4385\" alt=\"\" srcset=\"https:\/\/www.cnxiangfu.com\/wp-content\/uploads\/2025\/11\/9_91XTgPpgf7L._AC_SL1500_.jpg 1491w, https:\/\/www.cnxiangfu.com\/wp-content\/uploads\/2025\/11\/9_91XTgPpgf7L._AC_SL1500_-298x300.jpg 298w, https:\/\/www.cnxiangfu.com\/wp-content\/uploads\/2025\/11\/9_91XTgPpgf7L._AC_SL1500_-1018x1024.jpg 1018w, https:\/\/www.cnxiangfu.com\/wp-content\/uploads\/2025\/11\/9_91XTgPpgf7L._AC_SL1500_-150x150.jpg 150w, https:\/\/www.cnxiangfu.com\/wp-content\/uploads\/2025\/11\/9_91XTgPpgf7L._AC_SL1500_-768x773.jpg 768w, https:\/\/www.cnxiangfu.com\/wp-content\/uploads\/2025\/11\/9_91XTgPpgf7L._AC_SL1500_-600x604.jpg 600w, https:\/\/www.cnxiangfu.com\/wp-content\/uploads\/2025\/11\/9_91XTgPpgf7L._AC_SL1500_-100x100.jpg 100w\" sizes=\"(max-width: 1491px) 100vw, 1491px\" title=\"\">\t\t\t\t\t\t\t\t\t\t\t\t\t\t\t<\/div>\n\t\t\t\t\t<\/div>\n\t\t\t\t<\/div>\n\t\t\t\t<\/div>\n\t\t","protected":false},"excerpt":{"rendered":"<p>Nombre del producto: Bolsa<\/p>\n<p>de poli\u00e9ster Tama\u00f1o del producto: Ancho 15 cm x Alto 40 cm x Ancho inferior 12 cm (Unidad: Cent\u00edmetros)<\/p>\n<p> Tela de la bolsa: Poli\u00e9ster<\/p>\n<p>Asa: Tela<\/p>\n<p>de poli\u00e9ster Uso: Viajes, Compras, Uso diario<\/p>\n","protected":false},"featured_media":4138,"comment_status":"open","ping_status":"closed","template":"","meta":{"_acf_changed":false},"product_brand":[],"product_cat":[116],"product_tag":[],"class_list":{"0":"post-4123","1":"product","2":"type-product","3":"status-publish","4":"has-post-thumbnail","6":"product_cat-bolsa-de-poliester-personalizada","8":"first","9":"onbackorder","10":"shipping-taxable","11":"purchasable","12":"product-type-simple"},"acf":[],"_links":{"self":[{"href":"https:\/\/www.cnxiangfu.com\/es\/wp-json\/wp\/v2\/product\/4123","targetHints":{"allow":["GET"]}}],"collection":[{"href":"https:\/\/www.cnxiangfu.com\/es\/wp-json\/wp\/v2\/product"}],"about":[{"href":"https:\/\/www.cnxiangfu.com\/es\/wp-json\/wp\/v2\/types\/product"}],"replies":[{"embeddable":true,"href":"https:\/\/www.cnxiangfu.com\/es\/wp-json\/wp\/v2\/comments?post=4123"}],"version-history":[{"count":3,"href":"https:\/\/www.cnxiangfu.com\/es\/wp-json\/wp\/v2\/product\/4123\/revisions"}],"predecessor-version":[{"id":4387,"href":"https:\/\/www.cnxiangfu.com\/es\/wp-json\/wp\/v2\/product\/4123\/revisions\/4387"}],"wp:featuredmedia":[{"embeddable":true,"href":"https:\/\/www.cnxiangfu.com\/es\/wp-json\/wp\/v2\/media\/4138"}],"wp:attachment":[{"href":"https:\/\/www.cnxiangfu.com\/es\/wp-json\/wp\/v2\/media?parent=4123"}],"wp:term":[{"taxonomy":"product_brand","embeddable":true,"href":"https:\/\/www.cnxiangfu.com\/es\/wp-json\/wp\/v2\/product_brand?post=4123"},{"taxonomy":"product_cat","embeddable":true,"href":"https:\/\/www.cnxiangfu.com\/es\/wp-json\/wp\/v2\/product_cat?post=4123"},{"taxonomy":"product_tag","embeddable":true,"href":"https:\/\/www.cnxiangfu.com\/es\/wp-json\/wp\/v2\/product_tag?post=4123"}],"curies":[{"name":"wp","href":"https:\/\/api.w.org\/{rel}","templated":true}]}}