{"id":4203,"date":"2025-11-08T14:35:31","date_gmt":"2025-11-08T06:35:31","guid":{"rendered":"https:\/\/www.cnxiangfu.com\/?post_type=product&#038;p=4203"},"modified":"2025-11-08T16:55:15","modified_gmt":"2025-11-08T08:55:15","slug":"bolso-de-lona-de-diseno-con-bolsillo-externo-bolsa-de-compras-de-comestibles-reutilizable-cierre-de-cremallera-superior-elementos-esenciales-diarios-%e5%a4%8d%e5%88%b6","status":"publish","type":"product","link":"https:\/\/www.cnxiangfu.com\/es\/producto\/bolso-de-lona-de-diseno-con-bolsillo-externo-bolsa-de-compras-de-comestibles-reutilizable-cierre-de-cremallera-superior-elementos-esenciales-diarios-%e5%a4%8d%e5%88%b6\/","title":{"rendered":"Bolso de lona cl\u00e1sico personalizado (blanco y negro), bolsillo interior con cremallera Regalo de bricolaje, para boda, cumplea\u00f1os, playa, regalos perfectos para mujeres, mam\u00e1, maestros, amigos"},"content":{"rendered":"\t\t<div data-elementor-type=\"product-post\" data-elementor-id=\"4203\" class=\"elementor elementor-4203 elementor-4202\" data-elementor-post-type=\"product\">\n\t\t\t\t<div class=\"elementor-element elementor-element-31f5d34 e-flex e-con-boxed e-con e-parent\" data-id=\"31f5d34\" data-element_type=\"container\" data-e-type=\"container\">\n\t\t\t\t\t<div class=\"e-con-inner\">\n\t\t\t\t<div class=\"elementor-element elementor-element-c0ce038 elementor-widget elementor-widget-image\" data-id=\"c0ce038\" data-element_type=\"widget\" data-e-type=\"widget\" data-widget_type=\"image.default\">\n\t\t\t\t\t\t\t\t\t\t\t\t\t\t\t<img fetchpriority=\"high\" decoding=\"async\" width=\"1500\" height=\"1500\" src=\"https:\/\/www.cnxiangfu.com\/wp-content\/uploads\/2025\/11\/5-3.jpg\" class=\"attachment-full size-full wp-image-4450\" alt=\"\" srcset=\"https:\/\/www.cnxiangfu.com\/wp-content\/uploads\/2025\/11\/5-3.jpg 1500w, https:\/\/www.cnxiangfu.com\/wp-content\/uploads\/2025\/11\/5-3-300x300.jpg 300w, https:\/\/www.cnxiangfu.com\/wp-content\/uploads\/2025\/11\/5-3-1024x1024.jpg 1024w, https:\/\/www.cnxiangfu.com\/wp-content\/uploads\/2025\/11\/5-3-150x150.jpg 150w, https:\/\/www.cnxiangfu.com\/wp-content\/uploads\/2025\/11\/5-3-768x768.jpg 768w, https:\/\/www.cnxiangfu.com\/wp-content\/uploads\/2025\/11\/5-3-650x650.jpg 650w, https:\/\/www.cnxiangfu.com\/wp-content\/uploads\/2025\/11\/5-3-1300x1300.jpg 1300w, https:\/\/www.cnxiangfu.com\/wp-content\/uploads\/2025\/11\/5-3-600x600.jpg 600w, https:\/\/www.cnxiangfu.com\/wp-content\/uploads\/2025\/11\/5-3-100x100.jpg 100w\" sizes=\"(max-width: 1500px) 100vw, 1500px\" title=\"\">\t\t\t\t\t\t\t\t\t\t\t\t\t\t\t<\/div>\n\t\t\t\t<div class=\"elementor-element elementor-element-c88a8ac elementor-widget elementor-widget-image\" data-id=\"c88a8ac\" data-element_type=\"widget\" data-e-type=\"widget\" data-widget_type=\"image.default\">\n\t\t\t\t\t\t\t\t\t\t\t\t\t\t\t<img decoding=\"async\" width=\"1500\" height=\"1500\" src=\"https:\/\/www.cnxiangfu.com\/wp-content\/uploads\/2025\/11\/5-4.jpg\" class=\"attachment-full size-full wp-image-4451\" alt=\"\" srcset=\"https:\/\/www.cnxiangfu.com\/wp-content\/uploads\/2025\/11\/5-4.jpg 1500w, https:\/\/www.cnxiangfu.com\/wp-content\/uploads\/2025\/11\/5-4-300x300.jpg 300w, https:\/\/www.cnxiangfu.com\/wp-content\/uploads\/2025\/11\/5-4-1024x1024.jpg 1024w, https:\/\/www.cnxiangfu.com\/wp-content\/uploads\/2025\/11\/5-4-150x150.jpg 150w, https:\/\/www.cnxiangfu.com\/wp-content\/uploads\/2025\/11\/5-4-768x768.jpg 768w, https:\/\/www.cnxiangfu.com\/wp-content\/uploads\/2025\/11\/5-4-650x650.jpg 650w, https:\/\/www.cnxiangfu.com\/wp-content\/uploads\/2025\/11\/5-4-1300x1300.jpg 1300w, https:\/\/www.cnxiangfu.com\/wp-content\/uploads\/2025\/11\/5-4-600x600.jpg 600w, https:\/\/www.cnxiangfu.com\/wp-content\/uploads\/2025\/11\/5-4-100x100.jpg 100w\" sizes=\"(max-width: 1500px) 100vw, 1500px\" title=\"\">\t\t\t\t\t\t\t\t\t\t\t\t\t\t\t<\/div>\n\t\t\t\t<div class=\"elementor-element elementor-element-b9572a4 elementor-widget elementor-widget-image\" data-id=\"b9572a4\" data-element_type=\"widget\" data-e-type=\"widget\" data-widget_type=\"image.default\">\n\t\t\t\t\t\t\t\t\t\t\t\t\t\t\t<img decoding=\"async\" width=\"1500\" height=\"1500\" src=\"https:\/\/www.cnxiangfu.com\/wp-content\/uploads\/2025\/11\/5-7.jpg\" class=\"attachment-full size-full wp-image-4452\" alt=\"\" srcset=\"https:\/\/www.cnxiangfu.com\/wp-content\/uploads\/2025\/11\/5-7.jpg 1500w, https:\/\/www.cnxiangfu.com\/wp-content\/uploads\/2025\/11\/5-7-300x300.jpg 300w, https:\/\/www.cnxiangfu.com\/wp-content\/uploads\/2025\/11\/5-7-1024x1024.jpg 1024w, https:\/\/www.cnxiangfu.com\/wp-content\/uploads\/2025\/11\/5-7-150x150.jpg 150w, https:\/\/www.cnxiangfu.com\/wp-content\/uploads\/2025\/11\/5-7-768x768.jpg 768w, https:\/\/www.cnxiangfu.com\/wp-content\/uploads\/2025\/11\/5-7-650x650.jpg 650w, https:\/\/www.cnxiangfu.com\/wp-content\/uploads\/2025\/11\/5-7-1300x1300.jpg 1300w, https:\/\/www.cnxiangfu.com\/wp-content\/uploads\/2025\/11\/5-7-600x600.jpg 600w, https:\/\/www.cnxiangfu.com\/wp-content\/uploads\/2025\/11\/5-7-100x100.jpg 100w\" sizes=\"(max-width: 1500px) 100vw, 1500px\" title=\"\">\t\t\t\t\t\t\t\t\t\t\t\t\t\t\t<\/div>\n\t\t\t\t<div class=\"elementor-element elementor-element-acf7faa elementor-widget elementor-widget-image\" data-id=\"acf7faa\" data-element_type=\"widget\" data-e-type=\"widget\" data-widget_type=\"image.default\">\n\t\t\t\t\t\t\t\t\t\t\t\t\t\t\t<img loading=\"lazy\" decoding=\"async\" width=\"1500\" height=\"1500\" src=\"https:\/\/www.cnxiangfu.com\/wp-content\/uploads\/2025\/11\/5-6.jpg\" class=\"attachment-full size-full wp-image-4453\" alt=\"\" srcset=\"https:\/\/www.cnxiangfu.com\/wp-content\/uploads\/2025\/11\/5-6.jpg 1500w, https:\/\/www.cnxiangfu.com\/wp-content\/uploads\/2025\/11\/5-6-300x300.jpg 300w, https:\/\/www.cnxiangfu.com\/wp-content\/uploads\/2025\/11\/5-6-1024x1024.jpg 1024w, https:\/\/www.cnxiangfu.com\/wp-content\/uploads\/2025\/11\/5-6-150x150.jpg 150w, https:\/\/www.cnxiangfu.com\/wp-content\/uploads\/2025\/11\/5-6-768x768.jpg 768w, https:\/\/www.cnxiangfu.com\/wp-content\/uploads\/2025\/11\/5-6-650x650.jpg 650w, https:\/\/www.cnxiangfu.com\/wp-content\/uploads\/2025\/11\/5-6-1300x1300.jpg 1300w, https:\/\/www.cnxiangfu.com\/wp-content\/uploads\/2025\/11\/5-6-600x600.jpg 600w, https:\/\/www.cnxiangfu.com\/wp-content\/uploads\/2025\/11\/5-6-100x100.jpg 100w\" sizes=\"(max-width: 1500px) 100vw, 1500px\" title=\"\">\t\t\t\t\t\t\t\t\t\t\t\t\t\t\t<\/div>\n\t\t\t\t\t<\/div>\n\t\t\t\t<\/div>\n\t\t\t\t<\/div>\n\t\t","protected":false},"excerpt":{"rendered":"<p>Nombre del producto: Bolsa<\/p>\n<p>de lona Tama\u00f1o del producto: Ancho 47 cm x Alto 38 cm x Ancho inferior 12 cm (Unidad: Cent\u00edmetros)<\/p>\n<p> Tela de la bolsa: Lona<\/p>\n<p>Asa: Correa de algod\u00f3n gruesa, con gran capacidad<\/p>\n<p>de carga Uso: Viajes, Compras, Uso diario<\/p>\n","protected":false},"featured_media":4218,"comment_status":"open","ping_status":"closed","template":"","meta":{"_acf_changed":false},"product_brand":[],"product_cat":[95],"product_tag":[],"class_list":{"0":"post-4203","1":"product","2":"type-product","3":"status-publish","4":"has-post-thumbnail","6":"product_cat-bolsas-de-lona-personalizadas","8":"first","9":"onbackorder","10":"shipping-taxable","11":"purchasable","12":"product-type-simple"},"acf":[],"_links":{"self":[{"href":"https:\/\/www.cnxiangfu.com\/es\/wp-json\/wp\/v2\/product\/4203","targetHints":{"allow":["GET"]}}],"collection":[{"href":"https:\/\/www.cnxiangfu.com\/es\/wp-json\/wp\/v2\/product"}],"about":[{"href":"https:\/\/www.cnxiangfu.com\/es\/wp-json\/wp\/v2\/types\/product"}],"replies":[{"embeddable":true,"href":"https:\/\/www.cnxiangfu.com\/es\/wp-json\/wp\/v2\/comments?post=4203"}],"version-history":[{"count":3,"href":"https:\/\/www.cnxiangfu.com\/es\/wp-json\/wp\/v2\/product\/4203\/revisions"}],"predecessor-version":[{"id":4456,"href":"https:\/\/www.cnxiangfu.com\/es\/wp-json\/wp\/v2\/product\/4203\/revisions\/4456"}],"wp:featuredmedia":[{"embeddable":true,"href":"https:\/\/www.cnxiangfu.com\/es\/wp-json\/wp\/v2\/media\/4218"}],"wp:attachment":[{"href":"https:\/\/www.cnxiangfu.com\/es\/wp-json\/wp\/v2\/media?parent=4203"}],"wp:term":[{"taxonomy":"product_brand","embeddable":true,"href":"https:\/\/www.cnxiangfu.com\/es\/wp-json\/wp\/v2\/product_brand?post=4203"},{"taxonomy":"product_cat","embeddable":true,"href":"https:\/\/www.cnxiangfu.com\/es\/wp-json\/wp\/v2\/product_cat?post=4203"},{"taxonomy":"product_tag","embeddable":true,"href":"https:\/\/www.cnxiangfu.com\/es\/wp-json\/wp\/v2\/product_tag?post=4203"}],"curies":[{"name":"wp","href":"https:\/\/api.w.org\/{rel}","templated":true}]}}