{"id":4713,"date":"2025-11-10T10:46:00","date_gmt":"2025-11-10T02:46:00","guid":{"rendered":"https:\/\/www.cnxiangfu.com\/?post_type=product&#038;p=4713"},"modified":"2025-11-10T17:42:10","modified_gmt":"2025-11-10T09:42:10","slug":"bolsas-de-arpillera-con-cordon-bolsa-de-regalo-rustica-de-7x10-pulgadas-paquete-a-granel-para-tazas-tarros-de-albanil-navidad-adviento-bolsas-de-regalo-de-vacaciones-bolsas-de-favores-para-bodas","status":"publish","type":"product","link":"https:\/\/www.cnxiangfu.com\/es\/producto\/bolsas-de-arpillera-con-cordon-bolsa-de-regalo-rustica-de-7x10-pulgadas-paquete-a-granel-para-tazas-tarros-de-albanil-navidad-adviento-bolsas-de-regalo-de-vacaciones-bolsas-de-favores-para-bodas\/","title":{"rendered":"Bolsas de regalo de arpillera Bolsas de yute arpillera para bodas Bolsas de joyer\u00eda de lino con cord\u00f3n para cumplea\u00f1os, fiestas, favores de boda, regalos, arte y manualidades de bricolaje (25 piezas, caf\u00e9, 3&#8243; x 4&#8243;)"},"content":{"rendered":"\t\t<div data-elementor-type=\"product-post\" data-elementor-id=\"4713\" class=\"elementor elementor-4713 elementor-4712\" data-elementor-post-type=\"product\">\n\t\t\t\t<div class=\"elementor-element elementor-element-31f5d34 e-flex e-con-boxed e-con e-parent\" data-id=\"31f5d34\" data-element_type=\"container\" data-e-type=\"container\">\n\t\t\t\t\t<div class=\"e-con-inner\">\n\t\t\t\t<div class=\"elementor-element elementor-element-3e03ac4 elementor-widget elementor-widget-image\" data-id=\"3e03ac4\" data-element_type=\"widget\" data-e-type=\"widget\" data-widget_type=\"image.default\">\n\t\t\t\t\t\t\t\t\t\t\t\t\t\t\t<img fetchpriority=\"high\" decoding=\"async\" width=\"1200\" height=\"1490\" src=\"https:\/\/www.cnxiangfu.com\/wp-content\/uploads\/2025\/11\/2_61CslG1gL._AC_SL1500_.jpg\" class=\"attachment-full size-full wp-image-4908\" alt=\"\" srcset=\"https:\/\/www.cnxiangfu.com\/wp-content\/uploads\/2025\/11\/2_61CslG1gL._AC_SL1500_.jpg 1200w, https:\/\/www.cnxiangfu.com\/wp-content\/uploads\/2025\/11\/2_61CslG1gL._AC_SL1500_-242x300.jpg 242w, https:\/\/www.cnxiangfu.com\/wp-content\/uploads\/2025\/11\/2_61CslG1gL._AC_SL1500_-825x1024.jpg 825w, https:\/\/www.cnxiangfu.com\/wp-content\/uploads\/2025\/11\/2_61CslG1gL._AC_SL1500_-768x954.jpg 768w, https:\/\/www.cnxiangfu.com\/wp-content\/uploads\/2025\/11\/2_61CslG1gL._AC_SL1500_-600x745.jpg 600w\" sizes=\"(max-width: 1200px) 100vw, 1200px\" title=\"\">\t\t\t\t\t\t\t\t\t\t\t\t\t\t\t<\/div>\n\t\t\t\t<div class=\"elementor-element elementor-element-553f34a elementor-widget elementor-widget-image\" data-id=\"553f34a\" data-element_type=\"widget\" data-e-type=\"widget\" data-widget_type=\"image.default\">\n\t\t\t\t\t\t\t\t\t\t\t\t\t\t\t<img decoding=\"async\" width=\"1200\" height=\"1500\" src=\"https:\/\/www.cnxiangfu.com\/wp-content\/uploads\/2025\/11\/11_71KrKKewhAL._AC_SL1500_.jpg\" class=\"attachment-full size-full wp-image-4909\" alt=\"\" srcset=\"https:\/\/www.cnxiangfu.com\/wp-content\/uploads\/2025\/11\/11_71KrKKewhAL._AC_SL1500_.jpg 1200w, https:\/\/www.cnxiangfu.com\/wp-content\/uploads\/2025\/11\/11_71KrKKewhAL._AC_SL1500_-240x300.jpg 240w, https:\/\/www.cnxiangfu.com\/wp-content\/uploads\/2025\/11\/11_71KrKKewhAL._AC_SL1500_-819x1024.jpg 819w, https:\/\/www.cnxiangfu.com\/wp-content\/uploads\/2025\/11\/11_71KrKKewhAL._AC_SL1500_-768x960.jpg 768w, https:\/\/www.cnxiangfu.com\/wp-content\/uploads\/2025\/11\/11_71KrKKewhAL._AC_SL1500_-600x750.jpg 600w\" sizes=\"(max-width: 1200px) 100vw, 1200px\" title=\"\">\t\t\t\t\t\t\t\t\t\t\t\t\t\t\t<\/div>\n\t\t\t\t<div class=\"elementor-element elementor-element-afe466a elementor-widget elementor-widget-image\" data-id=\"afe466a\" data-element_type=\"widget\" data-e-type=\"widget\" data-widget_type=\"image.default\">\n\t\t\t\t\t\t\t\t\t\t\t\t\t\t\t<img decoding=\"async\" width=\"1200\" height=\"1500\" src=\"https:\/\/www.cnxiangfu.com\/wp-content\/uploads\/2025\/11\/6_71fbY1kTSrL._AC_SL1500_.jpg\" class=\"attachment-full size-full wp-image-4910\" alt=\"\" srcset=\"https:\/\/www.cnxiangfu.com\/wp-content\/uploads\/2025\/11\/6_71fbY1kTSrL._AC_SL1500_.jpg 1200w, https:\/\/www.cnxiangfu.com\/wp-content\/uploads\/2025\/11\/6_71fbY1kTSrL._AC_SL1500_-240x300.jpg 240w, https:\/\/www.cnxiangfu.com\/wp-content\/uploads\/2025\/11\/6_71fbY1kTSrL._AC_SL1500_-819x1024.jpg 819w, https:\/\/www.cnxiangfu.com\/wp-content\/uploads\/2025\/11\/6_71fbY1kTSrL._AC_SL1500_-768x960.jpg 768w, https:\/\/www.cnxiangfu.com\/wp-content\/uploads\/2025\/11\/6_71fbY1kTSrL._AC_SL1500_-600x750.jpg 600w\" sizes=\"(max-width: 1200px) 100vw, 1200px\" title=\"\">\t\t\t\t\t\t\t\t\t\t\t\t\t\t\t<\/div>\n\t\t\t\t\t<\/div>\n\t\t\t\t<\/div>\n\t\t\t\t<\/div>\n\t\t","protected":false},"excerpt":{"rendered":"<p>Nombre del producto: Bolsa<\/p>\n<p>de lona Tama\u00f1o del producto: Ancho 3 pulgadas x Altura 4 pulgadas (Unidad: pulgadas)<\/p>\n<p> Tela de la bolsa: Arpillera<\/p>\n<p>Asa: Correa de algod\u00f3n gruesa, con fuerte capacidad<\/p>\n<p>de carga Uso: Viajes, Compras, Uso diario<\/p>\n","protected":false},"featured_media":3000,"comment_status":"open","ping_status":"closed","template":"","meta":{"_acf_changed":false},"product_brand":[],"product_cat":[90,112,104],"product_tag":[],"class_list":{"0":"post-4713","1":"product","2":"type-product","3":"status-publish","4":"has-post-thumbnail","6":"product_cat-bolsa-con-cordon","7":"product_cat-bolsa-con-cordon-personalizada","8":"product_cat-bolsa-de-yute-personalizada","10":"first","11":"onbackorder","12":"shipping-taxable","13":"purchasable","14":"product-type-simple"},"acf":[],"_links":{"self":[{"href":"https:\/\/www.cnxiangfu.com\/es\/wp-json\/wp\/v2\/product\/4713","targetHints":{"allow":["GET"]}}],"collection":[{"href":"https:\/\/www.cnxiangfu.com\/es\/wp-json\/wp\/v2\/product"}],"about":[{"href":"https:\/\/www.cnxiangfu.com\/es\/wp-json\/wp\/v2\/types\/product"}],"replies":[{"embeddable":true,"href":"https:\/\/www.cnxiangfu.com\/es\/wp-json\/wp\/v2\/comments?post=4713"}],"version-history":[{"count":6,"href":"https:\/\/www.cnxiangfu.com\/es\/wp-json\/wp\/v2\/product\/4713\/revisions"}],"predecessor-version":[{"id":4911,"href":"https:\/\/www.cnxiangfu.com\/es\/wp-json\/wp\/v2\/product\/4713\/revisions\/4911"}],"wp:featuredmedia":[{"embeddable":true,"href":"https:\/\/www.cnxiangfu.com\/es\/wp-json\/wp\/v2\/media\/3000"}],"wp:attachment":[{"href":"https:\/\/www.cnxiangfu.com\/es\/wp-json\/wp\/v2\/media?parent=4713"}],"wp:term":[{"taxonomy":"product_brand","embeddable":true,"href":"https:\/\/www.cnxiangfu.com\/es\/wp-json\/wp\/v2\/product_brand?post=4713"},{"taxonomy":"product_cat","embeddable":true,"href":"https:\/\/www.cnxiangfu.com\/es\/wp-json\/wp\/v2\/product_cat?post=4713"},{"taxonomy":"product_tag","embeddable":true,"href":"https:\/\/www.cnxiangfu.com\/es\/wp-json\/wp\/v2\/product_tag?post=4713"}],"curies":[{"name":"wp","href":"https:\/\/api.w.org\/{rel}","templated":true}]}}