{"id":4989,"date":"2025-11-11T09:51:47","date_gmt":"2025-11-11T01:51:47","guid":{"rendered":"https:\/\/www.cnxiangfu.com\/?post_type=product&#038;p=4989"},"modified":"2025-11-12T10:42:25","modified_gmt":"2025-11-12T02:42:25","slug":"bolsos-cruzados-de-lona-en-blanco-bolsos-de-hombro-con-cremallera-para-ninos-bolsos-de-hombro-para-ninos-bolsos-de-pintura-de-tela-ligera-bolsos-de-tela-para-manualidades-con-cremallera-para-manuali-2","status":"publish","type":"product","link":"https:\/\/www.cnxiangfu.com\/es\/producto\/bolsos-cruzados-de-lona-en-blanco-bolsos-de-hombro-con-cremallera-para-ninos-bolsos-de-hombro-para-ninos-bolsos-de-pintura-de-tela-ligera-bolsos-de-tela-para-manualidades-con-cremallera-para-manuali-2\/","title":{"rendered":"Logotipo personalizado en bolsas de lona 100% algod\u00f3n, bolsas de tela de colores en blanco, bolsas de mano ecol\u00f3gicas te\u00f1idas, personalizaci\u00f3n de bolsas de lona de algod\u00f3n puro"},"content":{"rendered":"\t\t<div data-elementor-type=\"product-post\" data-elementor-id=\"4989\" class=\"elementor elementor-4989 elementor-4988\" data-elementor-post-type=\"product\">\n\t\t\t\t<div class=\"elementor-element elementor-element-31f5d34 e-flex e-con-boxed e-con e-parent\" data-id=\"31f5d34\" data-element_type=\"container\" data-e-type=\"container\">\n\t\t\t\t\t<div class=\"e-con-inner\">\n\t\t\t\t<div class=\"elementor-element elementor-element-15eb6b2 elementor-widget elementor-widget-image\" data-id=\"15eb6b2\" data-element_type=\"widget\" data-e-type=\"widget\" data-widget_type=\"image.default\">\n\t\t\t\t\t\t\t\t\t\t\t\t\t\t\t<img fetchpriority=\"high\" decoding=\"async\" width=\"1500\" height=\"1460\" src=\"https:\/\/www.cnxiangfu.com\/wp-content\/uploads\/2025\/11\/2_71cIrzljr5L._AC_SL1500_.jpg\" class=\"attachment-full size-full wp-image-5395\" alt=\"\" srcset=\"https:\/\/www.cnxiangfu.com\/wp-content\/uploads\/2025\/11\/2_71cIrzljr5L._AC_SL1500_.jpg 1500w, https:\/\/www.cnxiangfu.com\/wp-content\/uploads\/2025\/11\/2_71cIrzljr5L._AC_SL1500_-300x292.jpg 300w, https:\/\/www.cnxiangfu.com\/wp-content\/uploads\/2025\/11\/2_71cIrzljr5L._AC_SL1500_-1024x997.jpg 1024w, https:\/\/www.cnxiangfu.com\/wp-content\/uploads\/2025\/11\/2_71cIrzljr5L._AC_SL1500_-768x748.jpg 768w, https:\/\/www.cnxiangfu.com\/wp-content\/uploads\/2025\/11\/2_71cIrzljr5L._AC_SL1500_-600x584.jpg 600w\" sizes=\"(max-width: 1500px) 100vw, 1500px\" title=\"\">\t\t\t\t\t\t\t\t\t\t\t\t\t\t\t<\/div>\n\t\t\t\t<div class=\"elementor-element elementor-element-c55fcd3 elementor-widget elementor-widget-image\" data-id=\"c55fcd3\" data-element_type=\"widget\" data-e-type=\"widget\" data-widget_type=\"image.default\">\n\t\t\t\t\t\t\t\t\t\t\t\t\t\t\t<img decoding=\"async\" width=\"1467\" height=\"1500\" src=\"https:\/\/www.cnxiangfu.com\/wp-content\/uploads\/2025\/11\/3_610q9SzVL._AC_SL1500_.jpg\" class=\"attachment-full size-full wp-image-5396\" alt=\"\" srcset=\"https:\/\/www.cnxiangfu.com\/wp-content\/uploads\/2025\/11\/3_610q9SzVL._AC_SL1500_.jpg 1467w, https:\/\/www.cnxiangfu.com\/wp-content\/uploads\/2025\/11\/3_610q9SzVL._AC_SL1500_-293x300.jpg 293w, https:\/\/www.cnxiangfu.com\/wp-content\/uploads\/2025\/11\/3_610q9SzVL._AC_SL1500_-1001x1024.jpg 1001w, https:\/\/www.cnxiangfu.com\/wp-content\/uploads\/2025\/11\/3_610q9SzVL._AC_SL1500_-768x785.jpg 768w, https:\/\/www.cnxiangfu.com\/wp-content\/uploads\/2025\/11\/3_610q9SzVL._AC_SL1500_-600x613.jpg 600w\" sizes=\"(max-width: 1467px) 100vw, 1467px\" title=\"\">\t\t\t\t\t\t\t\t\t\t\t\t\t\t\t<\/div>\n\t\t\t\t<div class=\"elementor-element elementor-element-5a7f132 elementor-widget elementor-widget-image\" data-id=\"5a7f132\" data-element_type=\"widget\" data-e-type=\"widget\" data-widget_type=\"image.default\">\n\t\t\t\t\t\t\t\t\t\t\t\t\t\t\t<img decoding=\"async\" width=\"1478\" height=\"1500\" src=\"https:\/\/www.cnxiangfu.com\/wp-content\/uploads\/2025\/11\/7_61aLIniy4bL._AC_SL1500_.jpg\" class=\"attachment-full size-full wp-image-5397\" alt=\"\" srcset=\"https:\/\/www.cnxiangfu.com\/wp-content\/uploads\/2025\/11\/7_61aLIniy4bL._AC_SL1500_.jpg 1478w, https:\/\/www.cnxiangfu.com\/wp-content\/uploads\/2025\/11\/7_61aLIniy4bL._AC_SL1500_-296x300.jpg 296w, https:\/\/www.cnxiangfu.com\/wp-content\/uploads\/2025\/11\/7_61aLIniy4bL._AC_SL1500_-1009x1024.jpg 1009w, https:\/\/www.cnxiangfu.com\/wp-content\/uploads\/2025\/11\/7_61aLIniy4bL._AC_SL1500_-768x779.jpg 768w, https:\/\/www.cnxiangfu.com\/wp-content\/uploads\/2025\/11\/7_61aLIniy4bL._AC_SL1500_-600x609.jpg 600w, https:\/\/www.cnxiangfu.com\/wp-content\/uploads\/2025\/11\/7_61aLIniy4bL._AC_SL1500_-100x100.jpg 100w\" sizes=\"(max-width: 1478px) 100vw, 1478px\" title=\"\">\t\t\t\t\t\t\t\t\t\t\t\t\t\t\t<\/div>\n\t\t\t\t\t<\/div>\n\t\t\t\t<\/div>\n\t\t\t\t<\/div>\n\t\t","protected":false},"excerpt":{"rendered":"<p>Nombre del producto: Bolsa<\/p>\n<p>de lona Tama\u00f1o del producto: Ancho 40 cm x Alto 38 cm x Ancho inferior 12 cm (Unidad: Cent\u00edmetros)<\/p>\n<p> Tela de la bolsa: Lona<\/p>\n<p>Asa: Correa de algod\u00f3n gruesa, con gran capacidad<\/p>\n<p>de carga Uso: Viajes, Compras, Uso diario<\/p>\n","protected":false},"featured_media":5224,"comment_status":"open","ping_status":"closed","template":"","meta":{"_acf_changed":false},"product_brand":[],"product_cat":[95,69],"product_tag":[],"class_list":{"0":"post-4989","1":"product","2":"type-product","3":"status-publish","4":"has-post-thumbnail","6":"product_cat-bolsas-de-lona-personalizadas","7":"product_cat-sin-categoria","9":"first","10":"onbackorder","11":"shipping-taxable","12":"purchasable","13":"product-type-simple"},"acf":[],"_links":{"self":[{"href":"https:\/\/www.cnxiangfu.com\/es\/wp-json\/wp\/v2\/product\/4989","targetHints":{"allow":["GET"]}}],"collection":[{"href":"https:\/\/www.cnxiangfu.com\/es\/wp-json\/wp\/v2\/product"}],"about":[{"href":"https:\/\/www.cnxiangfu.com\/es\/wp-json\/wp\/v2\/types\/product"}],"replies":[{"embeddable":true,"href":"https:\/\/www.cnxiangfu.com\/es\/wp-json\/wp\/v2\/comments?post=4989"}],"version-history":[{"count":9,"href":"https:\/\/www.cnxiangfu.com\/es\/wp-json\/wp\/v2\/product\/4989\/revisions"}],"predecessor-version":[{"id":5401,"href":"https:\/\/www.cnxiangfu.com\/es\/wp-json\/wp\/v2\/product\/4989\/revisions\/5401"}],"wp:featuredmedia":[{"embeddable":true,"href":"https:\/\/www.cnxiangfu.com\/es\/wp-json\/wp\/v2\/media\/5224"}],"wp:attachment":[{"href":"https:\/\/www.cnxiangfu.com\/es\/wp-json\/wp\/v2\/media?parent=4989"}],"wp:term":[{"taxonomy":"product_brand","embeddable":true,"href":"https:\/\/www.cnxiangfu.com\/es\/wp-json\/wp\/v2\/product_brand?post=4989"},{"taxonomy":"product_cat","embeddable":true,"href":"https:\/\/www.cnxiangfu.com\/es\/wp-json\/wp\/v2\/product_cat?post=4989"},{"taxonomy":"product_tag","embeddable":true,"href":"https:\/\/www.cnxiangfu.com\/es\/wp-json\/wp\/v2\/product_tag?post=4989"}],"curies":[{"name":"wp","href":"https:\/\/api.w.org\/{rel}","templated":true}]}}