{"id":6421,"date":"2025-11-27T09:24:13","date_gmt":"2025-11-27T01:24:13","guid":{"rendered":"https:\/\/www.cnxiangfu.com\/?post_type=product&#038;p=6421"},"modified":"2025-12-01T16:31:52","modified_gmt":"2025-12-01T08:31:52","slug":"juego-de-bolsas-de-mano-de-arpillera-con-asas-bolsas-de-supermercado-impermeables-reutilizables-en-blanco-resistentes-al-agua-con-cinta-bolsa-grande-de-yute-de-1535-6-12-pulgadas-para-mujeres-2","status":"publish","type":"product","link":"https:\/\/www.cnxiangfu.com\/es\/producto\/juego-de-bolsas-de-mano-de-arpillera-con-asas-bolsas-de-supermercado-impermeables-reutilizables-en-blanco-resistentes-al-agua-con-cinta-bolsa-grande-de-yute-de-1535-6-12-pulgadas-para-mujeres-2\/","title":{"rendered":"Bolso transfronterizo de alta calidad para impresi\u00f3n personalizada de logotipos, promoci\u00f3n de publicidad empresarial port\u00e1til, lienzo con mango"},"content":{"rendered":"\t\t<div data-elementor-type=\"product-post\" data-elementor-id=\"6421\" class=\"elementor elementor-6421 elementor-6420\" data-elementor-post-type=\"product\">\n\t\t\t\t<div class=\"elementor-element elementor-element-31f5d34 e-flex e-con-boxed e-con e-parent\" data-id=\"31f5d34\" data-element_type=\"container\" data-e-type=\"container\">\n\t\t\t\t\t<div class=\"e-con-inner\">\n\t\t\t\t<div class=\"elementor-element elementor-element-eb69c31 elementor-widget elementor-widget-image\" data-id=\"eb69c31\" data-element_type=\"widget\" data-e-type=\"widget\" data-widget_type=\"image.default\">\n\t\t\t\t\t\t\t\t\t\t\t\t\t\t\t<img fetchpriority=\"high\" decoding=\"async\" width=\"800\" height=\"800\" src=\"https:\/\/www.cnxiangfu.com\/wp-content\/uploads\/2025\/11\/4.2-1.jpg\" class=\"attachment-full size-full wp-image-7745\" alt=\"\" srcset=\"https:\/\/www.cnxiangfu.com\/wp-content\/uploads\/2025\/11\/4.2-1.jpg 800w, https:\/\/www.cnxiangfu.com\/wp-content\/uploads\/2025\/11\/4.2-1-300x300.jpg 300w, https:\/\/www.cnxiangfu.com\/wp-content\/uploads\/2025\/11\/4.2-1-150x150.jpg 150w, https:\/\/www.cnxiangfu.com\/wp-content\/uploads\/2025\/11\/4.2-1-768x768.jpg 768w, https:\/\/www.cnxiangfu.com\/wp-content\/uploads\/2025\/11\/4.2-1-650x650.jpg 650w, https:\/\/www.cnxiangfu.com\/wp-content\/uploads\/2025\/11\/4.2-1-600x600.jpg 600w, https:\/\/www.cnxiangfu.com\/wp-content\/uploads\/2025\/11\/4.2-1-100x100.jpg 100w\" sizes=\"(max-width: 800px) 100vw, 800px\" title=\"\">\t\t\t\t\t\t\t\t\t\t\t\t\t\t\t<\/div>\n\t\t\t\t<div class=\"elementor-element elementor-element-479ffce elementor-widget elementor-widget-image\" data-id=\"479ffce\" data-element_type=\"widget\" data-e-type=\"widget\" data-widget_type=\"image.default\">\n\t\t\t\t\t\t\t\t\t\t\t\t\t\t\t<img decoding=\"async\" width=\"800\" height=\"800\" src=\"https:\/\/www.cnxiangfu.com\/wp-content\/uploads\/2025\/11\/4.3.jpg\" class=\"attachment-full size-full wp-image-7746\" alt=\"\" srcset=\"https:\/\/www.cnxiangfu.com\/wp-content\/uploads\/2025\/11\/4.3.jpg 800w, https:\/\/www.cnxiangfu.com\/wp-content\/uploads\/2025\/11\/4.3-300x300.jpg 300w, https:\/\/www.cnxiangfu.com\/wp-content\/uploads\/2025\/11\/4.3-150x150.jpg 150w, https:\/\/www.cnxiangfu.com\/wp-content\/uploads\/2025\/11\/4.3-768x768.jpg 768w, https:\/\/www.cnxiangfu.com\/wp-content\/uploads\/2025\/11\/4.3-650x650.jpg 650w, https:\/\/www.cnxiangfu.com\/wp-content\/uploads\/2025\/11\/4.3-600x600.jpg 600w, https:\/\/www.cnxiangfu.com\/wp-content\/uploads\/2025\/11\/4.3-100x100.jpg 100w\" sizes=\"(max-width: 800px) 100vw, 800px\" title=\"\">\t\t\t\t\t\t\t\t\t\t\t\t\t\t\t<\/div>\n\t\t\t\t<div class=\"elementor-element elementor-element-cf4a18d elementor-widget elementor-widget-image\" data-id=\"cf4a18d\" data-element_type=\"widget\" data-e-type=\"widget\" data-widget_type=\"image.default\">\n\t\t\t\t\t\t\t\t\t\t\t\t\t\t\t<img decoding=\"async\" width=\"720\" height=\"720\" src=\"https:\/\/www.cnxiangfu.com\/wp-content\/uploads\/2025\/11\/4.4.jpg\" class=\"attachment-full size-full wp-image-7747\" alt=\"\" srcset=\"https:\/\/www.cnxiangfu.com\/wp-content\/uploads\/2025\/11\/4.4.jpg 720w, https:\/\/www.cnxiangfu.com\/wp-content\/uploads\/2025\/11\/4.4-300x300.jpg 300w, https:\/\/www.cnxiangfu.com\/wp-content\/uploads\/2025\/11\/4.4-150x150.jpg 150w, https:\/\/www.cnxiangfu.com\/wp-content\/uploads\/2025\/11\/4.4-650x650.jpg 650w, https:\/\/www.cnxiangfu.com\/wp-content\/uploads\/2025\/11\/4.4-600x600.jpg 600w, https:\/\/www.cnxiangfu.com\/wp-content\/uploads\/2025\/11\/4.4-100x100.jpg 100w\" sizes=\"(max-width: 720px) 100vw, 720px\" title=\"\">\t\t\t\t\t\t\t\t\t\t\t\t\t\t\t<\/div>\n\t\t\t\t\t<\/div>\n\t\t\t\t<\/div>\n\t\t\t\t<\/div>\n\t\t","protected":false},"excerpt":{"rendered":"<p>Nombre del producto: Bolso de lona Tama\u00f1o del producto: 42cm x Alto 31cm x Ancho inferior 20cm (Unidad: cent\u00edmetros)<\/p>\n<p> Tela: arpillera<\/p>\n<p>Asa: Correa de algod\u00f3n gruesa, con gran capacidad de carga<\/p>\n<p>Uso: Viajes, compras, uso diario<\/p>\n","protected":false},"featured_media":3000,"comment_status":"open","ping_status":"closed","template":"","meta":{"_acf_changed":false},"product_brand":[],"product_cat":[104],"product_tag":[381,292,383,384,382,386,385],"class_list":{"0":"post-6421","1":"product","2":"type-product","3":"status-publish","4":"has-post-thumbnail","6":"product_cat-bolsa-de-yute-personalizada","7":"product_tag-bolsa-de-yute","8":"product_tag-bolsas-de-yute-al-por-mayor","9":"product_tag-fabrica-de-bolsas-de-yute","10":"product_tag-fabrica-de-bolsas-de-yute-de-china","11":"product_tag-fabricante-de-bolsas-de-yute","12":"product_tag-precio-de-la-bolsa-de-yute","13":"product_tag-proveedor-de-bolsas-de-yute","15":"first","16":"onbackorder","17":"shipping-taxable","18":"purchasable","19":"product-type-simple"},"acf":[],"_links":{"self":[{"href":"https:\/\/www.cnxiangfu.com\/es\/wp-json\/wp\/v2\/product\/6421","targetHints":{"allow":["GET"]}}],"collection":[{"href":"https:\/\/www.cnxiangfu.com\/es\/wp-json\/wp\/v2\/product"}],"about":[{"href":"https:\/\/www.cnxiangfu.com\/es\/wp-json\/wp\/v2\/types\/product"}],"replies":[{"embeddable":true,"href":"https:\/\/www.cnxiangfu.com\/es\/wp-json\/wp\/v2\/comments?post=6421"}],"version-history":[{"count":7,"href":"https:\/\/www.cnxiangfu.com\/es\/wp-json\/wp\/v2\/product\/6421\/revisions"}],"predecessor-version":[{"id":7749,"href":"https:\/\/www.cnxiangfu.com\/es\/wp-json\/wp\/v2\/product\/6421\/revisions\/7749"}],"wp:featuredmedia":[{"embeddable":true,"href":"https:\/\/www.cnxiangfu.com\/es\/wp-json\/wp\/v2\/media\/3000"}],"wp:attachment":[{"href":"https:\/\/www.cnxiangfu.com\/es\/wp-json\/wp\/v2\/media?parent=6421"}],"wp:term":[{"taxonomy":"product_brand","embeddable":true,"href":"https:\/\/www.cnxiangfu.com\/es\/wp-json\/wp\/v2\/product_brand?post=6421"},{"taxonomy":"product_cat","embeddable":true,"href":"https:\/\/www.cnxiangfu.com\/es\/wp-json\/wp\/v2\/product_cat?post=6421"},{"taxonomy":"product_tag","embeddable":true,"href":"https:\/\/www.cnxiangfu.com\/es\/wp-json\/wp\/v2\/product_tag?post=6421"}],"curies":[{"name":"wp","href":"https:\/\/api.w.org\/{rel}","templated":true}]}}