{"id":7009,"date":"2025-11-29T10:23:47","date_gmt":"2025-11-29T02:23:47","guid":{"rendered":"https:\/\/www.cnxiangfu.com\/?post_type=product&#038;p=7009"},"modified":"2025-11-30T16:55:56","modified_gmt":"2025-11-30T08:55:56","slug":"regalos-divertidos-trabajadora-social-profesora-de-logopedia-terapia-fisica-obsequios-bolsa-de-lona-para-navidad-%e5%a4%8d%e5%88%b6-2","status":"publish","type":"product","link":"https:\/\/www.cnxiangfu.com\/es\/producto\/regalos-divertidos-trabajadora-social-profesora-de-logopedia-terapia-fisica-obsequios-bolsa-de-lona-para-navidad-%e5%a4%8d%e5%88%b6-2\/","title":{"rendered":"Bolsillo de maquillaje personalizado de rosa Jacquard al por mayor, bolso cosm\u00e9tico de moda para viajeros, neceser\u00edn de maquillaje para mujer, neceser\u00edn cosm\u00e9tico"},"content":{"rendered":"\t\t<div data-elementor-type=\"product-post\" data-elementor-id=\"7009\" class=\"elementor elementor-7009 elementor-7008\" data-elementor-post-type=\"product\">\n\t\t\t\t<div class=\"elementor-element elementor-element-31f5d34 e-flex e-con-boxed e-con e-parent\" data-id=\"31f5d34\" data-element_type=\"container\" data-e-type=\"container\">\n\t\t\t\t\t<div class=\"e-con-inner\">\n\t\t\t\t<div class=\"elementor-element elementor-element-c0ce038 elementor-widget elementor-widget-image\" data-id=\"c0ce038\" data-element_type=\"widget\" data-e-type=\"widget\" data-widget_type=\"image.default\">\n\t\t\t\t\t\t\t\t\t\t\t\t\t\t\t<img fetchpriority=\"high\" decoding=\"async\" width=\"800\" height=\"800\" src=\"https:\/\/www.cnxiangfu.com\/wp-content\/uploads\/2025\/11\/9_Hab00b4d629374d0282cf9084bbfc9876x.jpg\" class=\"attachment-full size-full wp-image-7243\" alt=\"\" srcset=\"https:\/\/www.cnxiangfu.com\/wp-content\/uploads\/2025\/11\/9_Hab00b4d629374d0282cf9084bbfc9876x.jpg 800w, https:\/\/www.cnxiangfu.com\/wp-content\/uploads\/2025\/11\/9_Hab00b4d629374d0282cf9084bbfc9876x-300x300.jpg 300w, https:\/\/www.cnxiangfu.com\/wp-content\/uploads\/2025\/11\/9_Hab00b4d629374d0282cf9084bbfc9876x-150x150.jpg 150w, https:\/\/www.cnxiangfu.com\/wp-content\/uploads\/2025\/11\/9_Hab00b4d629374d0282cf9084bbfc9876x-768x768.jpg 768w, https:\/\/www.cnxiangfu.com\/wp-content\/uploads\/2025\/11\/9_Hab00b4d629374d0282cf9084bbfc9876x-650x650.jpg 650w, https:\/\/www.cnxiangfu.com\/wp-content\/uploads\/2025\/11\/9_Hab00b4d629374d0282cf9084bbfc9876x-600x600.jpg 600w, https:\/\/www.cnxiangfu.com\/wp-content\/uploads\/2025\/11\/9_Hab00b4d629374d0282cf9084bbfc9876x-100x100.jpg 100w\" sizes=\"(max-width: 800px) 100vw, 800px\" title=\"\">\t\t\t\t\t\t\t\t\t\t\t\t\t\t\t<\/div>\n\t\t\t\t<div class=\"elementor-element elementor-element-46ac89c elementor-widget elementor-widget-image\" data-id=\"46ac89c\" data-element_type=\"widget\" data-e-type=\"widget\" data-widget_type=\"image.default\">\n\t\t\t\t\t\t\t\t\t\t\t\t\t\t\t<img decoding=\"async\" width=\"800\" height=\"800\" src=\"https:\/\/www.cnxiangfu.com\/wp-content\/uploads\/2025\/11\/13_H89beb53ffaa645ba81561506198f3d99V.jpg\" class=\"attachment-full size-full wp-image-7245\" alt=\"\" srcset=\"https:\/\/www.cnxiangfu.com\/wp-content\/uploads\/2025\/11\/13_H89beb53ffaa645ba81561506198f3d99V.jpg 800w, https:\/\/www.cnxiangfu.com\/wp-content\/uploads\/2025\/11\/13_H89beb53ffaa645ba81561506198f3d99V-300x300.jpg 300w, https:\/\/www.cnxiangfu.com\/wp-content\/uploads\/2025\/11\/13_H89beb53ffaa645ba81561506198f3d99V-150x150.jpg 150w, https:\/\/www.cnxiangfu.com\/wp-content\/uploads\/2025\/11\/13_H89beb53ffaa645ba81561506198f3d99V-768x768.jpg 768w, https:\/\/www.cnxiangfu.com\/wp-content\/uploads\/2025\/11\/13_H89beb53ffaa645ba81561506198f3d99V-650x650.jpg 650w, https:\/\/www.cnxiangfu.com\/wp-content\/uploads\/2025\/11\/13_H89beb53ffaa645ba81561506198f3d99V-600x600.jpg 600w, https:\/\/www.cnxiangfu.com\/wp-content\/uploads\/2025\/11\/13_H89beb53ffaa645ba81561506198f3d99V-100x100.jpg 100w\" sizes=\"(max-width: 800px) 100vw, 800px\" title=\"\">\t\t\t\t\t\t\t\t\t\t\t\t\t\t\t<\/div>\n\t\t\t\t<div class=\"elementor-element elementor-element-94d938f elementor-widget elementor-widget-image\" data-id=\"94d938f\" data-element_type=\"widget\" data-e-type=\"widget\" data-widget_type=\"image.default\">\n\t\t\t\t\t\t\t\t\t\t\t\t\t\t\t<img decoding=\"async\" width=\"750\" height=\"1030\" src=\"https:\/\/www.cnxiangfu.com\/wp-content\/uploads\/2025\/11\/15_Haa39caf6616d4f1cb8daa46913bde400I.jpg\" class=\"attachment-full size-full wp-image-7246\" alt=\"\" srcset=\"https:\/\/www.cnxiangfu.com\/wp-content\/uploads\/2025\/11\/15_Haa39caf6616d4f1cb8daa46913bde400I.jpg 750w, https:\/\/www.cnxiangfu.com\/wp-content\/uploads\/2025\/11\/15_Haa39caf6616d4f1cb8daa46913bde400I-218x300.jpg 218w, https:\/\/www.cnxiangfu.com\/wp-content\/uploads\/2025\/11\/15_Haa39caf6616d4f1cb8daa46913bde400I-746x1024.jpg 746w, https:\/\/www.cnxiangfu.com\/wp-content\/uploads\/2025\/11\/15_Haa39caf6616d4f1cb8daa46913bde400I-600x824.jpg 600w\" sizes=\"(max-width: 750px) 100vw, 750px\" title=\"\">\t\t\t\t\t\t\t\t\t\t\t\t\t\t\t<\/div>\n\t\t\t\t\t<\/div>\n\t\t\t\t<\/div>\n\t\t\t\t<\/div>\n\t\t","protected":false},"excerpt":{"rendered":"<p>Nombre del producto: Bolso Tama\u00f1o del producto: Ancho 40cm x Altura 33cm (Unidad: Cent\u00edmetros)<\/p>\n<p> Tela: lona<\/p>\n<p>Mango: Correa gruesa de algod\u00f3n, con gran capacidad de carga<\/p>\n<p>Uso: Viajes, compras, uso diario<\/p>\n","protected":false},"featured_media":6076,"comment_status":"open","ping_status":"closed","template":"","meta":{"_acf_changed":false},"product_brand":[],"product_cat":[95],"product_tag":[252,250,249,251,253],"class_list":{"0":"post-7009","1":"product","2":"type-product","3":"status-publish","4":"has-post-thumbnail","6":"product_cat-bolsas-de-lona-personalizadas","7":"product_tag-bolsas-de-cosmeticos-de-viaje-al-por-mayor","8":"product_tag-bolsas-de-cosmeticos-de-viaje-para-hombres","9":"product_tag-bolso-cosmetico-para-viajes","10":"product_tag-fabricantes-de-bolsas-de-cosmeticos-de-viaje-de-china","11":"product_tag-fabricas-de-bolsas-de-viaje-cosmeticas-de-china","13":"first","14":"onbackorder","15":"shipping-taxable","16":"purchasable","17":"product-type-simple"},"acf":[],"_links":{"self":[{"href":"https:\/\/www.cnxiangfu.com\/es\/wp-json\/wp\/v2\/product\/7009","targetHints":{"allow":["GET"]}}],"collection":[{"href":"https:\/\/www.cnxiangfu.com\/es\/wp-json\/wp\/v2\/product"}],"about":[{"href":"https:\/\/www.cnxiangfu.com\/es\/wp-json\/wp\/v2\/types\/product"}],"replies":[{"embeddable":true,"href":"https:\/\/www.cnxiangfu.com\/es\/wp-json\/wp\/v2\/comments?post=7009"}],"version-history":[{"count":4,"href":"https:\/\/www.cnxiangfu.com\/es\/wp-json\/wp\/v2\/product\/7009\/revisions"}],"predecessor-version":[{"id":7306,"href":"https:\/\/www.cnxiangfu.com\/es\/wp-json\/wp\/v2\/product\/7009\/revisions\/7306"}],"wp:featuredmedia":[{"embeddable":true,"href":"https:\/\/www.cnxiangfu.com\/es\/wp-json\/wp\/v2\/media\/6076"}],"wp:attachment":[{"href":"https:\/\/www.cnxiangfu.com\/es\/wp-json\/wp\/v2\/media?parent=7009"}],"wp:term":[{"taxonomy":"product_brand","embeddable":true,"href":"https:\/\/www.cnxiangfu.com\/es\/wp-json\/wp\/v2\/product_brand?post=7009"},{"taxonomy":"product_cat","embeddable":true,"href":"https:\/\/www.cnxiangfu.com\/es\/wp-json\/wp\/v2\/product_cat?post=7009"},{"taxonomy":"product_tag","embeddable":true,"href":"https:\/\/www.cnxiangfu.com\/es\/wp-json\/wp\/v2\/product_tag?post=7009"}],"curies":[{"name":"wp","href":"https:\/\/api.w.org\/{rel}","templated":true}]}}