{"id":7758,"date":"2025-12-01T14:59:12","date_gmt":"2025-12-01T06:59:12","guid":{"rendered":"https:\/\/www.cnxiangfu.com\/product\/bolsas-de-cosmeticos-para-mujer-bolsa-de-cosmeticos-seersucker-bolsa-de-maquillaje-de-rayas-para-articulos-de-aseo-de-viaje-bolsa-grande-para-organizadores-esteticos-para-mujer-bolsos-de-nina-y-bo\/"},"modified":"2025-12-01T14:59:12","modified_gmt":"2025-12-01T06:59:12","slug":"bolsas-de-cosmeticos-para-mujer-bolsa-de-cosmeticos-seersucker-bolsa-de-maquillaje-de-rayas-para-articulos-de-aseo-de-viaje-bolsa-grande-para-organizadores-esteticos-para-mujer-bolsos-de-nina-y-bo","status":"publish","type":"product","link":"https:\/\/www.cnxiangfu.com\/es\/producto\/bolsas-de-cosmeticos-para-mujer-bolsa-de-cosmeticos-seersucker-bolsa-de-maquillaje-de-rayas-para-articulos-de-aseo-de-viaje-bolsa-grande-para-organizadores-esteticos-para-mujer-bolsos-de-nina-y-bo\/","title":{"rendered":"Bolsas de cosm\u00e9ticos para mujer, bolsa de cosm\u00e9ticos Seersucker, bolsa de maquillaje de rayas para art\u00edculos de aseo de viaje, bolsa grande para organizadores est\u00e9ticos para mujer, bolsos de ni\u00f1a y bolsos, marr\u00f3n"},"content":{"rendered":"<p>Nombre del producto: Bolso<br \/>\nde lona Tama\u00f1o del producto: Ancho 15 x Alto 13 x Ancho lateral 5 (Unidad: Pulgadas)<br \/>\n Tela: Lienzo<br \/>\nMango: Correa gruesa de algod\u00f3n, con gran capacidad de carga<br \/>\nUso: Viajes, compras, uso diario<\/p>\n","protected":false},"excerpt":{"rendered":"<p>Nombre del producto: Bolso de lona Tama\u00f1o del producto: Ancho 15 x Alto 13 x Ancho lateral 5 (Unidad: Pulgadas) Tela: Lienzo Mango: Correa gruesa de algod\u00f3n, con gran capacidad de carga Uso: Viajes, compras, uso diario<\/p>\n","protected":false},"featured_media":7548,"comment_status":"closed","ping_status":"closed","template":"","meta":{"_acf_changed":false},"product_brand":[],"product_cat":[472],"product_tag":[],"class_list":{"0":"post-7758","1":"product","2":"type-product","3":"status-publish","4":"has-post-thumbnail","6":"product_cat-sin-categoria-2","8":"first","9":"onbackorder","10":"shipping-taxable","11":"purchasable","12":"product-type-simple"},"acf":[],"_links":{"self":[{"href":"https:\/\/www.cnxiangfu.com\/es\/wp-json\/wp\/v2\/product\/7758","targetHints":{"allow":["GET"]}}],"collection":[{"href":"https:\/\/www.cnxiangfu.com\/es\/wp-json\/wp\/v2\/product"}],"about":[{"href":"https:\/\/www.cnxiangfu.com\/es\/wp-json\/wp\/v2\/types\/product"}],"replies":[{"embeddable":true,"href":"https:\/\/www.cnxiangfu.com\/es\/wp-json\/wp\/v2\/comments?post=7758"}],"version-history":[{"count":0,"href":"https:\/\/www.cnxiangfu.com\/es\/wp-json\/wp\/v2\/product\/7758\/revisions"}],"wp:featuredmedia":[{"embeddable":true,"href":"https:\/\/www.cnxiangfu.com\/es\/wp-json\/wp\/v2\/media\/7548"}],"wp:attachment":[{"href":"https:\/\/www.cnxiangfu.com\/es\/wp-json\/wp\/v2\/media?parent=7758"}],"wp:term":[{"taxonomy":"product_brand","embeddable":true,"href":"https:\/\/www.cnxiangfu.com\/es\/wp-json\/wp\/v2\/product_brand?post=7758"},{"taxonomy":"product_cat","embeddable":true,"href":"https:\/\/www.cnxiangfu.com\/es\/wp-json\/wp\/v2\/product_cat?post=7758"},{"taxonomy":"product_tag","embeddable":true,"href":"https:\/\/www.cnxiangfu.com\/es\/wp-json\/wp\/v2\/product_tag?post=7758"}],"curies":[{"name":"wp","href":"https:\/\/api.w.org\/{rel}","templated":true}]}}