{"id":7796,"date":"2025-12-01T15:07:01","date_gmt":"2025-12-01T07:07:01","guid":{"rendered":"https:\/\/www.cnxiangfu.com\/product\/bolsas-de-cosmeticos-para-mujer-bolsa-de-cosmeticos-seersucker-bolsa-de-maquillaje-de-rayas-para-articulos-de-aseo-de-viaje-bolsa-grande-para-organizadores-esteticos-para-mujer-bolsos-de-nina-y-bo-2\/"},"modified":"2025-12-01T15:07:01","modified_gmt":"2025-12-01T07:07:01","slug":"bolsas-de-cosmeticos-para-mujer-bolsa-de-cosmeticos-seersucker-bolsa-de-maquillaje-de-rayas-para-articulos-de-aseo-de-viaje-bolsa-grande-para-organizadores-esteticos-para-mujer-bolsos-de-nina-y-bo-2","status":"publish","type":"product","link":"https:\/\/www.cnxiangfu.com\/es\/producto\/bolsas-de-cosmeticos-para-mujer-bolsa-de-cosmeticos-seersucker-bolsa-de-maquillaje-de-rayas-para-articulos-de-aseo-de-viaje-bolsa-grande-para-organizadores-esteticos-para-mujer-bolsos-de-nina-y-bo-2\/","title":{"rendered":"Bolsas de cosm\u00e9ticos para mujer, bolsa de cosm\u00e9ticos Seersucker, bolsa de maquillaje de rayas para art\u00edculos de aseo de viaje, bolsa grande para organizadores est\u00e9ticos para mujer, bolsos de ni\u00f1a y bolsos, marr\u00f3n"},"content":{"rendered":"<p>Nombre del producto: Bolso<br \/>\nde lona Tela de la bolsa Tela: Lienzo<br \/>\nAsa: Correa gruesa de algod\u00f3n, con gran capacidad<br \/>\nde carga Uso: Viajes, compras, uso diario<\/p>\n","protected":false},"excerpt":{"rendered":"<p>Nombre del producto: Bolso de lona Tela de la bolsa Tela: Lienzo Asa: Correa gruesa de algod\u00f3n, con gran capacidad de carga Uso: Viajes, compras, uso diario<\/p>\n","protected":false},"featured_media":7566,"comment_status":"closed","ping_status":"closed","template":"","meta":{"_acf_changed":false},"product_brand":[],"product_cat":[95,69],"product_tag":[],"class_list":{"0":"post-7796","1":"product","2":"type-product","3":"status-publish","4":"has-post-thumbnail","6":"product_cat-bolsas-de-lona-personalizadas","7":"product_cat-sin-categoria","9":"first","10":"onbackorder","11":"shipping-taxable","12":"purchasable","13":"product-type-simple"},"acf":[],"_links":{"self":[{"href":"https:\/\/www.cnxiangfu.com\/es\/wp-json\/wp\/v2\/product\/7796","targetHints":{"allow":["GET"]}}],"collection":[{"href":"https:\/\/www.cnxiangfu.com\/es\/wp-json\/wp\/v2\/product"}],"about":[{"href":"https:\/\/www.cnxiangfu.com\/es\/wp-json\/wp\/v2\/types\/product"}],"replies":[{"embeddable":true,"href":"https:\/\/www.cnxiangfu.com\/es\/wp-json\/wp\/v2\/comments?post=7796"}],"version-history":[{"count":0,"href":"https:\/\/www.cnxiangfu.com\/es\/wp-json\/wp\/v2\/product\/7796\/revisions"}],"wp:featuredmedia":[{"embeddable":true,"href":"https:\/\/www.cnxiangfu.com\/es\/wp-json\/wp\/v2\/media\/7566"}],"wp:attachment":[{"href":"https:\/\/www.cnxiangfu.com\/es\/wp-json\/wp\/v2\/media?parent=7796"}],"wp:term":[{"taxonomy":"product_brand","embeddable":true,"href":"https:\/\/www.cnxiangfu.com\/es\/wp-json\/wp\/v2\/product_brand?post=7796"},{"taxonomy":"product_cat","embeddable":true,"href":"https:\/\/www.cnxiangfu.com\/es\/wp-json\/wp\/v2\/product_cat?post=7796"},{"taxonomy":"product_tag","embeddable":true,"href":"https:\/\/www.cnxiangfu.com\/es\/wp-json\/wp\/v2\/product_tag?post=7796"}],"curies":[{"name":"wp","href":"https:\/\/api.w.org\/{rel}","templated":true}]}}