{"id":7955,"date":"2025-12-01T15:47:32","date_gmt":"2025-12-01T07:47:32","guid":{"rendered":"https:\/\/www.cnxiangfu.com\/product\/bolsa-de-lona-de-algodon-para-manualidades-bolsitas-de-maquillaje-multiusos-para-cosmeticos-con-cremallera-bolsa-de-articulos-de-aseo-para-boligrafos-boligrafo\/"},"modified":"2025-12-01T15:47:32","modified_gmt":"2025-12-01T07:47:32","slug":"bolsa-de-lona-de-algodon-para-manualidades-bolsitas-de-maquillaje-multiusos-para-cosmeticos-con-cremallera-bolsa-de-articulos-de-aseo-para-boligrafos-boligrafo","status":"publish","type":"product","link":"https:\/\/www.cnxiangfu.com\/es\/producto\/bolsa-de-lona-de-algodon-para-manualidades-bolsitas-de-maquillaje-multiusos-para-cosmeticos-con-cremallera-bolsa-de-articulos-de-aseo-para-boligrafos-boligrafo\/","title":{"rendered":"Bolsa de lona de algod\u00f3n para manualidades, bolsitas de maquillaje multiusos para cosm\u00e9ticos con cremallera bolsa de art\u00edculos de aseo para bol\u00edgrafos bol\u00edgrafo"},"content":{"rendered":"","protected":false},"excerpt":{"rendered":"<p>Nombre del producto: Bolsa<br \/>\nde maquillaje cosm\u00e9tico de lona Tela: lona<br \/>\nAsa de mango: Correa gruesa de algod\u00f3n, con gran capacidad<br \/>\nde carga Uso: Viajes, compras, uso diario<\/p>\n","protected":false},"featured_media":7663,"comment_status":"closed","ping_status":"closed","template":"","meta":{"_acf_changed":false},"product_brand":[],"product_cat":[95,69],"product_tag":[],"class_list":{"0":"post-7955","1":"product","2":"type-product","3":"status-publish","4":"has-post-thumbnail","6":"product_cat-bolsas-de-lona-personalizadas","7":"product_cat-sin-categoria","9":"first","10":"onbackorder","11":"shipping-taxable","12":"purchasable","13":"product-type-simple"},"acf":[],"_links":{"self":[{"href":"https:\/\/www.cnxiangfu.com\/es\/wp-json\/wp\/v2\/product\/7955","targetHints":{"allow":["GET"]}}],"collection":[{"href":"https:\/\/www.cnxiangfu.com\/es\/wp-json\/wp\/v2\/product"}],"about":[{"href":"https:\/\/www.cnxiangfu.com\/es\/wp-json\/wp\/v2\/types\/product"}],"replies":[{"embeddable":true,"href":"https:\/\/www.cnxiangfu.com\/es\/wp-json\/wp\/v2\/comments?post=7955"}],"version-history":[{"count":0,"href":"https:\/\/www.cnxiangfu.com\/es\/wp-json\/wp\/v2\/product\/7955\/revisions"}],"wp:featuredmedia":[{"embeddable":true,"href":"https:\/\/www.cnxiangfu.com\/es\/wp-json\/wp\/v2\/media\/7663"}],"wp:attachment":[{"href":"https:\/\/www.cnxiangfu.com\/es\/wp-json\/wp\/v2\/media?parent=7955"}],"wp:term":[{"taxonomy":"product_brand","embeddable":true,"href":"https:\/\/www.cnxiangfu.com\/es\/wp-json\/wp\/v2\/product_brand?post=7955"},{"taxonomy":"product_cat","embeddable":true,"href":"https:\/\/www.cnxiangfu.com\/es\/wp-json\/wp\/v2\/product_cat?post=7955"},{"taxonomy":"product_tag","embeddable":true,"href":"https:\/\/www.cnxiangfu.com\/es\/wp-json\/wp\/v2\/product_tag?post=7955"}],"curies":[{"name":"wp","href":"https:\/\/api.w.org\/{rel}","templated":true}]}}