{"id":8588,"date":"2025-12-01T17:46:37","date_gmt":"2025-12-01T09:46:37","guid":{"rendered":"https:\/\/www.cnxiangfu.com\/product\/bolsas-de-tirantes-de-tela-satinada-personalizadas-de-fabrica-bolsas-cosmeticas-de-saten-de-seda-bolsas-antipolvo-para-el-cuidado-de-la-piel-mascarillas-para-los-ojos-bolsas-para-guardar-ropa-inte\/"},"modified":"2025-12-01T17:46:37","modified_gmt":"2025-12-01T09:46:37","slug":"bolsas-de-tirantes-de-tela-satinada-personalizadas-de-fabrica-bolsas-cosmeticas-de-saten-de-seda-bolsas-antipolvo-para-el-cuidado-de-la-piel-mascarillas-para-los-ojos-bolsas-para-guardar-ropa-inte","status":"publish","type":"product","link":"https:\/\/www.cnxiangfu.com\/es\/producto\/bolsas-de-tirantes-de-tela-satinada-personalizadas-de-fabrica-bolsas-cosmeticas-de-saten-de-seda-bolsas-antipolvo-para-el-cuidado-de-la-piel-mascarillas-para-los-ojos-bolsas-para-guardar-ropa-inte\/","title":{"rendered":"Bolsas de tirantes de tela satinada personalizadas de f\u00e1brica, bolsas cosm\u00e9ticas de sat\u00e9n de seda, bolsas antipolvo para el cuidado de la piel, mascarillas para los ojos, bolsas para guardar ropa interior"},"content":{"rendered":"","protected":false},"excerpt":{"rendered":"<p>Nombre del producto: Bolso de lona Material: lona<\/p>\n<p>Tama\u00f1o: 35*40*12CM<\/p>\n<p>Estilo: Moda<\/p>\n<p>Provincia: Zhejiang, China<\/p>\n<p>Temporada: Cuatro estaciones<\/p>\n<p> \u00abAplicaci\u00f3n: Viajes<\/p>\n","protected":false},"featured_media":8361,"comment_status":"closed","ping_status":"closed","template":"","meta":{"_acf_changed":false},"product_brand":[],"product_cat":[472],"product_tag":[],"class_list":{"0":"post-8588","1":"product","2":"type-product","3":"status-publish","4":"has-post-thumbnail","6":"product_cat-sin-categoria-2","8":"first","9":"instock","10":"shipping-taxable","11":"purchasable","12":"product-type-simple"},"acf":[],"_links":{"self":[{"href":"https:\/\/www.cnxiangfu.com\/es\/wp-json\/wp\/v2\/product\/8588","targetHints":{"allow":["GET"]}}],"collection":[{"href":"https:\/\/www.cnxiangfu.com\/es\/wp-json\/wp\/v2\/product"}],"about":[{"href":"https:\/\/www.cnxiangfu.com\/es\/wp-json\/wp\/v2\/types\/product"}],"replies":[{"embeddable":true,"href":"https:\/\/www.cnxiangfu.com\/es\/wp-json\/wp\/v2\/comments?post=8588"}],"version-history":[{"count":0,"href":"https:\/\/www.cnxiangfu.com\/es\/wp-json\/wp\/v2\/product\/8588\/revisions"}],"wp:featuredmedia":[{"embeddable":true,"href":"https:\/\/www.cnxiangfu.com\/es\/wp-json\/wp\/v2\/media\/8361"}],"wp:attachment":[{"href":"https:\/\/www.cnxiangfu.com\/es\/wp-json\/wp\/v2\/media?parent=8588"}],"wp:term":[{"taxonomy":"product_brand","embeddable":true,"href":"https:\/\/www.cnxiangfu.com\/es\/wp-json\/wp\/v2\/product_brand?post=8588"},{"taxonomy":"product_cat","embeddable":true,"href":"https:\/\/www.cnxiangfu.com\/es\/wp-json\/wp\/v2\/product_cat?post=8588"},{"taxonomy":"product_tag","embeddable":true,"href":"https:\/\/www.cnxiangfu.com\/es\/wp-json\/wp\/v2\/product_tag?post=8588"}],"curies":[{"name":"wp","href":"https:\/\/api.w.org\/{rel}","templated":true}]}}