{"id":9199,"date":"2025-12-01T17:52:02","date_gmt":"2025-12-01T09:52:02","guid":{"rendered":"https:\/\/www.cnxiangfu.com\/product\/nueva-bolsa-de-gancho-de-gran-capacidad-bolsa-portatil-de-articulos-de-trabajo-para-viajes-bolsa-de-transporte-de-negocios-y-de-viaje-para-hombres-necesera-de-articulos-de-aseo-al-por-mayor\/"},"modified":"2025-12-01T17:52:02","modified_gmt":"2025-12-01T09:52:02","slug":"nueva-bolsa-de-gancho-de-gran-capacidad-bolsa-portatil-de-articulos-de-trabajo-para-viajes-bolsa-de-transporte-de-negocios-y-de-viaje-para-hombres-necesera-de-articulos-de-aseo-al-por-mayor","status":"publish","type":"product","link":"https:\/\/www.cnxiangfu.com\/es\/producto\/nueva-bolsa-de-gancho-de-gran-capacidad-bolsa-portatil-de-articulos-de-trabajo-para-viajes-bolsa-de-transporte-de-negocios-y-de-viaje-para-hombres-necesera-de-articulos-de-aseo-al-por-mayor\/","title":{"rendered":"Nueva bolsa de gancho de gran capacidad, bolsa port\u00e1til de art\u00edculos de trabajo para viajes, bolsa de transporte de negocios y de viaje para hombres, necesera de art\u00edculos de aseo al por mayor"},"content":{"rendered":"","protected":false},"excerpt":{"rendered":"<p>Nombre del producto: Bolsa<\/p>\n<p>de tela Oxford Material: Tela<\/p>\n<p>Oxford Tama\u00f1o: 35*40*12CM<\/p>\n<p>Estilo: Moda<\/p>\n<p>Provincia: Zhejiang, China<\/p>\n<p>Temporada: Cuatro estaciones<\/p>\n<p> \u00abAplicaci\u00f3n: Viajes<\/p>\n","protected":false},"featured_media":8373,"comment_status":"closed","ping_status":"closed","template":"","meta":{"_acf_changed":false},"product_brand":[],"product_cat":[472],"product_tag":[],"class_list":{"0":"post-9199","1":"product","2":"type-product","3":"status-publish","4":"has-post-thumbnail","6":"product_cat-sin-categoria-2","8":"first","9":"instock","10":"shipping-taxable","11":"purchasable","12":"product-type-simple"},"acf":[],"_links":{"self":[{"href":"https:\/\/www.cnxiangfu.com\/es\/wp-json\/wp\/v2\/product\/9199","targetHints":{"allow":["GET"]}}],"collection":[{"href":"https:\/\/www.cnxiangfu.com\/es\/wp-json\/wp\/v2\/product"}],"about":[{"href":"https:\/\/www.cnxiangfu.com\/es\/wp-json\/wp\/v2\/types\/product"}],"replies":[{"embeddable":true,"href":"https:\/\/www.cnxiangfu.com\/es\/wp-json\/wp\/v2\/comments?post=9199"}],"version-history":[{"count":0,"href":"https:\/\/www.cnxiangfu.com\/es\/wp-json\/wp\/v2\/product\/9199\/revisions"}],"wp:featuredmedia":[{"embeddable":true,"href":"https:\/\/www.cnxiangfu.com\/es\/wp-json\/wp\/v2\/media\/8373"}],"wp:attachment":[{"href":"https:\/\/www.cnxiangfu.com\/es\/wp-json\/wp\/v2\/media?parent=9199"}],"wp:term":[{"taxonomy":"product_brand","embeddable":true,"href":"https:\/\/www.cnxiangfu.com\/es\/wp-json\/wp\/v2\/product_brand?post=9199"},{"taxonomy":"product_cat","embeddable":true,"href":"https:\/\/www.cnxiangfu.com\/es\/wp-json\/wp\/v2\/product_cat?post=9199"},{"taxonomy":"product_tag","embeddable":true,"href":"https:\/\/www.cnxiangfu.com\/es\/wp-json\/wp\/v2\/product_tag?post=9199"}],"curies":[{"name":"wp","href":"https:\/\/api.w.org\/{rel}","templated":true}]}}