{"id":1637,"date":"2025-09-29T10:45:27","date_gmt":"2025-09-29T02:45:27","guid":{"rendered":"https:\/\/www.cnxiangfu.com\/compagnie\/"},"modified":"2025-12-07T20:28:17","modified_gmt":"2025-12-07T12:28:17","slug":"compagnie","status":"publish","type":"page","link":"https:\/\/www.cnxiangfu.com\/fr\/compagnie\/","title":{"rendered":"Compagnie"},"content":{"rendered":"\t\t<div data-elementor-type=\"wp-page\" data-elementor-id=\"1637\" class=\"elementor elementor-1637 elementor-122\" data-elementor-post-type=\"page\">\n\t\t\t\t<div class=\"elementor-element elementor-element-ea2fcfa e-con-full e-flex e-con e-parent\" data-id=\"ea2fcfa\" data-element_type=\"container\" data-e-type=\"container\">\n\t\t\t\t<div class=\"elementor-element elementor-element-35d0b74 elementor-widget elementor-widget-heading\" data-id=\"35d0b74\" data-element_type=\"widget\" data-e-type=\"widget\" data-widget_type=\"heading.default\">\n\t\t\t\t\t<h1 class=\"elementor-heading-title elementor-size-default\">Compagnie<\/h1>\t\t\t\t<\/div>\n\t\t\t\t<div class=\"elementor-element elementor-element-af0afee elementor-widget elementor-widget-text-editor\" data-id=\"af0afee\" data-element_type=\"widget\" data-e-type=\"widget\" data-widget_type=\"text-editor.default\">\n\t\t\t\t\t\t\t\t\t<p class=\"p1\">Depuis sa cr\u00e9ation en 2008, Longgang Xiangfu Craft Products Co., Ltd. se consacre \u00e0 la recherche, \u00e0 la conception et \u00e0 la production de sacs \u00e9cologiques. En tant qu\u2019usine compl\u00e8te int\u00e9grant une conception et une production innovantes, nous adh\u00e9rons au principe fondamental de \u00ab l\u2019emballage vert \u00bb et fournissons des solutions de sacs \u00e9cologiques de haute qualit\u00e9 et personnalisables \u00e0 des clients du monde entier. Nos produits comprennent des sacs en toile, des sacs en lin, des sacs en papier, des sacs isothermes, des sacs en tissu Oxford, etc., r\u00e9pondant \u00e0 divers besoins en mati\u00e8re de promotion de la marque, d\u2019emballage cadeau et de logistique. Depuis plus de 15 ans, nous avons servi plus de 20 000 entreprises de renom, exportant des produits au pays et \u00e0 l\u2019\u00e9tranger avec une r\u00e9putation de confiance.   <\/p>\t\t\t\t\t\t\t\t<\/div>\n\t\t<div class=\"elementor-element elementor-element-15fa651 e-flex e-con-boxed e-con e-child\" data-id=\"15fa651\" data-element_type=\"container\" data-e-type=\"container\" data-settings=\"{&quot;background_background&quot;:&quot;classic&quot;}\">\n\t\t\t\t\t<div class=\"e-con-inner\">\n\t\t\t\t\t<\/div>\n\t\t\t\t<\/div>\n\t\t\t\t<\/div>\n\t\t<div class=\"elementor-element elementor-element-0f2a463 e-flex e-con-boxed e-con e-parent\" data-id=\"0f2a463\" data-element_type=\"container\" data-e-type=\"container\" data-settings=\"{&quot;background_background&quot;:&quot;classic&quot;}\">\n\t\t\t\t\t<div class=\"e-con-inner\">\n\t\t\t\t<div class=\"elementor-element elementor-element-243f771 elementor-invisible elementor-widget elementor-widget-heading\" data-id=\"243f771\" data-element_type=\"widget\" data-e-type=\"widget\" data-settings=\"{&quot;_animation&quot;:&quot;fadeIn&quot;}\" data-widget_type=\"heading.default\">\n\t\t\t\t\t<h2 class=\"elementor-heading-title elementor-size-default\">Notre histoire<\/h2>\t\t\t\t<\/div>\n\t\t<div class=\"elementor-element elementor-element-62e0429 e-con-full e-flex e-con e-child\" data-id=\"62e0429\" data-element_type=\"container\" data-e-type=\"container\">\n\t\t<div class=\"elementor-element elementor-element-9447cba e-con-full e-flex e-con e-child\" data-id=\"9447cba\" data-element_type=\"container\" data-e-type=\"container\">\n\t\t\t\t<div class=\"elementor-element elementor-element-d866205 elementor-widget elementor-widget-image\" data-id=\"d866205\" data-element_type=\"widget\" data-e-type=\"widget\" data-settings=\"{&quot;sticky&quot;:&quot;top&quot;,&quot;sticky_offset&quot;:150,&quot;sticky_parent&quot;:&quot;yes&quot;,&quot;sticky_on&quot;:[&quot;desktop&quot;,&quot;tablet&quot;,&quot;mobile&quot;],&quot;sticky_effects_offset&quot;:0,&quot;sticky_anchor_link_offset&quot;:0}\" data-widget_type=\"image.default\">\n\t\t\t\t\t\t\t\t\t\t\t\t\t\t\t<img fetchpriority=\"high\" decoding=\"async\" width=\"540\" height=\"373\" src=\"https:\/\/www.cnxiangfu.com\/wp-content\/uploads\/2025\/09\/\u7965\u86a8_\u516c\u53f8\u9875\u9762-2.png\" class=\"attachment-full size-full wp-image-1646\" alt=\"\" srcset=\"https:\/\/www.cnxiangfu.com\/wp-content\/uploads\/2025\/09\/\u7965\u86a8_\u516c\u53f8\u9875\u9762-2.png 540w, https:\/\/www.cnxiangfu.com\/wp-content\/uploads\/2025\/09\/\u7965\u86a8_\u516c\u53f8\u9875\u9762-2-300x207.png 300w\" sizes=\"(max-width: 540px) 100vw, 540px\" title=\"\">\t\t\t\t\t\t\t\t\t\t\t\t\t\t\t<\/div>\n\t\t\t\t<\/div>\n\t\t<div class=\"elementor-element elementor-element-cb4f710 e-con-full e-flex e-con e-child\" data-id=\"cb4f710\" data-element_type=\"container\" data-e-type=\"container\">\n\t\t\t\t<div class=\"elementor-element elementor-element-bbeb655 elementor-widget__width-initial elementor-widget elementor-widget-qi_addons_for_elementor_timeline\" data-id=\"bbeb655\" data-element_type=\"widget\" data-e-type=\"widget\" data-widget_type=\"qi_addons_for_elementor_timeline.default\">\n\t\t\t\t<div class=\"elementor-widget-container\">\n\t\t\t\t\t<div class=\"qodef-shortcode qodef-m qodef-qi-timeline qodef-timeline--vertical qodef-timeline-layout--vertical-separated qodef-line--outside qodef-point--standard qodef-qi--has-appear qodef-reverse-padding\">\n\t<div class=\"qodef-e qodef-e-item elementor-repeater-item-094e05e qodef-obverse\">\n\t<div class=\"qodef-e-line-holder\">\n\t\t<span class=\"qodef-e-line\"><\/span>\n\t<\/div>\n\t<div class=\"qodef-e-item-inner\">\n\t\t<div class=\"qodef-e-point-holder\">\n\t\t\t<div class=\"qodef-e-point\">\n\t\t\t\t\t\t\t<\/div>\n\t\t<\/div>\n\t\t<div class=\"qodef-e-side-holder\">\n\t\t\t<div class=\"qodef-e-image\">\n\t<\/div>\n\t\t<\/div>\n\t\t<div class=\"qodef-e-content-holder\">\n\t\t\t\t<div class=\"qodef-e-date\">\n\t\t2008\t<\/div>\n\t\t\t\t\t<h4 class=\"qodef-e-title\">\n\t\tCr\u00e9ation et mise \u00e0 la voile, en se concentrant sur l\u2019emballage vert\t\t<\/h4>\n\t\t\t\t\t<p class=\"qodef-e-text\">\n\t\tEn 2008, Longgang Xiangfu handicrafts Co., Ltd. a \u00e9t\u00e9 officiellement cr\u00e9\u00e9e. Avec \u00ab l\u2019emballage vert \u00bb comme strat\u00e9gie de base, elle a \u00e9t\u00e9 la premi\u00e8re \u00e0 mettre en place la recherche et le d\u00e9veloppement, la conception et la production de produits de sacs \u00e9cologiques, et est devenue l\u2019une des premi\u00e8res usines de fabrication de sacs compl\u00e8tes de l\u2019industrie \u00e0 se concentrer sur les emballages \u00e9cologiques. \t<\/p>\n\t\t\t<\/div>\n\t<\/div>\n<\/div>\n<div class=\"qodef-e qodef-e-item elementor-repeater-item-97db36b qodef-reverse\">\n\t<div class=\"qodef-e-line-holder\">\n\t\t<span class=\"qodef-e-line\"><\/span>\n\t<\/div>\n\t<div class=\"qodef-e-item-inner\">\n\t\t<div class=\"qodef-e-point-holder\">\n\t\t\t<div class=\"qodef-e-point\">\n\t\t\t\t\t\t\t<\/div>\n\t\t<\/div>\n\t\t<div class=\"qodef-e-side-holder\">\n\t\t\t<div class=\"qodef-e-image\">\n\t<\/div>\n\t\t<\/div>\n\t\t<div class=\"qodef-e-content-holder\">\n\t\t\t\t<div class=\"qodef-e-date\">\n\t\t2010-2015  \t<\/div>\n\t\t\t\t\t<h4 class=\"qodef-e-title\">\n\t\tApprofondir la recherche, le d\u00e9veloppement et la production, et am\u00e9liorer le syst\u00e8me de services\t\t<\/h4>\n\t\t\t\t\t<p class=\"qodef-e-text\">\n\t\tDepuis 2010, l\u2019entreprise n\u2019a cess\u00e9 d\u2019augmenter ses investissements dans la recherche et le d\u00e9veloppement, en \u00e9tablissant un syst\u00e8me de service complet, de l\u2019\u00e9bauche de la conception \u00e0 la livraison du produit fini. Elle a successivement lanc\u00e9 des produits de base tels que des sacs en toile, des sacs en toile et des sacs en papier DuPont, et a form\u00e9 une capacit\u00e9 de production \u00e0 grande \u00e9chelle, jetant ainsi des bases solides pour l\u2019expansion ult\u00e9rieure du march\u00e9. \t<\/p>\n\t\t\t<\/div>\n\t<\/div>\n<\/div>\n<div class=\"qodef-e qodef-e-item elementor-repeater-item-3e99b89 qodef-obverse\">\n\t<div class=\"qodef-e-line-holder\">\n\t\t<span class=\"qodef-e-line\"><\/span>\n\t<\/div>\n\t<div class=\"qodef-e-item-inner\">\n\t\t<div class=\"qodef-e-point-holder\">\n\t\t\t<div class=\"qodef-e-point\">\n\t\t\t\t\t\t\t<\/div>\n\t\t<\/div>\n\t\t<div class=\"qodef-e-side-holder\">\n\t\t\t<div class=\"qodef-e-image\">\n\t<\/div>\n\t\t<\/div>\n\t\t<div class=\"qodef-e-content-holder\">\n\t\t\t\t<div class=\"qodef-e-date\">\n\t\t2016-2020\t<\/div>\n\t\t\t\t\t<h4 class=\"qodef-e-title\">\n\t\tIl couvre plusieurs champs et dispose d\u2019une mise en page globale\t\t<\/h4>\n\t\t\t\t\t<p class=\"qodef-e-text\">\n\t\tAu cours des cinq derni\u00e8res ann\u00e9es, l\u2019entreprise a fourni des solutions de sacs \u00e9cologiques personnalis\u00e9es \u00e0 plus de 20 000 entreprises bien connues gr\u00e2ce \u00e0 ses produits et services de haute qualit\u00e9. Ses produits sont vendus \u00e0 la fois dans le pays et \u00e0 l\u2019\u00e9tranger, et la notori\u00e9t\u00e9 de sa marque et son influence dans l\u2019industrie ont consid\u00e9rablement augment\u00e9. \t<\/p>\n\t\t\t<\/div>\n\t<\/div>\n<\/div>\n<div class=\"qodef-e qodef-e-item elementor-repeater-item-c61a2ed qodef-reverse\">\n\t<div class=\"qodef-e-line-holder\">\n\t\t<span class=\"qodef-e-line\"><\/span>\n\t<\/div>\n\t<div class=\"qodef-e-item-inner\">\n\t\t<div class=\"qodef-e-point-holder\">\n\t\t\t<div class=\"qodef-e-point\">\n\t\t\t\t\t\t\t<\/div>\n\t\t<\/div>\n\t\t<div class=\"qodef-e-side-holder\">\n\t\t\t<div class=\"qodef-e-image\">\n\t<\/div>\n\t\t<\/div>\n\t\t<div class=\"qodef-e-content-holder\">\n\t\t\t\t<div class=\"qodef-e-date\">\n\t\tDepuis 2021\t<\/div>\n\t\t\t\t\t<h4 class=\"qodef-e-title\">\n\t\tLa capacit\u00e9 de production a explos\u00e9 et les services personnalis\u00e9s ont \u00e9t\u00e9 encore am\u00e9lior\u00e9s\t\t<\/h4>\n\t\t\t\t\t<p class=\"qodef-e-text\">\n\t\tDepuis 2021, l\u2019entreprise a encore optimis\u00e9 son processus de production, avec une capacit\u00e9 de production quotidienne moyenne sup\u00e9rieure \u00e0 30 000 pi\u00e8ces. Dans le m\u00eame temps, elle a approfondi ses services personnalis\u00e9s, en prenant en charge l\u2019impression de LOGO et la personnalisation par lots pour des sc\u00e9narios diversifi\u00e9s. Elle n\u2019a cess\u00e9 de consolider sa position de leader dans le domaine des emballages \u00e9cologiques gr\u00e2ce \u00e0 un design innovant et \u00e0 une qualit\u00e9 stable.  \t<\/p>\n\t\t\t<\/div>\n\t<\/div>\n<\/div>\n<\/div>\n\t\t\t\t<\/div>\n\t\t\t\t<\/div>\n\t\t\t\t<\/div>\n\t\t\t\t<\/div>\n\t\t\t\t\t<\/div>\n\t\t\t\t<\/div>\n\t\t<div class=\"elementor-element elementor-element-6ee6b17 e-flex e-con-boxed e-con e-parent\" data-id=\"6ee6b17\" data-element_type=\"container\" data-e-type=\"container\">\n\t\t\t\t\t<div class=\"e-con-inner\">\n\t\t<div class=\"elementor-element elementor-element-5248ab1 e-con-full e-flex e-con e-child\" data-id=\"5248ab1\" data-element_type=\"container\" data-e-type=\"container\">\n\t\t\t\t<div class=\"elementor-element elementor-element-f7291dd elementor-widget elementor-widget-heading\" data-id=\"f7291dd\" data-element_type=\"widget\" data-e-type=\"widget\" data-widget_type=\"heading.default\">\n\t\t\t\t\t<h2 class=\"elementor-heading-title elementor-size-default\">Nos valeurs<\/h2>\t\t\t\t<\/div>\n\t\t\t\t<div class=\"elementor-element elementor-element-1c7cbb8 elementor-widget elementor-widget-text-editor\" data-id=\"1c7cbb8\" data-element_type=\"widget\" data-e-type=\"widget\" data-widget_type=\"text-editor.default\">\n\t\t\t\t\t\t\t\t\t<ul><li><p class=\"p1\"><span class=\"s1\"><b>Respectueux de l\u2019environnement<\/b><\/span> : Utilisez des mat\u00e9riaux d\u00e9gradables, recyclables et r\u00e9utilisables pour aider les clients \u00e0 atteindre leurs objectifs de durabilit\u00e9.<\/p><\/li><li><p class=\"p1\"><span class=\"s1\"><b>Design innovant<\/b><\/span> : Alliez style et praticit\u00e9 pour cr\u00e9er des sacs \u00e9cologiques \u00e0 la fois beaux et fonctionnels.<\/p><\/li><li><p class=\"p1\"><span class=\"s1\"><b>Service efficace<\/b><\/span> : Fournissez des solutions \u00e0 guichet unique de la conception et de l\u2019\u00e9chantillonnage \u00e0 la production de masse avec une r\u00e9ponse rapide.<\/p><\/li><li><p class=\"p1\"><span class=\"s1\"><b>Coop\u00e9ration gagnant-gagnant<\/b><\/span> : \u00c9tablissez des partenariats \u00e0 long terme, bas\u00e9s sur la confiance, et explorez les possibilit\u00e9s illimit\u00e9es d\u2019emballages \u00e9cologiques.<\/p><\/li><\/ul>\t\t\t\t\t\t\t\t<\/div>\n\t\t\t\t<\/div>\n\t\t\t\t<div class=\"elementor-element elementor-element-242c864 elementor-widget__width-initial elementor-widget elementor-widget-image\" data-id=\"242c864\" data-element_type=\"widget\" data-e-type=\"widget\" data-widget_type=\"image.default\">\n\t\t\t\t\t\t\t\t\t\t\t\t\t\t\t<img decoding=\"async\" width=\"1280\" height=\"853\" src=\"https:\/\/www.cnxiangfu.com\/wp-content\/uploads\/2025\/09\/office-2360063_1280-1.jpg\" class=\"attachment-full size-full wp-image-1648\" alt=\"\" srcset=\"https:\/\/www.cnxiangfu.com\/wp-content\/uploads\/2025\/09\/office-2360063_1280-1.jpg 1280w, https:\/\/www.cnxiangfu.com\/wp-content\/uploads\/2025\/09\/office-2360063_1280-1-300x200.jpg 300w, https:\/\/www.cnxiangfu.com\/wp-content\/uploads\/2025\/09\/office-2360063_1280-1-1024x682.jpg 1024w, https:\/\/www.cnxiangfu.com\/wp-content\/uploads\/2025\/09\/office-2360063_1280-1-768x512.jpg 768w, https:\/\/www.cnxiangfu.com\/wp-content\/uploads\/2025\/09\/office-2360063_1280-1-600x400.jpg 600w\" sizes=\"(max-width: 1280px) 100vw, 1280px\" title=\"\">\t\t\t\t\t\t\t\t\t\t\t\t\t\t\t<\/div>\n\t\t\t\t\t<\/div>\n\t\t\t\t<\/div>\n\t\t<div class=\"elementor-element elementor-element-b6af922 e-flex e-con-boxed e-con e-parent\" data-id=\"b6af922\" data-element_type=\"container\" data-e-type=\"container\" data-settings=\"{&quot;background_background&quot;:&quot;classic&quot;}\">\n\t\t\t\t\t<div class=\"e-con-inner\">\n\t\t\t\t<div class=\"elementor-element elementor-element-f2bfdac elementor-widget elementor-widget-heading\" data-id=\"f2bfdac\" data-element_type=\"widget\" data-e-type=\"widget\" data-widget_type=\"heading.default\">\n\t\t\t\t\t<h2 class=\"elementor-heading-title elementor-size-default\">Notre \u00e9quipe<\/h2>\t\t\t\t<\/div>\n\t\t\t\t<div class=\"elementor-element elementor-element-ee49782 elementor-arrows-position-inside elementor-widget elementor-widget-image-carousel\" data-id=\"ee49782\" data-element_type=\"widget\" data-e-type=\"widget\" data-settings=\"{&quot;slides_to_show&quot;:&quot;5&quot;,&quot;slides_to_scroll&quot;:&quot;1&quot;,&quot;navigation&quot;:&quot;arrows&quot;,&quot;autoplay_speed&quot;:2000,&quot;slides_to_show_tablet&quot;:&quot;4&quot;,&quot;slides_to_show_mobile&quot;:&quot;2&quot;,&quot;autoplay&quot;:&quot;yes&quot;,&quot;pause_on_hover&quot;:&quot;yes&quot;,&quot;pause_on_interaction&quot;:&quot;yes&quot;,&quot;infinite&quot;:&quot;yes&quot;,&quot;speed&quot;:500,&quot;image_spacing_custom&quot;:{&quot;unit&quot;:&quot;px&quot;,&quot;size&quot;:20,&quot;sizes&quot;:[]},&quot;image_spacing_custom_tablet&quot;:{&quot;unit&quot;:&quot;px&quot;,&quot;size&quot;:&quot;&quot;,&quot;sizes&quot;:[]},&quot;image_spacing_custom_mobile&quot;:{&quot;unit&quot;:&quot;px&quot;,&quot;size&quot;:&quot;&quot;,&quot;sizes&quot;:[]}}\" data-widget_type=\"image-carousel.default\">\n\t\t\t\t\t\t\t<div class=\"elementor-image-carousel-wrapper swiper\" role=\"region\" aria-roledescription=\"carousel\" aria-label=\"Image Carousel\" dir=\"ltr\">\n\t\t\t<div class=\"elementor-image-carousel swiper-wrapper\" aria-live=\"off\">\n\t\t\t\t\t\t\t\t<div class=\"swiper-slide\" role=\"group\" aria-roledescription=\"slide\" aria-label=\"1 sur 5\"><figure class=\"swiper-slide-inner\"><img decoding=\"async\" class=\"swiper-slide-image\" src=\"https:\/\/www.cnxiangfu.com\/wp-content\/uploads\/2025\/09\/christmas-8363664_1280-1.jpg\" alt=\"Lisa\" title=\"\"><figcaption class=\"elementor-image-carousel-caption\">Lisa<\/figcaption><\/figure><\/div><div class=\"swiper-slide\" role=\"group\" aria-roledescription=\"slide\" aria-label=\"2 sur 5\"><figure class=\"swiper-slide-inner\"><img decoding=\"async\" class=\"swiper-slide-image\" src=\"https:\/\/www.cnxiangfu.com\/wp-content\/uploads\/2025\/09\/entrepreneur-2326419_1280-1.jpg\" alt=\"Tony\" title=\"\"><figcaption class=\"elementor-image-carousel-caption\">Tony<\/figcaption><\/figure><\/div><div class=\"swiper-slide\" role=\"group\" aria-roledescription=\"slide\" aria-label=\"3 sur 5\"><figure class=\"swiper-slide-inner\"><img decoding=\"async\" class=\"swiper-slide-image\" src=\"https:\/\/www.cnxiangfu.com\/wp-content\/uploads\/2025\/09\/woman-4702060_1280-1.jpg\" alt=\"Monica\" title=\"\"><figcaption class=\"elementor-image-carousel-caption\">Monica<\/figcaption><\/figure><\/div><div class=\"swiper-slide\" role=\"group\" aria-roledescription=\"slide\" aria-label=\"4 sur 5\"><figure class=\"swiper-slide-inner\"><img decoding=\"async\" class=\"swiper-slide-image\" src=\"https:\/\/www.cnxiangfu.com\/wp-content\/uploads\/2025\/09\/woman-7128556_1280-1.jpg\" alt=\"Cindy\" title=\"\"><figcaption class=\"elementor-image-carousel-caption\">Cindy<\/figcaption><\/figure><\/div><div class=\"swiper-slide\" role=\"group\" aria-roledescription=\"slide\" aria-label=\"5 sur 5\"><figure class=\"swiper-slide-inner\"><img decoding=\"async\" class=\"swiper-slide-image\" src=\"https:\/\/www.cnxiangfu.com\/wp-content\/uploads\/2025\/09\/woman-7781266_1280-1.jpg\" alt=\"Amy\" title=\"\"><figcaption class=\"elementor-image-carousel-caption\">Amy<\/figcaption><\/figure><\/div>\t\t\t<\/div>\n\t\t\t\t\t\t\t\t\t\t\t\t<div class=\"elementor-swiper-button elementor-swiper-button-prev\" role=\"button\" tabindex=\"0\">\n\t\t\t\t\t\t<svg aria-hidden=\"true\" class=\"e-font-icon-svg e-eicon-chevron-left\" viewBox=\"0 0 1000 1000\" xmlns=\"http:\/\/www.w3.org\/2000\/svg\"><path d=\"M646 125C629 125 613 133 604 142L308 442C296 454 292 471 292 487 292 504 296 521 308 533L604 854C617 867 629 875 646 875 663 875 679 871 692 858 704 846 713 829 713 812 713 796 708 779 692 767L438 487 692 225C700 217 708 204 708 187 708 171 704 154 692 142 675 129 663 125 646 125Z\"><\/path><\/svg>\t\t\t\t\t<\/div>\n\t\t\t\t\t<div class=\"elementor-swiper-button elementor-swiper-button-next\" role=\"button\" tabindex=\"0\">\n\t\t\t\t\t\t<svg aria-hidden=\"true\" class=\"e-font-icon-svg e-eicon-chevron-right\" viewBox=\"0 0 1000 1000\" xmlns=\"http:\/\/www.w3.org\/2000\/svg\"><path d=\"M696 533C708 521 713 504 713 487 713 471 708 454 696 446L400 146C388 133 375 125 354 125 338 125 325 129 313 142 300 154 292 171 292 187 292 204 296 221 308 233L563 492 304 771C292 783 288 800 288 817 288 833 296 850 308 863 321 871 338 875 354 875 371 875 388 867 400 854L696 533Z\"><\/path><\/svg>\t\t\t\t\t<\/div>\n\t\t\t\t\n\t\t\t\t\t\t\t\t\t<\/div>\n\t\t\t\t\t\t<\/div>\n\t\t\t\t\t<\/div>\n\t\t\t\t<\/div>\n\t\t<div class=\"elementor-element elementor-element-55d7d4d e-con-full e-flex e-con e-parent\" data-id=\"55d7d4d\" data-element_type=\"container\" data-e-type=\"container\" data-settings=\"{&quot;background_background&quot;:&quot;classic&quot;}\">\n\t\t\t\t<\/div>\n\t\t<div class=\"elementor-element elementor-element-f387329 e-flex e-con-boxed e-con e-parent\" data-id=\"f387329\" data-element_type=\"container\" data-e-type=\"container\" data-settings=\"{&quot;background_background&quot;:&quot;classic&quot;}\">\n\t\t\t\t\t<div class=\"e-con-inner\">\n\t\t\t\t<div class=\"elementor-element elementor-element-02540c7 elementor-widget elementor-widget-heading\" data-id=\"02540c7\" data-element_type=\"widget\" data-e-type=\"widget\" data-widget_type=\"heading.default\">\n\t\t\t\t\t<h2 class=\"elementor-heading-title elementor-size-default\">Des solutions \u00e9cologiques pour un avenir durable\n<\/h2>\t\t\t\t<\/div>\n\t\t\t\t<div class=\"elementor-element elementor-element-26144ba elementor-widget elementor-widget-text-editor\" data-id=\"26144ba\" data-element_type=\"widget\" data-e-type=\"widget\" data-widget_type=\"text-editor.default\">\n\t\t\t\t\t\t\t\t\t<p class=\"p1\">Depuis sa cr\u00e9ation en 2008, Longgang Xiangfu Craft Products Co., Ltd. se consacre \u00e0 la recherche, \u00e0 la conception et \u00e0 la production de sacs \u00e9cologiques. Avec \u00ab l\u2019emballage vert \u00bb comme strat\u00e9gie centrale, nous fournissons des solutions personnalis\u00e9es pour les clients soucieux de l\u2019environnement dans le monde entier. Au fil des ans, nous avons servi plus de 20 000 entreprises renomm\u00e9es, offrant des produits tels que des sacs en lin, des sacs en toile, des sacs en papier DuPont, des sacs en papier kraft lav\u00e9, des sacs isol\u00e9s, des sacs en polyester, des sacs tiss\u00e9s et des sacs en tissu Oxford, r\u00e9pondant \u00e0 divers besoins en mati\u00e8re de promotion de marque, d\u2019emballage cadeau et de logistique. Nous d\u00e9veloppons en permanence des mat\u00e9riaux d\u00e9gradables, recyclables et r\u00e9utilisables pour soutenir les objectifs de durabilit\u00e9 de nos clients. Avec 15 ans d\u2019expertise dans l\u2019industrie, Xiangfu Craft s\u2019est forg\u00e9 une solide r\u00e9putation pour sa rentabilit\u00e9, sa livraison rapide et sa r\u00e9ponse rapide. Nous invitons chaleureusement tous les partenaires \u00e0 visiter notre usine d\u2019origine \u00e0 Longgang, dans la province du Zhejiang, pour faire l\u2019exp\u00e9rience de notre service \u00e0 guichet unique, de la conception et de l\u2019\u00e9chantillonnage \u00e0 la production de masse, et explorer ensemble les possibilit\u00e9s illimit\u00e9es d\u2019emballages \u00e9cologiques.     <\/p>\t\t\t\t\t\t\t\t<\/div>\n\t\t\t\t\t<\/div>\n\t\t\t\t<\/div>\n\t\t<div class=\"elementor-element elementor-element-ca9016b e-flex e-con-boxed e-con e-parent\" data-id=\"ca9016b\" data-element_type=\"container\" data-e-type=\"container\">\n\t\t\t\t\t<div class=\"e-con-inner\">\n\t\t\t\t<div class=\"elementor-element elementor-element-4d973fd elementor-widget elementor-widget-heading\" data-id=\"4d973fd\" data-element_type=\"widget\" data-e-type=\"widget\" data-widget_type=\"heading.default\">\n\t\t\t\t\t<h2 class=\"elementor-heading-title elementor-size-default\">Certification<\/h2>\t\t\t\t<\/div>\n\t\t\t\t<div class=\"elementor-element elementor-element-fb5eb2e elementor-pagination-position-outside elementor-widget elementor-widget-image-carousel\" data-id=\"fb5eb2e\" data-element_type=\"widget\" data-e-type=\"widget\" data-settings=\"{&quot;slides_to_show&quot;:&quot;4&quot;,&quot;slides_to_scroll&quot;:&quot;1&quot;,&quot;navigation&quot;:&quot;dots&quot;,&quot;slides_to_show_tablet&quot;:&quot;4&quot;,&quot;slides_to_show_mobile&quot;:&quot;2&quot;,&quot;autoplay&quot;:&quot;yes&quot;,&quot;pause_on_hover&quot;:&quot;yes&quot;,&quot;pause_on_interaction&quot;:&quot;yes&quot;,&quot;autoplay_speed&quot;:5000,&quot;infinite&quot;:&quot;yes&quot;,&quot;speed&quot;:500,&quot;image_spacing_custom&quot;:{&quot;unit&quot;:&quot;px&quot;,&quot;size&quot;:20,&quot;sizes&quot;:[]},&quot;image_spacing_custom_tablet&quot;:{&quot;unit&quot;:&quot;px&quot;,&quot;size&quot;:&quot;&quot;,&quot;sizes&quot;:[]},&quot;image_spacing_custom_mobile&quot;:{&quot;unit&quot;:&quot;px&quot;,&quot;size&quot;:&quot;&quot;,&quot;sizes&quot;:[]}}\" data-widget_type=\"image-carousel.default\">\n\t\t\t\t\t\t\t<div class=\"elementor-image-carousel-wrapper swiper\" role=\"region\" aria-roledescription=\"carousel\" aria-label=\"Image Carousel\" dir=\"ltr\">\n\t\t\t<div class=\"elementor-image-carousel swiper-wrapper\" aria-live=\"off\">\n\t\t\t\t\t\t\t\t<div class=\"swiper-slide\" role=\"group\" aria-roledescription=\"slide\" aria-label=\"1 sur 5\"><figure class=\"swiper-slide-inner\"><img decoding=\"async\" class=\"swiper-slide-image\" src=\"https:\/\/www.cnxiangfu.com\/wp-content\/uploads\/2025\/09\/\u8bc1\u4e66\u7d20\u6750_WH_300x425px.jpg\" alt=\"\u8bc1\u4e66\u7d20\u6750_WH_300x425px\" title=\"\"><\/figure><\/div><div class=\"swiper-slide\" role=\"group\" aria-roledescription=\"slide\" aria-label=\"2 sur 5\"><figure class=\"swiper-slide-inner\"><img decoding=\"async\" class=\"swiper-slide-image\" src=\"https:\/\/www.cnxiangfu.com\/wp-content\/uploads\/2025\/09\/\u8bc1\u4e66\u7d20\u67501ng_WH_300x425px.jpg\" alt=\"\u8bc1\u4e66\u7d20\u67501ng_WH_300x425px\" title=\"\"><\/figure><\/div><div class=\"swiper-slide\" role=\"group\" aria-roledescription=\"slide\" aria-label=\"3 sur 5\"><figure class=\"swiper-slide-inner\"><img decoding=\"async\" class=\"swiper-slide-image\" src=\"https:\/\/www.cnxiangfu.com\/wp-content\/uploads\/2025\/09\/\u8bc1\u4e66\u7d20\u67502_WH_300x425px.jpg\" alt=\"\u8bc1\u4e66\u7d20\u67502_WH_300x425px\" title=\"\"><\/figure><\/div><div class=\"swiper-slide\" role=\"group\" aria-roledescription=\"slide\" aria-label=\"4 sur 5\"><figure class=\"swiper-slide-inner\"><img decoding=\"async\" class=\"swiper-slide-image\" src=\"https:\/\/www.cnxiangfu.com\/wp-content\/uploads\/2025\/09\/\u8bc1\u4e66\u7d20\u67503_WH_300x425px.jpg\" alt=\"\u8bc1\u4e66\u7d20\u67503_WH_300x425px\" title=\"\"><\/figure><\/div><div class=\"swiper-slide\" role=\"group\" aria-roledescription=\"slide\" aria-label=\"5 sur 5\"><figure class=\"swiper-slide-inner\"><img decoding=\"async\" class=\"swiper-slide-image\" src=\"https:\/\/www.cnxiangfu.com\/wp-content\/uploads\/2025\/09\/\u8bc1\u4e66\u7d20\u67504_WH_300x425px.jpg\" alt=\"\u8bc1\u4e66\u7d20\u67504_WH_300x425px\" title=\"\"><\/figure><\/div>\t\t\t<\/div>\n\t\t\t\t\t\t\t\n\t\t\t\t\t\t\t\t\t<div class=\"swiper-pagination\"><\/div>\n\t\t\t\t\t\t\t\t\t<\/div>\n\t\t\t\t\t\t<\/div>\n\t\t\t\t\t<\/div>\n\t\t\t\t<\/div>\n\t\t\t\t<\/div>\n\t\t","protected":false},"excerpt":{"rendered":"<p>Compagnie Depuis sa cr\u00e9ation en 2008, Longgang Xiangfu Craft Products Co., Ltd. se consacre \u00e0 la recherche, \u00e0 la conception et \u00e0 la production de sacs \u00e9cologiques. En tant qu\u2019usine compl\u00e8te int\u00e9grant une conception et une production innovantes, nous adh\u00e9rons au principe fondamental de \u00ab l\u2019emballage vert \u00bb et fournissons des solutions de sacs \u00e9cologiques [&hellip;]<\/p>\n","protected":false},"author":2,"featured_media":0,"parent":0,"menu_order":0,"comment_status":"closed","ping_status":"closed","template":"","meta":{"_acf_changed":false,"footnotes":""},"class_list":["post-1637","page","type-page","status-publish","hentry"],"acf":[],"_links":{"self":[{"href":"https:\/\/www.cnxiangfu.com\/fr\/wp-json\/wp\/v2\/pages\/1637","targetHints":{"allow":["GET"]}}],"collection":[{"href":"https:\/\/www.cnxiangfu.com\/fr\/wp-json\/wp\/v2\/pages"}],"about":[{"href":"https:\/\/www.cnxiangfu.com\/fr\/wp-json\/wp\/v2\/types\/page"}],"author":[{"embeddable":true,"href":"https:\/\/www.cnxiangfu.com\/fr\/wp-json\/wp\/v2\/users\/2"}],"replies":[{"embeddable":true,"href":"https:\/\/www.cnxiangfu.com\/fr\/wp-json\/wp\/v2\/comments?post=1637"}],"version-history":[{"count":1,"href":"https:\/\/www.cnxiangfu.com\/fr\/wp-json\/wp\/v2\/pages\/1637\/revisions"}],"predecessor-version":[{"id":1662,"href":"https:\/\/www.cnxiangfu.com\/fr\/wp-json\/wp\/v2\/pages\/1637\/revisions\/1662"}],"wp:attachment":[{"href":"https:\/\/www.cnxiangfu.com\/fr\/wp-json\/wp\/v2\/media?parent=1637"}],"curies":[{"name":"wp","href":"https:\/\/api.w.org\/{rel}","templated":true}]}}