{"id":10031,"date":"2025-12-02T16:33:29","date_gmt":"2025-12-02T08:33:29","guid":{"rendered":"https:\/\/www.cnxiangfu.com\/product\/sacs-bandoulieres-pour-femmes-sacs-a-main-hobo-en-toile-sacs-messager-decontractes-multicolores-avec-poignee-superieure-sacs-bandoulieres\/"},"modified":"2025-12-02T16:33:29","modified_gmt":"2025-12-02T08:33:29","slug":"sacs-bandoulieres-pour-femmes-sacs-a-main-hobo-en-toile-sacs-messager-decontractes-multicolores-avec-poignee-superieure-sacs-bandoulieres","status":"publish","type":"product","link":"https:\/\/www.cnxiangfu.com\/fr\/produit\/sacs-bandoulieres-pour-femmes-sacs-a-main-hobo-en-toile-sacs-messager-decontractes-multicolores-avec-poignee-superieure-sacs-bandoulieres\/","title":{"rendered":"Sacs bandouli\u00e8res pour femmes Sacs \u00e0 main Hobo en toile Sacs messager d\u00e9contract\u00e9s multicolores avec poign\u00e9e sup\u00e9rieure Sacs bandouli\u00e8res"},"content":{"rendered":"","protected":false},"excerpt":{"rendered":"<p>Nom du produit : Sac en toile Mat\u00e9riau : toile<\/p>\n<p>Taille : 35*40*12 cm<\/p>\n<p>Style : Mode<\/p>\n<p>Province : Zhejiang, Chine<\/p>\n<p>Saison : Quatre saisons<\/p>\n<p> \u00bb Application : Voyage<\/p>\n","protected":false},"featured_media":10026,"comment_status":"closed","ping_status":"closed","template":"","meta":{"_acf_changed":false},"product_brand":[],"product_cat":[473],"product_tag":[],"class_list":{"0":"post-10031","1":"product","2":"type-product","3":"status-publish","4":"has-post-thumbnail","6":"product_cat-uncategorized","8":"first","9":"instock","10":"shipping-taxable","11":"purchasable","12":"product-type-simple"},"acf":[],"_links":{"self":[{"href":"https:\/\/www.cnxiangfu.com\/fr\/wp-json\/wp\/v2\/product\/10031","targetHints":{"allow":["GET"]}}],"collection":[{"href":"https:\/\/www.cnxiangfu.com\/fr\/wp-json\/wp\/v2\/product"}],"about":[{"href":"https:\/\/www.cnxiangfu.com\/fr\/wp-json\/wp\/v2\/types\/product"}],"replies":[{"embeddable":true,"href":"https:\/\/www.cnxiangfu.com\/fr\/wp-json\/wp\/v2\/comments?post=10031"}],"version-history":[{"count":0,"href":"https:\/\/www.cnxiangfu.com\/fr\/wp-json\/wp\/v2\/product\/10031\/revisions"}],"wp:featuredmedia":[{"embeddable":true,"href":"https:\/\/www.cnxiangfu.com\/fr\/wp-json\/wp\/v2\/media\/10026"}],"wp:attachment":[{"href":"https:\/\/www.cnxiangfu.com\/fr\/wp-json\/wp\/v2\/media?parent=10031"}],"wp:term":[{"taxonomy":"product_brand","embeddable":true,"href":"https:\/\/www.cnxiangfu.com\/fr\/wp-json\/wp\/v2\/product_brand?post=10031"},{"taxonomy":"product_cat","embeddable":true,"href":"https:\/\/www.cnxiangfu.com\/fr\/wp-json\/wp\/v2\/product_cat?post=10031"},{"taxonomy":"product_tag","embeddable":true,"href":"https:\/\/www.cnxiangfu.com\/fr\/wp-json\/wp\/v2\/product_tag?post=10031"}],"curies":[{"name":"wp","href":"https:\/\/api.w.org\/{rel}","templated":true}]}}