{"id":10235,"date":"2025-12-02T16:56:57","date_gmt":"2025-12-02T08:56:57","guid":{"rendered":"https:\/\/www.cnxiangfu.com\/product\/sacs-en-toile-personnalises-sacs-cadeaux-de-noel-sacs-en-coton-courses-a-la-main-sacs-en-toile-a-une-epaule-sur-mesure-avec-impression-de-logo\/"},"modified":"2025-12-02T16:56:57","modified_gmt":"2025-12-02T08:56:57","slug":"sacs-en-toile-personnalises-sacs-cadeaux-de-noel-sacs-en-coton-courses-a-la-main-sacs-en-toile-a-une-epaule-sur-mesure-avec-impression-de-logo","status":"publish","type":"product","link":"https:\/\/www.cnxiangfu.com\/fr\/produit\/sacs-en-toile-personnalises-sacs-cadeaux-de-noel-sacs-en-coton-courses-a-la-main-sacs-en-toile-a-une-epaule-sur-mesure-avec-impression-de-logo\/","title":{"rendered":"Sacs en toile personnalis\u00e9s, sacs cadeaux de No\u00ebl, sacs en coton, courses \u00e0 la main, sacs en toile \u00e0 une \u00e9paule, sur mesure avec impression de logo"},"content":{"rendered":"","protected":false},"excerpt":{"rendered":"","protected":false},"featured_media":10236,"comment_status":"closed","ping_status":"closed","template":"","meta":{"_acf_changed":false},"product_brand":[],"product_cat":[67,97],"product_tag":[],"class_list":{"0":"post-10235","1":"product","2":"type-product","3":"status-publish","4":"has-post-thumbnail","6":"product_cat-non-categorise","7":"product_cat-sacs-en-toile-personnalises","9":"first","10":"onbackorder","11":"shipping-taxable","12":"purchasable","13":"product-type-simple"},"acf":[],"_links":{"self":[{"href":"https:\/\/www.cnxiangfu.com\/fr\/wp-json\/wp\/v2\/product\/10235","targetHints":{"allow":["GET"]}}],"collection":[{"href":"https:\/\/www.cnxiangfu.com\/fr\/wp-json\/wp\/v2\/product"}],"about":[{"href":"https:\/\/www.cnxiangfu.com\/fr\/wp-json\/wp\/v2\/types\/product"}],"replies":[{"embeddable":true,"href":"https:\/\/www.cnxiangfu.com\/fr\/wp-json\/wp\/v2\/comments?post=10235"}],"version-history":[{"count":0,"href":"https:\/\/www.cnxiangfu.com\/fr\/wp-json\/wp\/v2\/product\/10235\/revisions"}],"wp:featuredmedia":[{"embeddable":true,"href":"https:\/\/www.cnxiangfu.com\/fr\/wp-json\/wp\/v2\/media\/10236"}],"wp:attachment":[{"href":"https:\/\/www.cnxiangfu.com\/fr\/wp-json\/wp\/v2\/media?parent=10235"}],"wp:term":[{"taxonomy":"product_brand","embeddable":true,"href":"https:\/\/www.cnxiangfu.com\/fr\/wp-json\/wp\/v2\/product_brand?post=10235"},{"taxonomy":"product_cat","embeddable":true,"href":"https:\/\/www.cnxiangfu.com\/fr\/wp-json\/wp\/v2\/product_cat?post=10235"},{"taxonomy":"product_tag","embeddable":true,"href":"https:\/\/www.cnxiangfu.com\/fr\/wp-json\/wp\/v2\/product_tag?post=10235"}],"curies":[{"name":"wp","href":"https:\/\/api.w.org\/{rel}","templated":true}]}}