{"id":10256,"date":"2025-12-02T17:02:31","date_gmt":"2025-12-02T09:02:31","guid":{"rendered":"https:\/\/www.cnxiangfu.com\/product\/sac-fourre-tout-coquette-noeud-rouge-pour-femmes-sac-tote-en-toile-drole-a-oie-lavee-cadeaux-pour-les-amateurs-doies-sacs-depicerie-reutilisables-a-rayures-bleues-cadeaux-de-fete\/"},"modified":"2025-12-02T17:02:31","modified_gmt":"2025-12-02T09:02:31","slug":"sac-fourre-tout-coquette-noeud-rouge-pour-femmes-sac-tote-en-toile-drole-a-oie-lavee-cadeaux-pour-les-amateurs-doies-sacs-depicerie-reutilisables-a-rayures-bleues-cadeaux-de-fete","status":"publish","type":"product","link":"https:\/\/www.cnxiangfu.com\/fr\/produit\/sac-fourre-tout-coquette-noeud-rouge-pour-femmes-sac-tote-en-toile-drole-a-oie-lavee-cadeaux-pour-les-amateurs-doies-sacs-depicerie-reutilisables-a-rayures-bleues-cadeaux-de-fete\/","title":{"rendered":"Sac fourre-tout coquette n\u0153ud rouge pour femmes, sac tote en toile dr\u00f4le \u00e0 oie lav\u00e9e, cadeaux pour les amateurs d\u2019oies, sacs d\u2019\u00e9picerie r\u00e9utilisables \u00e0 rayures bleues Cadeaux de f\u00eate"},"content":{"rendered":"","protected":false},"excerpt":{"rendered":"","protected":false},"featured_media":10251,"comment_status":"closed","ping_status":"closed","template":"","meta":{"_acf_changed":false},"product_brand":[],"product_cat":[67,97],"product_tag":[],"class_list":{"0":"post-10256","1":"product","2":"type-product","3":"status-publish","4":"has-post-thumbnail","6":"product_cat-non-categorise","7":"product_cat-sacs-en-toile-personnalises","9":"first","10":"onbackorder","11":"shipping-taxable","12":"purchasable","13":"product-type-simple"},"acf":[],"_links":{"self":[{"href":"https:\/\/www.cnxiangfu.com\/fr\/wp-json\/wp\/v2\/product\/10256","targetHints":{"allow":["GET"]}}],"collection":[{"href":"https:\/\/www.cnxiangfu.com\/fr\/wp-json\/wp\/v2\/product"}],"about":[{"href":"https:\/\/www.cnxiangfu.com\/fr\/wp-json\/wp\/v2\/types\/product"}],"replies":[{"embeddable":true,"href":"https:\/\/www.cnxiangfu.com\/fr\/wp-json\/wp\/v2\/comments?post=10256"}],"version-history":[{"count":0,"href":"https:\/\/www.cnxiangfu.com\/fr\/wp-json\/wp\/v2\/product\/10256\/revisions"}],"wp:featuredmedia":[{"embeddable":true,"href":"https:\/\/www.cnxiangfu.com\/fr\/wp-json\/wp\/v2\/media\/10251"}],"wp:attachment":[{"href":"https:\/\/www.cnxiangfu.com\/fr\/wp-json\/wp\/v2\/media?parent=10256"}],"wp:term":[{"taxonomy":"product_brand","embeddable":true,"href":"https:\/\/www.cnxiangfu.com\/fr\/wp-json\/wp\/v2\/product_brand?post=10256"},{"taxonomy":"product_cat","embeddable":true,"href":"https:\/\/www.cnxiangfu.com\/fr\/wp-json\/wp\/v2\/product_cat?post=10256"},{"taxonomy":"product_tag","embeddable":true,"href":"https:\/\/www.cnxiangfu.com\/fr\/wp-json\/wp\/v2\/product_tag?post=10256"}],"curies":[{"name":"wp","href":"https:\/\/api.w.org\/{rel}","templated":true}]}}