{"id":10378,"date":"2025-12-02T17:14:55","date_gmt":"2025-12-02T09:14:55","guid":{"rendered":"https:\/\/www.cnxiangfu.com\/product\/sacs-fourre-tout-creatifs-en-toile-sacs-en-coton-recycles-sur-mesure-sacs-en-coton-de-10-pouces-de-10-pouces-en-tissu-de-shopping-ecologique\/"},"modified":"2025-12-02T17:14:55","modified_gmt":"2025-12-02T09:14:55","slug":"sacs-fourre-tout-creatifs-en-toile-sacs-en-coton-recycles-sur-mesure-sacs-en-coton-de-10-pouces-de-10-pouces-en-tissu-de-shopping-ecologique","status":"publish","type":"product","link":"https:\/\/www.cnxiangfu.com\/fr\/produit\/sacs-fourre-tout-creatifs-en-toile-sacs-en-coton-recycles-sur-mesure-sacs-en-coton-de-10-pouces-de-10-pouces-en-tissu-de-shopping-ecologique\/","title":{"rendered":"Sacs fourre-tout cr\u00e9atifs en toile, sacs en coton recycl\u00e9s sur mesure, sacs en coton de 10 pouces de 10 pouces en tissu de shopping \u00e9cologique"},"content":{"rendered":"","protected":false},"excerpt":{"rendered":"<p>Nom du produit : Sac en toile Mat\u00e9riau : toile<\/p>\n<p>Taille : 35*40*12 cm<\/p>\n<p>Style : Mode<\/p>\n<p>Province : Zhejiang, Chine<\/p>\n<p>Saison : Quatre saisons<\/p>\n<p> \u00bb Application : Voyage<\/p>\n","protected":false},"featured_media":10330,"comment_status":"closed","ping_status":"closed","template":"","meta":{"_acf_changed":false},"product_brand":[],"product_cat":[67,97],"product_tag":[],"class_list":{"0":"post-10378","1":"product","2":"type-product","3":"status-publish","4":"has-post-thumbnail","6":"product_cat-non-categorise","7":"product_cat-sacs-en-toile-personnalises","9":"first","10":"instock","11":"shipping-taxable","12":"purchasable","13":"product-type-simple"},"acf":[],"_links":{"self":[{"href":"https:\/\/www.cnxiangfu.com\/fr\/wp-json\/wp\/v2\/product\/10378","targetHints":{"allow":["GET"]}}],"collection":[{"href":"https:\/\/www.cnxiangfu.com\/fr\/wp-json\/wp\/v2\/product"}],"about":[{"href":"https:\/\/www.cnxiangfu.com\/fr\/wp-json\/wp\/v2\/types\/product"}],"replies":[{"embeddable":true,"href":"https:\/\/www.cnxiangfu.com\/fr\/wp-json\/wp\/v2\/comments?post=10378"}],"version-history":[{"count":0,"href":"https:\/\/www.cnxiangfu.com\/fr\/wp-json\/wp\/v2\/product\/10378\/revisions"}],"wp:featuredmedia":[{"embeddable":true,"href":"https:\/\/www.cnxiangfu.com\/fr\/wp-json\/wp\/v2\/media\/10330"}],"wp:attachment":[{"href":"https:\/\/www.cnxiangfu.com\/fr\/wp-json\/wp\/v2\/media?parent=10378"}],"wp:term":[{"taxonomy":"product_brand","embeddable":true,"href":"https:\/\/www.cnxiangfu.com\/fr\/wp-json\/wp\/v2\/product_brand?post=10378"},{"taxonomy":"product_cat","embeddable":true,"href":"https:\/\/www.cnxiangfu.com\/fr\/wp-json\/wp\/v2\/product_cat?post=10378"},{"taxonomy":"product_tag","embeddable":true,"href":"https:\/\/www.cnxiangfu.com\/fr\/wp-json\/wp\/v2\/product_tag?post=10378"}],"curies":[{"name":"wp","href":"https:\/\/api.w.org\/{rel}","templated":true}]}}