{"id":11098,"date":"2025-12-03T10:35:11","date_gmt":"2025-12-03T02:35:11","guid":{"rendered":"https:\/\/www.cnxiangfu.com\/?post_type=product&#038;p=11098"},"modified":"2025-12-03T19:41:27","modified_gmt":"2025-12-03T11:41:27","slug":"sac-tote-transparent-pour-femmes-grand-sac-de-plage-en-maille-sacs-bandoulieres-transparents-en-pvc-avec-fermeture-eclair-sac-stade-pour-sports-de-voyage-%e5%a4%8d%e5%88%b6-%e5%a4%8d%e5%88%b6-5","status":"publish","type":"product","link":"https:\/\/www.cnxiangfu.com\/fr\/produit\/sac-tote-transparent-pour-femmes-grand-sac-de-plage-en-maille-sacs-bandoulieres-transparents-en-pvc-avec-fermeture-eclair-sac-stade-pour-sports-de-voyage-%e5%a4%8d%e5%88%b6-%e5%a4%8d%e5%88%b6-5\/","title":{"rendered":"Panier de courses, sac de gel\u00e9e portable, grande capacit\u00e9 de rangement, candy color Hollow Beach Fashion, grand sac en PVC en silicone"},"content":{"rendered":"\t\t<div data-elementor-type=\"product-post\" data-elementor-id=\"11098\" class=\"elementor elementor-11098 elementor-11096\" data-elementor-post-type=\"product\">\n\t\t\t\t<div class=\"elementor-element elementor-element-eb41879 e-flex e-con-boxed e-con e-parent\" data-id=\"eb41879\" data-element_type=\"container\" data-e-type=\"container\">\n\t\t\t\t\t<div class=\"e-con-inner\">\n\t\t\t\t\t<\/div>\n\t\t\t\t<\/div>\n\t\t<div class=\"elementor-element elementor-element-5ae096d e-flex e-con-boxed e-con e-parent\" data-id=\"5ae096d\" data-element_type=\"container\" data-e-type=\"container\">\n\t\t\t\t\t<div class=\"e-con-inner\">\n\t\t\t\t<div class=\"elementor-element elementor-element-ed78f2d elementor-widget elementor-widget-image\" data-id=\"ed78f2d\" data-element_type=\"widget\" data-e-type=\"widget\" data-widget_type=\"image.default\">\n\t\t\t\t\t\t\t\t\t\t\t\t\t\t\t<img fetchpriority=\"high\" decoding=\"async\" width=\"800\" height=\"800\" src=\"https:\/\/www.cnxiangfu.com\/wp-content\/uploads\/2025\/12\/4-25-1024x1024.jpeg\" class=\"attachment-large size-large wp-image-11691\" alt=\"\" srcset=\"https:\/\/www.cnxiangfu.com\/wp-content\/uploads\/2025\/12\/4-25-1024x1024.jpeg 1024w, https:\/\/www.cnxiangfu.com\/wp-content\/uploads\/2025\/12\/4-25-300x300.jpeg 300w, https:\/\/www.cnxiangfu.com\/wp-content\/uploads\/2025\/12\/4-25-150x150.jpeg 150w, https:\/\/www.cnxiangfu.com\/wp-content\/uploads\/2025\/12\/4-25-768x768.jpeg 768w, https:\/\/www.cnxiangfu.com\/wp-content\/uploads\/2025\/12\/4-25-1536x1536.jpeg 1536w, https:\/\/www.cnxiangfu.com\/wp-content\/uploads\/2025\/12\/4-25-650x650.jpeg 650w, https:\/\/www.cnxiangfu.com\/wp-content\/uploads\/2025\/12\/4-25-1300x1300.jpeg 1300w, https:\/\/www.cnxiangfu.com\/wp-content\/uploads\/2025\/12\/4-25-600x600.jpeg 600w, https:\/\/www.cnxiangfu.com\/wp-content\/uploads\/2025\/12\/4-25-100x100.jpeg 100w, https:\/\/www.cnxiangfu.com\/wp-content\/uploads\/2025\/12\/4-25.jpeg 1600w\" sizes=\"(max-width: 800px) 100vw, 800px\" title=\"\">\t\t\t\t\t\t\t\t\t\t\t\t\t\t\t<\/div>\n\t\t\t\t<div class=\"elementor-element elementor-element-f3cdfa0 elementor-widget elementor-widget-image\" data-id=\"f3cdfa0\" data-element_type=\"widget\" data-e-type=\"widget\" data-widget_type=\"image.default\">\n\t\t\t\t\t\t\t\t\t\t\t\t\t\t\t<img decoding=\"async\" width=\"1600\" height=\"1600\" src=\"https:\/\/www.cnxiangfu.com\/wp-content\/uploads\/2025\/12\/4-26.jpeg\" class=\"attachment-full size-full wp-image-11692\" alt=\"\" srcset=\"https:\/\/www.cnxiangfu.com\/wp-content\/uploads\/2025\/12\/4-26.jpeg 1600w, https:\/\/www.cnxiangfu.com\/wp-content\/uploads\/2025\/12\/4-26-300x300.jpeg 300w, https:\/\/www.cnxiangfu.com\/wp-content\/uploads\/2025\/12\/4-26-1024x1024.jpeg 1024w, https:\/\/www.cnxiangfu.com\/wp-content\/uploads\/2025\/12\/4-26-150x150.jpeg 150w, https:\/\/www.cnxiangfu.com\/wp-content\/uploads\/2025\/12\/4-26-768x768.jpeg 768w, https:\/\/www.cnxiangfu.com\/wp-content\/uploads\/2025\/12\/4-26-1536x1536.jpeg 1536w, https:\/\/www.cnxiangfu.com\/wp-content\/uploads\/2025\/12\/4-26-650x650.jpeg 650w, https:\/\/www.cnxiangfu.com\/wp-content\/uploads\/2025\/12\/4-26-1300x1300.jpeg 1300w, https:\/\/www.cnxiangfu.com\/wp-content\/uploads\/2025\/12\/4-26-600x600.jpeg 600w, https:\/\/www.cnxiangfu.com\/wp-content\/uploads\/2025\/12\/4-26-100x100.jpeg 100w\" sizes=\"(max-width: 1600px) 100vw, 1600px\" title=\"\">\t\t\t\t\t\t\t\t\t\t\t\t\t\t\t<\/div>\n\t\t\t\t<div class=\"elementor-element elementor-element-a04647d elementor-widget elementor-widget-image\" data-id=\"a04647d\" data-element_type=\"widget\" data-e-type=\"widget\" data-widget_type=\"image.default\">\n\t\t\t\t\t\t\t\t\t\t\t\t\t\t\t<img decoding=\"async\" width=\"1600\" height=\"1600\" src=\"https:\/\/www.cnxiangfu.com\/wp-content\/uploads\/2025\/12\/4-27.jpeg\" class=\"attachment-full size-full wp-image-11693\" alt=\"\" srcset=\"https:\/\/www.cnxiangfu.com\/wp-content\/uploads\/2025\/12\/4-27.jpeg 1600w, https:\/\/www.cnxiangfu.com\/wp-content\/uploads\/2025\/12\/4-27-300x300.jpeg 300w, https:\/\/www.cnxiangfu.com\/wp-content\/uploads\/2025\/12\/4-27-1024x1024.jpeg 1024w, https:\/\/www.cnxiangfu.com\/wp-content\/uploads\/2025\/12\/4-27-150x150.jpeg 150w, https:\/\/www.cnxiangfu.com\/wp-content\/uploads\/2025\/12\/4-27-768x768.jpeg 768w, https:\/\/www.cnxiangfu.com\/wp-content\/uploads\/2025\/12\/4-27-1536x1536.jpeg 1536w, https:\/\/www.cnxiangfu.com\/wp-content\/uploads\/2025\/12\/4-27-650x650.jpeg 650w, https:\/\/www.cnxiangfu.com\/wp-content\/uploads\/2025\/12\/4-27-1300x1300.jpeg 1300w, https:\/\/www.cnxiangfu.com\/wp-content\/uploads\/2025\/12\/4-27-600x600.jpeg 600w, https:\/\/www.cnxiangfu.com\/wp-content\/uploads\/2025\/12\/4-27-100x100.jpeg 100w\" sizes=\"(max-width: 1600px) 100vw, 1600px\" title=\"\">\t\t\t\t\t\t\t\t\t\t\t\t\t\t\t<\/div>\n\t\t\t\t\t<\/div>\n\t\t\t\t<\/div>\n\t\t\t\t<\/div>\n\t\t","protected":false},"excerpt":{"rendered":"<p>Nom du produit : Panier de courses Sac \u00e0 gel\u00e9e portable Mat\u00e9riau : toile<\/p>\n<p>Taille : 13,8*12,6*4,7 pouces<\/p>\n<p>Style : Province<\/p>\n<p>de la mode : Zhejiang, Chine<\/p>\n<p>Saison : Quatre saisons<\/p>\n<p> \u00bb Application : Voyage<\/p>\n","protected":false},"featured_media":11108,"comment_status":"closed","ping_status":"closed","template":"","meta":{"_acf_changed":false},"product_brand":[],"product_cat":[473],"product_tag":[],"class_list":{"0":"post-11098","1":"product","2":"type-product","3":"status-publish","4":"has-post-thumbnail","6":"product_cat-uncategorized","8":"first","9":"onbackorder","10":"shipping-taxable","11":"purchasable","12":"product-type-simple"},"acf":[],"_links":{"self":[{"href":"https:\/\/www.cnxiangfu.com\/fr\/wp-json\/wp\/v2\/product\/11098","targetHints":{"allow":["GET"]}}],"collection":[{"href":"https:\/\/www.cnxiangfu.com\/fr\/wp-json\/wp\/v2\/product"}],"about":[{"href":"https:\/\/www.cnxiangfu.com\/fr\/wp-json\/wp\/v2\/types\/product"}],"replies":[{"embeddable":true,"href":"https:\/\/www.cnxiangfu.com\/fr\/wp-json\/wp\/v2\/comments?post=11098"}],"version-history":[{"count":3,"href":"https:\/\/www.cnxiangfu.com\/fr\/wp-json\/wp\/v2\/product\/11098\/revisions"}],"predecessor-version":[{"id":11700,"href":"https:\/\/www.cnxiangfu.com\/fr\/wp-json\/wp\/v2\/product\/11098\/revisions\/11700"}],"wp:featuredmedia":[{"embeddable":true,"href":"https:\/\/www.cnxiangfu.com\/fr\/wp-json\/wp\/v2\/media\/11108"}],"wp:attachment":[{"href":"https:\/\/www.cnxiangfu.com\/fr\/wp-json\/wp\/v2\/media?parent=11098"}],"wp:term":[{"taxonomy":"product_brand","embeddable":true,"href":"https:\/\/www.cnxiangfu.com\/fr\/wp-json\/wp\/v2\/product_brand?post=11098"},{"taxonomy":"product_cat","embeddable":true,"href":"https:\/\/www.cnxiangfu.com\/fr\/wp-json\/wp\/v2\/product_cat?post=11098"},{"taxonomy":"product_tag","embeddable":true,"href":"https:\/\/www.cnxiangfu.com\/fr\/wp-json\/wp\/v2\/product_tag?post=11098"}],"curies":[{"name":"wp","href":"https:\/\/api.w.org\/{rel}","templated":true}]}}