{"id":1131,"date":"2025-10-16T10:42:35","date_gmt":"2025-10-16T02:42:35","guid":{"rendered":"https:\/\/www.cnxiangfu.com\/product\/sac-en-papier-dupont\/"},"modified":"2025-11-07T10:03:54","modified_gmt":"2025-11-07T02:03:54","slug":"sac-en-papier-dupont","status":"publish","type":"product","link":"https:\/\/www.cnxiangfu.com\/fr\/produit\/sac-en-papier-dupont\/","title":{"rendered":"Sac en papier DuPont"},"content":{"rendered":"\t\t<div data-elementor-type=\"product-post\" data-elementor-id=\"1131\" class=\"elementor elementor-1131 elementor-530\" data-elementor-post-type=\"product\">\n\t\t\t\t<div class=\"elementor-element elementor-element-31f5d34 e-flex e-con-boxed e-con e-parent\" data-id=\"31f5d34\" data-element_type=\"container\" data-e-type=\"container\">\n\t\t\t\t\t<div class=\"e-con-inner\">\n\t\t\t\t<div class=\"elementor-element elementor-element-8de0144 elementor-widget elementor-widget-image\" data-id=\"8de0144\" data-element_type=\"widget\" data-e-type=\"widget\" data-widget_type=\"image.default\">\n\t\t\t\t\t\t\t\t\t\t\t\t\t\t\t<img fetchpriority=\"high\" decoding=\"async\" width=\"731\" height=\"738\" src=\"https:\/\/www.cnxiangfu.com\/wp-content\/uploads\/2025\/10\/11.6.png\" class=\"attachment-full size-full wp-image-2676\" alt=\"\" srcset=\"https:\/\/www.cnxiangfu.com\/wp-content\/uploads\/2025\/10\/11.6.png 731w, https:\/\/www.cnxiangfu.com\/wp-content\/uploads\/2025\/10\/11.6-297x300.png 297w, https:\/\/www.cnxiangfu.com\/wp-content\/uploads\/2025\/10\/11.6-150x150.png 150w, https:\/\/www.cnxiangfu.com\/wp-content\/uploads\/2025\/10\/11.6-600x606.png 600w, https:\/\/www.cnxiangfu.com\/wp-content\/uploads\/2025\/10\/11.6-100x100.png 100w\" sizes=\"(max-width: 731px) 100vw, 731px\" title=\"\">\t\t\t\t\t\t\t\t\t\t\t\t\t\t\t<\/div>\n\t\t\t\t<div class=\"elementor-element elementor-element-94d938f elementor-widget elementor-widget-image\" data-id=\"94d938f\" data-element_type=\"widget\" data-e-type=\"widget\" data-widget_type=\"image.default\">\n\t\t\t\t\t\t\t\t\t\t\t\t\t\t\t<img decoding=\"async\" width=\"795\" height=\"795\" src=\"https:\/\/www.cnxiangfu.com\/wp-content\/uploads\/2025\/10\/11.7.jpg\" class=\"attachment-full size-full wp-image-2677\" alt=\"\" srcset=\"https:\/\/www.cnxiangfu.com\/wp-content\/uploads\/2025\/10\/11.7.jpg 795w, https:\/\/www.cnxiangfu.com\/wp-content\/uploads\/2025\/10\/11.7-300x300.jpg 300w, https:\/\/www.cnxiangfu.com\/wp-content\/uploads\/2025\/10\/11.7-150x150.jpg 150w, https:\/\/www.cnxiangfu.com\/wp-content\/uploads\/2025\/10\/11.7-768x768.jpg 768w, https:\/\/www.cnxiangfu.com\/wp-content\/uploads\/2025\/10\/11.7-650x650.jpg 650w, https:\/\/www.cnxiangfu.com\/wp-content\/uploads\/2025\/10\/11.7-600x600.jpg 600w, https:\/\/www.cnxiangfu.com\/wp-content\/uploads\/2025\/10\/11.7-100x100.jpg 100w\" sizes=\"(max-width: 795px) 100vw, 795px\" title=\"\">\t\t\t\t\t\t\t\t\t\t\t\t\t\t\t<\/div>\n\t\t\t\t<div class=\"elementor-element elementor-element-ca76c3a elementor-widget elementor-widget-image\" data-id=\"ca76c3a\" data-element_type=\"widget\" data-e-type=\"widget\" data-widget_type=\"image.default\">\n\t\t\t\t\t\t\t\t\t\t\t\t\t\t\t<img decoding=\"async\" width=\"720\" height=\"720\" src=\"https:\/\/www.cnxiangfu.com\/wp-content\/uploads\/2025\/10\/11.2.jpg\" class=\"attachment-full size-full wp-image-2673\" alt=\"\" srcset=\"https:\/\/www.cnxiangfu.com\/wp-content\/uploads\/2025\/10\/11.2.jpg 720w, https:\/\/www.cnxiangfu.com\/wp-content\/uploads\/2025\/10\/11.2-300x300.jpg 300w, https:\/\/www.cnxiangfu.com\/wp-content\/uploads\/2025\/10\/11.2-150x150.jpg 150w, https:\/\/www.cnxiangfu.com\/wp-content\/uploads\/2025\/10\/11.2-650x650.jpg 650w, https:\/\/www.cnxiangfu.com\/wp-content\/uploads\/2025\/10\/11.2-600x600.jpg 600w, https:\/\/www.cnxiangfu.com\/wp-content\/uploads\/2025\/10\/11.2-100x100.jpg 100w\" sizes=\"(max-width: 720px) 100vw, 720px\" title=\"\">\t\t\t\t\t\t\t\t\t\t\t\t\t\t\t<\/div>\n\t\t\t\t<div class=\"elementor-element elementor-element-c55fcd3 elementor-widget elementor-widget-image\" data-id=\"c55fcd3\" data-element_type=\"widget\" data-e-type=\"widget\" data-widget_type=\"image.default\">\n\t\t\t\t\t\t\t\t\t\t\t\t\t\t\t<img loading=\"lazy\" decoding=\"async\" width=\"800\" height=\"800\" src=\"https:\/\/www.cnxiangfu.com\/wp-content\/uploads\/2025\/10\/11.4.jpg\" class=\"attachment-full size-full wp-image-2675\" alt=\"\" srcset=\"https:\/\/www.cnxiangfu.com\/wp-content\/uploads\/2025\/10\/11.4.jpg 800w, https:\/\/www.cnxiangfu.com\/wp-content\/uploads\/2025\/10\/11.4-300x300.jpg 300w, https:\/\/www.cnxiangfu.com\/wp-content\/uploads\/2025\/10\/11.4-150x150.jpg 150w, https:\/\/www.cnxiangfu.com\/wp-content\/uploads\/2025\/10\/11.4-768x768.jpg 768w, https:\/\/www.cnxiangfu.com\/wp-content\/uploads\/2025\/10\/11.4-650x650.jpg 650w, https:\/\/www.cnxiangfu.com\/wp-content\/uploads\/2025\/10\/11.4-600x600.jpg 600w, https:\/\/www.cnxiangfu.com\/wp-content\/uploads\/2025\/10\/11.4-100x100.jpg 100w\" sizes=\"(max-width: 800px) 100vw, 800px\" title=\"\">\t\t\t\t\t\t\t\t\t\t\t\t\t\t\t<\/div>\n\t\t\t\t\t<\/div>\n\t\t\t\t<\/div>\n\t\t\t\t<\/div>\n\t\t","protected":false},"excerpt":{"rendered":"<p><strong>N\u00b0 A1<\/strong><\/p>\n<p>Nom du produit&nbsp;:Sac en papier DuPont<\/p>\n<p>Taille du produit&nbsp;: Largeur 29cm x Hauteur 30cm x Largeur inf\u00e9rieure 12cm (unit\u00e9&nbsp;: centim\u00e8tres)<\/p>\n<p>Tissu du sac : PVC combin\u00e9 \u00e0 du papier DuPont<\/p>\n<p>Poign\u00e9e&nbsp;: cuir PU<\/p>\n<p>Utilisation&nbsp;:Shopping,Voyage,Plage,Supermarch\u00e9<\/p>\n<p><strong>B1<\/strong><\/p>\n<p>Nom du produit&nbsp;:Sac en papier DuPont<\/p>\n<p>Taille du produit&nbsp;: Largeur 37cm x Hauteur 39cm (unit\u00e9&nbsp;: centim\u00e8tres)<\/p>\n<p>Tissu du sac : PVC combin\u00e9 \u00e0 du papier DuPont<\/p>\n<p>Poign\u00e9e&nbsp;: cuir PU<\/p>\n<p>Utilisation&nbsp;:Shopping,Voyage,Plage,Supermarch\u00e9<\/p>\n","protected":false},"featured_media":2608,"comment_status":"open","ping_status":"closed","template":"","meta":{"_acf_changed":false},"product_brand":[],"product_cat":[74],"product_tag":[],"class_list":{"0":"post-1131","1":"product","2":"type-product","3":"status-publish","4":"has-post-thumbnail","6":"product_cat-sac-en-papier-dupont","8":"first","9":"instock","10":"sale","11":"shipping-taxable","12":"purchasable","13":"product-type-simple"},"acf":[],"_links":{"self":[{"href":"https:\/\/www.cnxiangfu.com\/fr\/wp-json\/wp\/v2\/product\/1131","targetHints":{"allow":["GET"]}}],"collection":[{"href":"https:\/\/www.cnxiangfu.com\/fr\/wp-json\/wp\/v2\/product"}],"about":[{"href":"https:\/\/www.cnxiangfu.com\/fr\/wp-json\/wp\/v2\/types\/product"}],"replies":[{"embeddable":true,"href":"https:\/\/www.cnxiangfu.com\/fr\/wp-json\/wp\/v2\/comments?post=1131"}],"version-history":[{"count":3,"href":"https:\/\/www.cnxiangfu.com\/fr\/wp-json\/wp\/v2\/product\/1131\/revisions"}],"predecessor-version":[{"id":3317,"href":"https:\/\/www.cnxiangfu.com\/fr\/wp-json\/wp\/v2\/product\/1131\/revisions\/3317"}],"wp:featuredmedia":[{"embeddable":true,"href":"https:\/\/www.cnxiangfu.com\/fr\/wp-json\/wp\/v2\/media\/2608"}],"wp:attachment":[{"href":"https:\/\/www.cnxiangfu.com\/fr\/wp-json\/wp\/v2\/media?parent=1131"}],"wp:term":[{"taxonomy":"product_brand","embeddable":true,"href":"https:\/\/www.cnxiangfu.com\/fr\/wp-json\/wp\/v2\/product_brand?post=1131"},{"taxonomy":"product_cat","embeddable":true,"href":"https:\/\/www.cnxiangfu.com\/fr\/wp-json\/wp\/v2\/product_cat?post=1131"},{"taxonomy":"product_tag","embeddable":true,"href":"https:\/\/www.cnxiangfu.com\/fr\/wp-json\/wp\/v2\/product_tag?post=1131"}],"curies":[{"name":"wp","href":"https:\/\/api.w.org\/{rel}","templated":true}]}}