{"id":11446,"date":"2025-12-03T14:17:05","date_gmt":"2025-12-03T06:17:05","guid":{"rendered":"https:\/\/www.cnxiangfu.com\/?post_type=product&#038;p=11446"},"modified":"2025-12-03T19:42:55","modified_gmt":"2025-12-03T11:42:55","slug":"sac-fourre-tout-en-coton-sac-fourre-tout-en-toile-sac-en-coton-sac-de-plage-sac-en-toile-sac-dachat-%e5%a4%8d%e5%88%b6-%e5%a4%8d%e5%88%b6-%e5%a4%8d%e5%88%b6-%e5%a4%8d%e5%88%b6-13","status":"publish","type":"product","link":"https:\/\/www.cnxiangfu.com\/fr\/produit\/sac-fourre-tout-en-coton-sac-fourre-tout-en-toile-sac-en-coton-sac-de-plage-sac-en-toile-sac-dachat-%e5%a4%8d%e5%88%b6-%e5%a4%8d%e5%88%b6-%e5%a4%8d%e5%88%b6-%e5%a4%8d%e5%88%b6-13\/","title":{"rendered":"Sac de sport en PVC de haute qualit\u00e9 de haute qualit\u00e9 de couleur unie, sac transparent transparent et spacieux \u00e0 bandouli\u00e8re crois\u00e9e sur mesure, sac \u00e9tanche durable"},"content":{"rendered":"\t\t<div data-elementor-type=\"product-post\" data-elementor-id=\"11446\" class=\"elementor elementor-11446 elementor-11444\" data-elementor-post-type=\"product\">\n\t\t\t\t<div class=\"elementor-element elementor-element-31f5d34 e-flex e-con-boxed e-con e-parent\" data-id=\"31f5d34\" data-element_type=\"container\" data-e-type=\"container\">\n\t\t\t\t\t<div class=\"e-con-inner\">\n\t\t\t\t<div class=\"elementor-element elementor-element-c55fcd3 elementor-widget elementor-widget-image\" data-id=\"c55fcd3\" data-element_type=\"widget\" data-e-type=\"widget\" data-widget_type=\"image.default\">\n\t\t\t\t\t\t\t\t\t\t\t\t\t\t\t<img fetchpriority=\"high\" decoding=\"async\" width=\"569\" height=\"710\" src=\"https:\/\/www.cnxiangfu.com\/wp-content\/uploads\/2025\/12\/A4-1.jpg\" class=\"attachment-full size-full wp-image-12323\" alt=\"\" srcset=\"https:\/\/www.cnxiangfu.com\/wp-content\/uploads\/2025\/12\/A4-1.jpg 569w, https:\/\/www.cnxiangfu.com\/wp-content\/uploads\/2025\/12\/A4-1-240x300.jpg 240w\" sizes=\"(max-width: 569px) 100vw, 569px\" title=\"\">\t\t\t\t\t\t\t\t\t\t\t\t\t\t\t<\/div>\n\t\t\t\t<div class=\"elementor-element elementor-element-7f7039a elementor-widget elementor-widget-image\" data-id=\"7f7039a\" data-element_type=\"widget\" data-e-type=\"widget\" data-widget_type=\"image.default\">\n\t\t\t\t\t\t\t\t\t\t\t\t\t\t\t<img decoding=\"async\" width=\"569\" height=\"722\" src=\"https:\/\/www.cnxiangfu.com\/wp-content\/uploads\/2025\/12\/A5-1.jpg\" class=\"attachment-full size-full wp-image-12324\" alt=\"\" srcset=\"https:\/\/www.cnxiangfu.com\/wp-content\/uploads\/2025\/12\/A5-1.jpg 569w, https:\/\/www.cnxiangfu.com\/wp-content\/uploads\/2025\/12\/A5-1-236x300.jpg 236w\" sizes=\"(max-width: 569px) 100vw, 569px\" title=\"\">\t\t\t\t\t\t\t\t\t\t\t\t\t\t\t<\/div>\n\t\t\t\t<div class=\"elementor-element elementor-element-af9e745 elementor-widget elementor-widget-image\" data-id=\"af9e745\" data-element_type=\"widget\" data-e-type=\"widget\" data-widget_type=\"image.default\">\n\t\t\t\t\t\t\t\t\t\t\t\t\t\t\t<img decoding=\"async\" width=\"569\" height=\"703\" src=\"https:\/\/www.cnxiangfu.com\/wp-content\/uploads\/2025\/12\/A6-1.jpg\" class=\"attachment-full size-full wp-image-12326\" alt=\"\" srcset=\"https:\/\/www.cnxiangfu.com\/wp-content\/uploads\/2025\/12\/A6-1.jpg 569w, https:\/\/www.cnxiangfu.com\/wp-content\/uploads\/2025\/12\/A6-1-243x300.jpg 243w\" sizes=\"(max-width: 569px) 100vw, 569px\" title=\"\">\t\t\t\t\t\t\t\t\t\t\t\t\t\t\t<\/div>\n\t\t\t\t<div class=\"elementor-element elementor-element-159deb5 elementor-widget elementor-widget-image\" data-id=\"159deb5\" data-element_type=\"widget\" data-e-type=\"widget\" data-widget_type=\"image.default\">\n\t\t\t\t\t\t\t\t\t\t\t\t\t\t\t<img loading=\"lazy\" decoding=\"async\" width=\"569\" height=\"711\" src=\"https:\/\/www.cnxiangfu.com\/wp-content\/uploads\/2025\/12\/A7-1.jpg\" class=\"attachment-full size-full wp-image-12328\" alt=\"\" srcset=\"https:\/\/www.cnxiangfu.com\/wp-content\/uploads\/2025\/12\/A7-1.jpg 569w, https:\/\/www.cnxiangfu.com\/wp-content\/uploads\/2025\/12\/A7-1-240x300.jpg 240w\" sizes=\"(max-width: 569px) 100vw, 569px\" title=\"\">\t\t\t\t\t\t\t\t\t\t\t\t\t\t\t<\/div>\n\t\t\t\t\t<\/div>\n\t\t\t\t<\/div>\n\t\t\t\t<\/div>\n\t\t","protected":false},"excerpt":{"rendered":"<p>Nom du produit : Sac en polyester Taille du produit : Largeur 22x Hauteur 14x Largeur du bas 6 (Unit\u00e9 : pouces)<\/p>\n<p> Tissu du sac : Polyester<\/p>\n<p>Poign\u00e9e : Sangle en coton, avec une grande capacit\u00e9<\/p>\n<p>portante Utilisation : Voyage, shopping, usage quotidien<\/p>\n","protected":false},"featured_media":6077,"comment_status":"open","ping_status":"closed","template":"","meta":{"_acf_changed":false},"product_brand":[],"product_cat":[117],"product_tag":[],"class_list":{"0":"post-11446","1":"product","2":"type-product","3":"status-publish","4":"has-post-thumbnail","6":"product_cat-sac-en-polyester-personnalise","8":"first","9":"onbackorder","10":"shipping-taxable","11":"purchasable","12":"product-type-simple"},"acf":[],"_links":{"self":[{"href":"https:\/\/www.cnxiangfu.com\/fr\/wp-json\/wp\/v2\/product\/11446","targetHints":{"allow":["GET"]}}],"collection":[{"href":"https:\/\/www.cnxiangfu.com\/fr\/wp-json\/wp\/v2\/product"}],"about":[{"href":"https:\/\/www.cnxiangfu.com\/fr\/wp-json\/wp\/v2\/types\/product"}],"replies":[{"embeddable":true,"href":"https:\/\/www.cnxiangfu.com\/fr\/wp-json\/wp\/v2\/comments?post=11446"}],"version-history":[{"count":3,"href":"https:\/\/www.cnxiangfu.com\/fr\/wp-json\/wp\/v2\/product\/11446\/revisions"}],"predecessor-version":[{"id":12365,"href":"https:\/\/www.cnxiangfu.com\/fr\/wp-json\/wp\/v2\/product\/11446\/revisions\/12365"}],"wp:featuredmedia":[{"embeddable":true,"href":"https:\/\/www.cnxiangfu.com\/fr\/wp-json\/wp\/v2\/media\/6077"}],"wp:attachment":[{"href":"https:\/\/www.cnxiangfu.com\/fr\/wp-json\/wp\/v2\/media?parent=11446"}],"wp:term":[{"taxonomy":"product_brand","embeddable":true,"href":"https:\/\/www.cnxiangfu.com\/fr\/wp-json\/wp\/v2\/product_brand?post=11446"},{"taxonomy":"product_cat","embeddable":true,"href":"https:\/\/www.cnxiangfu.com\/fr\/wp-json\/wp\/v2\/product_cat?post=11446"},{"taxonomy":"product_tag","embeddable":true,"href":"https:\/\/www.cnxiangfu.com\/fr\/wp-json\/wp\/v2\/product_tag?post=11446"}],"curies":[{"name":"wp","href":"https:\/\/api.w.org\/{rel}","templated":true}]}}