{"id":11492,"date":"2025-12-03T14:42:26","date_gmt":"2025-12-03T06:42:26","guid":{"rendered":"https:\/\/www.cnxiangfu.com\/?post_type=product&#038;p=11492"},"modified":"2025-12-03T19:42:49","modified_gmt":"2025-12-03T11:42:49","slug":"sac-fourre-tout-en-coton-sac-fourre-tout-en-toile-sac-en-coton-sac-de-plage-sac-en-toile-sac-dachat-%e5%a4%8d%e5%88%b6-%e5%a4%8d%e5%88%b6-%e5%a4%8d%e5%88%b6-%e5%a4%8d%e5%88%b6-14","status":"publish","type":"product","link":"https:\/\/www.cnxiangfu.com\/fr\/produit\/sac-fourre-tout-en-coton-sac-fourre-tout-en-toile-sac-en-coton-sac-de-plage-sac-en-toile-sac-dachat-%e5%a4%8d%e5%88%b6-%e5%a4%8d%e5%88%b6-%e5%a4%8d%e5%88%b6-%e5%a4%8d%e5%88%b6-14\/","title":{"rendered":"Sac \u00e0 main grand pour femmes \u00e0 utilit\u00e9 quotidienne, sac \u00e0 main multi-poches, sac \u00e0 main avec commodit\u00e9 estivale"},"content":{"rendered":"\t\t<div data-elementor-type=\"product-post\" data-elementor-id=\"11492\" class=\"elementor elementor-11492 elementor-11490\" data-elementor-post-type=\"product\">\n\t\t\t\t<div class=\"elementor-element elementor-element-31f5d34 e-flex e-con-boxed e-con e-parent\" data-id=\"31f5d34\" data-element_type=\"container\" data-e-type=\"container\">\n\t\t\t\t\t<div class=\"e-con-inner\">\n\t\t\t\t<div class=\"elementor-element elementor-element-c55fcd3 elementor-widget elementor-widget-image\" data-id=\"c55fcd3\" data-element_type=\"widget\" data-e-type=\"widget\" data-widget_type=\"image.default\">\n\t\t\t\t\t\t\t\t\t\t\t\t\t\t\t<img fetchpriority=\"high\" decoding=\"async\" width=\"1200\" height=\"1500\" src=\"https:\/\/www.cnxiangfu.com\/wp-content\/uploads\/2025\/12\/18_71U0bmFKQLL._AC_SL1500_.jpg\" class=\"attachment-full size-full wp-image-12304\" alt=\"Sacs polyester personnalis\u00e9s\" srcset=\"https:\/\/www.cnxiangfu.com\/wp-content\/uploads\/2025\/12\/18_71U0bmFKQLL._AC_SL1500_.jpg 1200w, https:\/\/www.cnxiangfu.com\/wp-content\/uploads\/2025\/12\/18_71U0bmFKQLL._AC_SL1500_-240x300.jpg 240w, https:\/\/www.cnxiangfu.com\/wp-content\/uploads\/2025\/12\/18_71U0bmFKQLL._AC_SL1500_-819x1024.jpg 819w, https:\/\/www.cnxiangfu.com\/wp-content\/uploads\/2025\/12\/18_71U0bmFKQLL._AC_SL1500_-768x960.jpg 768w, https:\/\/www.cnxiangfu.com\/wp-content\/uploads\/2025\/12\/18_71U0bmFKQLL._AC_SL1500_-600x750.jpg 600w\" sizes=\"(max-width: 1200px) 100vw, 1200px\" title=\"\">\t\t\t\t\t\t\t\t\t\t\t\t\t\t\t<\/div>\n\t\t\t\t<div class=\"elementor-element elementor-element-7f7039a elementor-widget elementor-widget-image\" data-id=\"7f7039a\" data-element_type=\"widget\" data-e-type=\"widget\" data-widget_type=\"image.default\">\n\t\t\t\t\t\t\t\t\t\t\t\t\t\t\t<img decoding=\"async\" width=\"1200\" height=\"1500\" src=\"https:\/\/www.cnxiangfu.com\/wp-content\/uploads\/2025\/12\/20_71YmWNxc-OL._AC_SL1500_.jpg\" class=\"attachment-full size-full wp-image-12305\" alt=\"\" srcset=\"https:\/\/www.cnxiangfu.com\/wp-content\/uploads\/2025\/12\/20_71YmWNxc-OL._AC_SL1500_.jpg 1200w, https:\/\/www.cnxiangfu.com\/wp-content\/uploads\/2025\/12\/20_71YmWNxc-OL._AC_SL1500_-240x300.jpg 240w, https:\/\/www.cnxiangfu.com\/wp-content\/uploads\/2025\/12\/20_71YmWNxc-OL._AC_SL1500_-819x1024.jpg 819w, https:\/\/www.cnxiangfu.com\/wp-content\/uploads\/2025\/12\/20_71YmWNxc-OL._AC_SL1500_-768x960.jpg 768w, https:\/\/www.cnxiangfu.com\/wp-content\/uploads\/2025\/12\/20_71YmWNxc-OL._AC_SL1500_-600x750.jpg 600w\" sizes=\"(max-width: 1200px) 100vw, 1200px\" title=\"\">\t\t\t\t\t\t\t\t\t\t\t\t\t\t\t<\/div>\n\t\t\t\t<div class=\"elementor-element elementor-element-af9e745 elementor-widget elementor-widget-image\" data-id=\"af9e745\" data-element_type=\"widget\" data-e-type=\"widget\" data-widget_type=\"image.default\">\n\t\t\t\t\t\t\t\t\t\t\t\t\t\t\t<img decoding=\"async\" width=\"1200\" height=\"1500\" src=\"https:\/\/www.cnxiangfu.com\/wp-content\/uploads\/2025\/12\/21_71h5gXGIGNL._AC_SL1500_.jpg\" class=\"attachment-full size-full wp-image-12306\" alt=\"\" srcset=\"https:\/\/www.cnxiangfu.com\/wp-content\/uploads\/2025\/12\/21_71h5gXGIGNL._AC_SL1500_.jpg 1200w, https:\/\/www.cnxiangfu.com\/wp-content\/uploads\/2025\/12\/21_71h5gXGIGNL._AC_SL1500_-240x300.jpg 240w, https:\/\/www.cnxiangfu.com\/wp-content\/uploads\/2025\/12\/21_71h5gXGIGNL._AC_SL1500_-819x1024.jpg 819w, https:\/\/www.cnxiangfu.com\/wp-content\/uploads\/2025\/12\/21_71h5gXGIGNL._AC_SL1500_-768x960.jpg 768w, https:\/\/www.cnxiangfu.com\/wp-content\/uploads\/2025\/12\/21_71h5gXGIGNL._AC_SL1500_-600x750.jpg 600w\" sizes=\"(max-width: 1200px) 100vw, 1200px\" title=\"\">\t\t\t\t\t\t\t\t\t\t\t\t\t\t\t<\/div>\n\t\t\t\t<div class=\"elementor-element elementor-element-159deb5 elementor-widget elementor-widget-image\" data-id=\"159deb5\" data-element_type=\"widget\" data-e-type=\"widget\" data-widget_type=\"image.default\">\n\t\t\t\t\t\t\t\t\t\t\t\t\t\t\t<img loading=\"lazy\" decoding=\"async\" width=\"1146\" height=\"1401\" src=\"https:\/\/www.cnxiangfu.com\/wp-content\/uploads\/2025\/12\/27_71xhi1V8eRL._AC_SL1500_.jpg\" class=\"attachment-full size-full wp-image-12314\" alt=\"\" srcset=\"https:\/\/www.cnxiangfu.com\/wp-content\/uploads\/2025\/12\/27_71xhi1V8eRL._AC_SL1500_.jpg 1146w, https:\/\/www.cnxiangfu.com\/wp-content\/uploads\/2025\/12\/27_71xhi1V8eRL._AC_SL1500_-245x300.jpg 245w, https:\/\/www.cnxiangfu.com\/wp-content\/uploads\/2025\/12\/27_71xhi1V8eRL._AC_SL1500_-838x1024.jpg 838w, https:\/\/www.cnxiangfu.com\/wp-content\/uploads\/2025\/12\/27_71xhi1V8eRL._AC_SL1500_-768x939.jpg 768w, https:\/\/www.cnxiangfu.com\/wp-content\/uploads\/2025\/12\/27_71xhi1V8eRL._AC_SL1500_-600x734.jpg 600w\" sizes=\"(max-width: 1146px) 100vw, 1146px\" title=\"\">\t\t\t\t\t\t\t\t\t\t\t\t\t\t\t<\/div>\n\t\t\t\t<div class=\"elementor-element elementor-element-211fb43 elementor-widget elementor-widget-image\" data-id=\"211fb43\" data-element_type=\"widget\" data-e-type=\"widget\" data-widget_type=\"image.default\">\n\t\t\t\t\t\t\t\t\t\t\t\t\t\t\t<img loading=\"lazy\" decoding=\"async\" width=\"1200\" height=\"1500\" src=\"https:\/\/www.cnxiangfu.com\/wp-content\/uploads\/2025\/12\/25_71FfAhDdrCL._AC_SL1500_.jpg\" class=\"attachment-full size-full wp-image-12310\" alt=\"\" srcset=\"https:\/\/www.cnxiangfu.com\/wp-content\/uploads\/2025\/12\/25_71FfAhDdrCL._AC_SL1500_.jpg 1200w, https:\/\/www.cnxiangfu.com\/wp-content\/uploads\/2025\/12\/25_71FfAhDdrCL._AC_SL1500_-240x300.jpg 240w, https:\/\/www.cnxiangfu.com\/wp-content\/uploads\/2025\/12\/25_71FfAhDdrCL._AC_SL1500_-819x1024.jpg 819w, https:\/\/www.cnxiangfu.com\/wp-content\/uploads\/2025\/12\/25_71FfAhDdrCL._AC_SL1500_-768x960.jpg 768w, https:\/\/www.cnxiangfu.com\/wp-content\/uploads\/2025\/12\/25_71FfAhDdrCL._AC_SL1500_-600x750.jpg 600w\" sizes=\"(max-width: 1200px) 100vw, 1200px\" title=\"\">\t\t\t\t\t\t\t\t\t\t\t\t\t\t\t<\/div>\n\t\t\t\t\t<\/div>\n\t\t\t\t<\/div>\n\t\t\t\t<\/div>\n\t\t","protected":false},"excerpt":{"rendered":"<p>Nom du produit : Sac en polyester Taille du produit : Largeur 18x Hauteur 13x Largeur du bas 6,5 (Unit\u00e9 : pouces)<\/p>\n<p> Tissu du sac : Polyester<\/p>\n<p>Poign\u00e9e : Sangle en coton, avec une grande capacit\u00e9<\/p>\n<p>de charge Utilisation : Voyages, Shopping, Usage quotidien<\/p>\n","protected":false},"featured_media":6077,"comment_status":"open","ping_status":"closed","template":"","meta":{"_acf_changed":false},"product_brand":[],"product_cat":[117],"product_tag":[],"class_list":{"0":"post-11492","1":"product","2":"type-product","3":"status-publish","4":"has-post-thumbnail","6":"product_cat-sac-en-polyester-personnalise","8":"first","9":"onbackorder","10":"shipping-taxable","11":"purchasable","12":"product-type-simple"},"acf":[],"_links":{"self":[{"href":"https:\/\/www.cnxiangfu.com\/fr\/wp-json\/wp\/v2\/product\/11492","targetHints":{"allow":["GET"]}}],"collection":[{"href":"https:\/\/www.cnxiangfu.com\/fr\/wp-json\/wp\/v2\/product"}],"about":[{"href":"https:\/\/www.cnxiangfu.com\/fr\/wp-json\/wp\/v2\/types\/product"}],"replies":[{"embeddable":true,"href":"https:\/\/www.cnxiangfu.com\/fr\/wp-json\/wp\/v2\/comments?post=11492"}],"version-history":[{"count":3,"href":"https:\/\/www.cnxiangfu.com\/fr\/wp-json\/wp\/v2\/product\/11492\/revisions"}],"predecessor-version":[{"id":12333,"href":"https:\/\/www.cnxiangfu.com\/fr\/wp-json\/wp\/v2\/product\/11492\/revisions\/12333"}],"wp:featuredmedia":[{"embeddable":true,"href":"https:\/\/www.cnxiangfu.com\/fr\/wp-json\/wp\/v2\/media\/6077"}],"wp:attachment":[{"href":"https:\/\/www.cnxiangfu.com\/fr\/wp-json\/wp\/v2\/media?parent=11492"}],"wp:term":[{"taxonomy":"product_brand","embeddable":true,"href":"https:\/\/www.cnxiangfu.com\/fr\/wp-json\/wp\/v2\/product_brand?post=11492"},{"taxonomy":"product_cat","embeddable":true,"href":"https:\/\/www.cnxiangfu.com\/fr\/wp-json\/wp\/v2\/product_cat?post=11492"},{"taxonomy":"product_tag","embeddable":true,"href":"https:\/\/www.cnxiangfu.com\/fr\/wp-json\/wp\/v2\/product_tag?post=11492"}],"curies":[{"name":"wp","href":"https:\/\/api.w.org\/{rel}","templated":true}]}}