{"id":11978,"date":"2025-12-03T14:08:51","date_gmt":"2025-12-03T06:08:51","guid":{"rendered":"https:\/\/www.cnxiangfu.com\/product\/logo-de-sac-a-main-personnalise-en-toile-sac-a-main-decontracte-100-coton-brut-grand-sac-decontracte-pour-femmes-a-epaule-simple-avec-poche-interieure\/"},"modified":"2025-12-03T14:08:51","modified_gmt":"2025-12-03T06:08:51","slug":"logo-de-sac-a-main-personnalise-en-toile-sac-a-main-decontracte-100-coton-brut-grand-sac-decontracte-pour-femmes-a-epaule-simple-avec-poche-interieure","status":"publish","type":"product","link":"https:\/\/www.cnxiangfu.com\/fr\/produit\/logo-de-sac-a-main-personnalise-en-toile-sac-a-main-decontracte-100-coton-brut-grand-sac-decontracte-pour-femmes-a-epaule-simple-avec-poche-interieure\/","title":{"rendered":"Logo de sac \u00e0 main personnalis\u00e9 en toile, sac \u00e0 main d\u00e9contract\u00e9 100 % coton brut, grand sac d\u00e9contract\u00e9 pour femmes \u00e0 \u00e9paule simple avec poche int\u00e9rieure"},"content":{"rendered":"","protected":false},"excerpt":{"rendered":"<p>Nom du produit : Sac en toile Mat\u00e9riau : toile<\/p>\n<p>Taille : 35*40*12 cm<\/p>\n<p>Style : Mode<\/p>\n<p>Province : Zhejiang, Chine<\/p>\n<p>Saison : Quatre saisons<\/p>\n<p> \u00bb Application : Voyage<\/p>\n","protected":false},"featured_media":11427,"comment_status":"closed","ping_status":"closed","template":"","meta":{"_acf_changed":false},"product_brand":[],"product_cat":[67,97],"product_tag":[],"class_list":{"0":"post-11978","1":"product","2":"type-product","3":"status-publish","4":"has-post-thumbnail","6":"product_cat-non-categorise","7":"product_cat-sacs-en-toile-personnalises","9":"first","10":"onbackorder","11":"shipping-taxable","12":"purchasable","13":"product-type-simple"},"acf":[],"_links":{"self":[{"href":"https:\/\/www.cnxiangfu.com\/fr\/wp-json\/wp\/v2\/product\/11978","targetHints":{"allow":["GET"]}}],"collection":[{"href":"https:\/\/www.cnxiangfu.com\/fr\/wp-json\/wp\/v2\/product"}],"about":[{"href":"https:\/\/www.cnxiangfu.com\/fr\/wp-json\/wp\/v2\/types\/product"}],"replies":[{"embeddable":true,"href":"https:\/\/www.cnxiangfu.com\/fr\/wp-json\/wp\/v2\/comments?post=11978"}],"version-history":[{"count":0,"href":"https:\/\/www.cnxiangfu.com\/fr\/wp-json\/wp\/v2\/product\/11978\/revisions"}],"wp:featuredmedia":[{"embeddable":true,"href":"https:\/\/www.cnxiangfu.com\/fr\/wp-json\/wp\/v2\/media\/11427"}],"wp:attachment":[{"href":"https:\/\/www.cnxiangfu.com\/fr\/wp-json\/wp\/v2\/media?parent=11978"}],"wp:term":[{"taxonomy":"product_brand","embeddable":true,"href":"https:\/\/www.cnxiangfu.com\/fr\/wp-json\/wp\/v2\/product_brand?post=11978"},{"taxonomy":"product_cat","embeddable":true,"href":"https:\/\/www.cnxiangfu.com\/fr\/wp-json\/wp\/v2\/product_cat?post=11978"},{"taxonomy":"product_tag","embeddable":true,"href":"https:\/\/www.cnxiangfu.com\/fr\/wp-json\/wp\/v2\/product_tag?post=11978"}],"curies":[{"name":"wp","href":"https:\/\/api.w.org\/{rel}","templated":true}]}}