{"id":12182,"date":"2025-12-03T13:30:34","date_gmt":"2025-12-03T05:30:34","guid":{"rendered":"https:\/\/www.cnxiangfu.com\/product\/sac-bandouliere-feminin-personnalise-en-toile-retro-grand-cylindre-elegant-et-simple-pour-femmes\/"},"modified":"2025-12-03T19:42:38","modified_gmt":"2025-12-03T11:42:38","slug":"sac-bandouliere-feminin-personnalise-en-toile-retro-grand-cylindre-elegant-et-simple-pour-femmes","status":"publish","type":"product","link":"https:\/\/www.cnxiangfu.com\/fr\/produit\/sac-bandouliere-feminin-personnalise-en-toile-retro-grand-cylindre-elegant-et-simple-pour-femmes\/","title":{"rendered":"Sac bandouli\u00e8re f\u00e9minin personnalis\u00e9 en toile r\u00e9tro, grand cylindre, \u00e9l\u00e9gant et simple pour femmes"},"content":{"rendered":"\t\t<div data-elementor-type=\"product-post\" data-elementor-id=\"12182\" class=\"elementor elementor-12182 elementor-11310\" data-elementor-post-type=\"product\">\n\t\t\t\t<div class=\"elementor-element elementor-element-0c2d6eb e-flex e-con-boxed e-con e-parent\" data-id=\"0c2d6eb\" data-element_type=\"container\" data-e-type=\"container\">\n\t\t\t\t\t<div class=\"e-con-inner\">\n\t\t\t\t<div class=\"elementor-element elementor-element-317fe27 elementor-widget elementor-widget-image\" data-id=\"317fe27\" data-element_type=\"widget\" data-e-type=\"widget\" data-widget_type=\"image.default\">\n\t\t\t\t\t\t\t\t\t\t\t\t\t\t\t<img fetchpriority=\"high\" decoding=\"async\" width=\"750\" height=\"729\" src=\"https:\/\/www.cnxiangfu.com\/wp-content\/uploads\/2025\/12\/12_H3f0a20d47b1c4120b943a3195ed9fc19f.jpg\" class=\"attachment-large size-large wp-image-12188\" alt=\"\" srcset=\"https:\/\/www.cnxiangfu.com\/wp-content\/uploads\/2025\/12\/12_H3f0a20d47b1c4120b943a3195ed9fc19f.jpg 750w, https:\/\/www.cnxiangfu.com\/wp-content\/uploads\/2025\/12\/12_H3f0a20d47b1c4120b943a3195ed9fc19f-300x292.jpg 300w, https:\/\/www.cnxiangfu.com\/wp-content\/uploads\/2025\/12\/12_H3f0a20d47b1c4120b943a3195ed9fc19f-600x583.jpg 600w\" sizes=\"(max-width: 750px) 100vw, 750px\" title=\"\">\t\t\t\t\t\t\t\t\t\t\t\t\t\t\t<\/div>\n\t\t\t\t\t<\/div>\n\t\t\t\t<\/div>\n\t\t\t\t<\/div>\n\t\t","protected":false},"excerpt":{"rendered":"<p>Nom du produit : Sac en toile Mat\u00e9riau : toile<\/p>\n<p>Taille : 35*40*12 cm<\/p>\n<p>Style : Mode<\/p>\n<p>Province : Zhejiang, Chine<\/p>\n<p>Saison : Quatre saisons<\/p>\n<p> \u00bb Application : Voyage<\/p>\n","protected":false},"featured_media":11311,"comment_status":"closed","ping_status":"closed","template":"","meta":{"_acf_changed":false},"product_brand":[],"product_cat":[67,97],"product_tag":[],"class_list":{"0":"post-12182","1":"product","2":"type-product","3":"status-publish","4":"has-post-thumbnail","6":"product_cat-non-categorise","7":"product_cat-sacs-en-toile-personnalises","9":"first","10":"onbackorder","11":"shipping-taxable","12":"purchasable","13":"product-type-simple"},"acf":[],"_links":{"self":[{"href":"https:\/\/www.cnxiangfu.com\/fr\/wp-json\/wp\/v2\/product\/12182","targetHints":{"allow":["GET"]}}],"collection":[{"href":"https:\/\/www.cnxiangfu.com\/fr\/wp-json\/wp\/v2\/product"}],"about":[{"href":"https:\/\/www.cnxiangfu.com\/fr\/wp-json\/wp\/v2\/types\/product"}],"replies":[{"embeddable":true,"href":"https:\/\/www.cnxiangfu.com\/fr\/wp-json\/wp\/v2\/comments?post=12182"}],"version-history":[{"count":1,"href":"https:\/\/www.cnxiangfu.com\/fr\/wp-json\/wp\/v2\/product\/12182\/revisions"}],"predecessor-version":[{"id":12189,"href":"https:\/\/www.cnxiangfu.com\/fr\/wp-json\/wp\/v2\/product\/12182\/revisions\/12189"}],"wp:featuredmedia":[{"embeddable":true,"href":"https:\/\/www.cnxiangfu.com\/fr\/wp-json\/wp\/v2\/media\/11311"}],"wp:attachment":[{"href":"https:\/\/www.cnxiangfu.com\/fr\/wp-json\/wp\/v2\/media?parent=12182"}],"wp:term":[{"taxonomy":"product_brand","embeddable":true,"href":"https:\/\/www.cnxiangfu.com\/fr\/wp-json\/wp\/v2\/product_brand?post=12182"},{"taxonomy":"product_cat","embeddable":true,"href":"https:\/\/www.cnxiangfu.com\/fr\/wp-json\/wp\/v2\/product_cat?post=12182"},{"taxonomy":"product_tag","embeddable":true,"href":"https:\/\/www.cnxiangfu.com\/fr\/wp-json\/wp\/v2\/product_tag?post=12182"}],"curies":[{"name":"wp","href":"https:\/\/api.w.org\/{rel}","templated":true}]}}