{"id":1225,"date":"2025-10-16T11:14:11","date_gmt":"2025-10-16T03:14:11","guid":{"rendered":"https:\/\/www.cnxiangfu.com\/product\/sac-en-toile\/"},"modified":"2025-10-30T14:13:41","modified_gmt":"2025-10-30T06:13:41","slug":"sac-en-toile","status":"publish","type":"product","link":"https:\/\/www.cnxiangfu.com\/fr\/produit\/sac-en-toile\/","title":{"rendered":"Sac en toile"},"content":{"rendered":"\t\t<div data-elementor-type=\"product-post\" data-elementor-id=\"1225\" class=\"elementor elementor-1225 elementor-557\" data-elementor-post-type=\"product\">\n\t\t\t\t<div class=\"elementor-element elementor-element-31f5d34 e-flex e-con-boxed e-con e-parent\" data-id=\"31f5d34\" data-element_type=\"container\" data-e-type=\"container\">\n\t\t\t\t\t<div class=\"e-con-inner\">\n\t\t\t\t<div class=\"elementor-element elementor-element-8de0144 elementor-widget elementor-widget-image\" data-id=\"8de0144\" data-element_type=\"widget\" data-e-type=\"widget\" data-widget_type=\"image.default\">\n\t\t\t\t\t\t\t\t\t\t\t\t\t\t\t<img fetchpriority=\"high\" decoding=\"async\" width=\"800\" height=\"800\" src=\"https:\/\/www.cnxiangfu.com\/wp-content\/uploads\/2025\/10\/\u8be6\u60c5\u9875A1_WH_800x800px-2.jpg\" class=\"attachment-full size-full wp-image-1257\" alt=\"\" srcset=\"https:\/\/www.cnxiangfu.com\/wp-content\/uploads\/2025\/10\/\u8be6\u60c5\u9875A1_WH_800x800px-2.jpg 800w, https:\/\/www.cnxiangfu.com\/wp-content\/uploads\/2025\/10\/\u8be6\u60c5\u9875A1_WH_800x800px-2-300x300.jpg 300w, https:\/\/www.cnxiangfu.com\/wp-content\/uploads\/2025\/10\/\u8be6\u60c5\u9875A1_WH_800x800px-2-150x150.jpg 150w, https:\/\/www.cnxiangfu.com\/wp-content\/uploads\/2025\/10\/\u8be6\u60c5\u9875A1_WH_800x800px-2-768x768.jpg 768w, https:\/\/www.cnxiangfu.com\/wp-content\/uploads\/2025\/10\/\u8be6\u60c5\u9875A1_WH_800x800px-2-650x650.jpg 650w, https:\/\/www.cnxiangfu.com\/wp-content\/uploads\/2025\/10\/\u8be6\u60c5\u9875A1_WH_800x800px-2-600x600.jpg 600w, https:\/\/www.cnxiangfu.com\/wp-content\/uploads\/2025\/10\/\u8be6\u60c5\u9875A1_WH_800x800px-2-100x100.jpg 100w\" sizes=\"(max-width: 800px) 100vw, 800px\" title=\"\">\t\t\t\t\t\t\t\t\t\t\t\t\t\t\t<\/div>\n\t\t\t\t<div class=\"elementor-element elementor-element-c0ce038 elementor-widget elementor-widget-image\" data-id=\"c0ce038\" data-element_type=\"widget\" data-e-type=\"widget\" data-widget_type=\"image.default\">\n\t\t\t\t\t\t\t\t\t\t\t\t\t\t\t<img decoding=\"async\" width=\"800\" height=\"800\" src=\"https:\/\/www.cnxiangfu.com\/wp-content\/uploads\/2025\/10\/\u8be6\u60c5\u9875A2_WH_800x800px-1.jpg\" class=\"attachment-full size-full wp-image-1259\" alt=\"\" srcset=\"https:\/\/www.cnxiangfu.com\/wp-content\/uploads\/2025\/10\/\u8be6\u60c5\u9875A2_WH_800x800px-1.jpg 800w, https:\/\/www.cnxiangfu.com\/wp-content\/uploads\/2025\/10\/\u8be6\u60c5\u9875A2_WH_800x800px-1-300x300.jpg 300w, https:\/\/www.cnxiangfu.com\/wp-content\/uploads\/2025\/10\/\u8be6\u60c5\u9875A2_WH_800x800px-1-150x150.jpg 150w, https:\/\/www.cnxiangfu.com\/wp-content\/uploads\/2025\/10\/\u8be6\u60c5\u9875A2_WH_800x800px-1-768x768.jpg 768w, https:\/\/www.cnxiangfu.com\/wp-content\/uploads\/2025\/10\/\u8be6\u60c5\u9875A2_WH_800x800px-1-650x650.jpg 650w, https:\/\/www.cnxiangfu.com\/wp-content\/uploads\/2025\/10\/\u8be6\u60c5\u9875A2_WH_800x800px-1-600x600.jpg 600w, https:\/\/www.cnxiangfu.com\/wp-content\/uploads\/2025\/10\/\u8be6\u60c5\u9875A2_WH_800x800px-1-100x100.jpg 100w\" sizes=\"(max-width: 800px) 100vw, 800px\" title=\"\">\t\t\t\t\t\t\t\t\t\t\t\t\t\t\t<\/div>\n\t\t\t\t<div class=\"elementor-element elementor-element-94d938f elementor-widget elementor-widget-image\" data-id=\"94d938f\" data-element_type=\"widget\" data-e-type=\"widget\" data-widget_type=\"image.default\">\n\t\t\t\t\t\t\t\t\t\t\t\t\t\t\t<img decoding=\"async\" width=\"800\" height=\"800\" src=\"https:\/\/www.cnxiangfu.com\/wp-content\/uploads\/2025\/10\/\u8be6\u60c5\u9875A3_WH_800x800px-1.jpg\" class=\"attachment-full size-full wp-image-1261\" alt=\"\" srcset=\"https:\/\/www.cnxiangfu.com\/wp-content\/uploads\/2025\/10\/\u8be6\u60c5\u9875A3_WH_800x800px-1.jpg 800w, https:\/\/www.cnxiangfu.com\/wp-content\/uploads\/2025\/10\/\u8be6\u60c5\u9875A3_WH_800x800px-1-300x300.jpg 300w, https:\/\/www.cnxiangfu.com\/wp-content\/uploads\/2025\/10\/\u8be6\u60c5\u9875A3_WH_800x800px-1-150x150.jpg 150w, https:\/\/www.cnxiangfu.com\/wp-content\/uploads\/2025\/10\/\u8be6\u60c5\u9875A3_WH_800x800px-1-768x768.jpg 768w, https:\/\/www.cnxiangfu.com\/wp-content\/uploads\/2025\/10\/\u8be6\u60c5\u9875A3_WH_800x800px-1-650x650.jpg 650w, https:\/\/www.cnxiangfu.com\/wp-content\/uploads\/2025\/10\/\u8be6\u60c5\u9875A3_WH_800x800px-1-600x600.jpg 600w, https:\/\/www.cnxiangfu.com\/wp-content\/uploads\/2025\/10\/\u8be6\u60c5\u9875A3_WH_800x800px-1-100x100.jpg 100w\" sizes=\"(max-width: 800px) 100vw, 800px\" title=\"\">\t\t\t\t\t\t\t\t\t\t\t\t\t\t\t<\/div>\n\t\t\t\t<div class=\"elementor-element elementor-element-ca76c3a elementor-widget elementor-widget-image\" data-id=\"ca76c3a\" data-element_type=\"widget\" data-e-type=\"widget\" data-widget_type=\"image.default\">\n\t\t\t\t\t\t\t\t\t\t\t\t\t\t\t<img loading=\"lazy\" decoding=\"async\" width=\"800\" height=\"800\" src=\"https:\/\/www.cnxiangfu.com\/wp-content\/uploads\/2025\/10\/\u8be6\u60c5\u9875A4_WH_800x800px-1.jpg\" class=\"attachment-full size-full wp-image-1262\" alt=\"\" srcset=\"https:\/\/www.cnxiangfu.com\/wp-content\/uploads\/2025\/10\/\u8be6\u60c5\u9875A4_WH_800x800px-1.jpg 800w, https:\/\/www.cnxiangfu.com\/wp-content\/uploads\/2025\/10\/\u8be6\u60c5\u9875A4_WH_800x800px-1-300x300.jpg 300w, https:\/\/www.cnxiangfu.com\/wp-content\/uploads\/2025\/10\/\u8be6\u60c5\u9875A4_WH_800x800px-1-150x150.jpg 150w, https:\/\/www.cnxiangfu.com\/wp-content\/uploads\/2025\/10\/\u8be6\u60c5\u9875A4_WH_800x800px-1-768x768.jpg 768w, https:\/\/www.cnxiangfu.com\/wp-content\/uploads\/2025\/10\/\u8be6\u60c5\u9875A4_WH_800x800px-1-650x650.jpg 650w, https:\/\/www.cnxiangfu.com\/wp-content\/uploads\/2025\/10\/\u8be6\u60c5\u9875A4_WH_800x800px-1-600x600.jpg 600w, https:\/\/www.cnxiangfu.com\/wp-content\/uploads\/2025\/10\/\u8be6\u60c5\u9875A4_WH_800x800px-1-100x100.jpg 100w\" sizes=\"(max-width: 800px) 100vw, 800px\" title=\"\">\t\t\t\t\t\t\t\t\t\t\t\t\t\t\t<\/div>\n\t\t\t\t<div class=\"elementor-element elementor-element-c55fcd3 elementor-widget elementor-widget-image\" data-id=\"c55fcd3\" data-element_type=\"widget\" data-e-type=\"widget\" data-widget_type=\"image.default\">\n\t\t\t\t\t\t\t\t\t\t\t\t\t\t\t<img loading=\"lazy\" decoding=\"async\" width=\"800\" height=\"800\" src=\"https:\/\/www.cnxiangfu.com\/wp-content\/uploads\/2025\/10\/\u8be6\u60c5\u9875B1_WH_800x800px_1.jpg\" class=\"attachment-full size-full wp-image-1264\" alt=\"\" srcset=\"https:\/\/www.cnxiangfu.com\/wp-content\/uploads\/2025\/10\/\u8be6\u60c5\u9875B1_WH_800x800px_1.jpg 800w, https:\/\/www.cnxiangfu.com\/wp-content\/uploads\/2025\/10\/\u8be6\u60c5\u9875B1_WH_800x800px_1-300x300.jpg 300w, https:\/\/www.cnxiangfu.com\/wp-content\/uploads\/2025\/10\/\u8be6\u60c5\u9875B1_WH_800x800px_1-150x150.jpg 150w, https:\/\/www.cnxiangfu.com\/wp-content\/uploads\/2025\/10\/\u8be6\u60c5\u9875B1_WH_800x800px_1-768x768.jpg 768w, https:\/\/www.cnxiangfu.com\/wp-content\/uploads\/2025\/10\/\u8be6\u60c5\u9875B1_WH_800x800px_1-650x650.jpg 650w, https:\/\/www.cnxiangfu.com\/wp-content\/uploads\/2025\/10\/\u8be6\u60c5\u9875B1_WH_800x800px_1-600x600.jpg 600w, https:\/\/www.cnxiangfu.com\/wp-content\/uploads\/2025\/10\/\u8be6\u60c5\u9875B1_WH_800x800px_1-100x100.jpg 100w\" sizes=\"(max-width: 800px) 100vw, 800px\" title=\"\">\t\t\t\t\t\t\t\t\t\t\t\t\t\t\t<\/div>\n\t\t\t\t<div class=\"elementor-element elementor-element-bdf7d3c elementor-widget elementor-widget-image\" data-id=\"bdf7d3c\" data-element_type=\"widget\" data-e-type=\"widget\" data-widget_type=\"image.default\">\n\t\t\t\t\t\t\t\t\t\t\t\t\t\t\t<img loading=\"lazy\" decoding=\"async\" width=\"800\" height=\"800\" src=\"https:\/\/www.cnxiangfu.com\/wp-content\/uploads\/2025\/10\/\u8be6\u60c5\u9875B2_WH_800x800px-1.jpg\" class=\"attachment-full size-full wp-image-1267\" alt=\"\" srcset=\"https:\/\/www.cnxiangfu.com\/wp-content\/uploads\/2025\/10\/\u8be6\u60c5\u9875B2_WH_800x800px-1.jpg 800w, https:\/\/www.cnxiangfu.com\/wp-content\/uploads\/2025\/10\/\u8be6\u60c5\u9875B2_WH_800x800px-1-300x300.jpg 300w, https:\/\/www.cnxiangfu.com\/wp-content\/uploads\/2025\/10\/\u8be6\u60c5\u9875B2_WH_800x800px-1-150x150.jpg 150w, https:\/\/www.cnxiangfu.com\/wp-content\/uploads\/2025\/10\/\u8be6\u60c5\u9875B2_WH_800x800px-1-768x768.jpg 768w, https:\/\/www.cnxiangfu.com\/wp-content\/uploads\/2025\/10\/\u8be6\u60c5\u9875B2_WH_800x800px-1-650x650.jpg 650w, https:\/\/www.cnxiangfu.com\/wp-content\/uploads\/2025\/10\/\u8be6\u60c5\u9875B2_WH_800x800px-1-600x600.jpg 600w, https:\/\/www.cnxiangfu.com\/wp-content\/uploads\/2025\/10\/\u8be6\u60c5\u9875B2_WH_800x800px-1-100x100.jpg 100w\" sizes=\"(max-width: 800px) 100vw, 800px\" title=\"\">\t\t\t\t\t\t\t\t\t\t\t\t\t\t\t<\/div>\n\t\t\t\t<div class=\"elementor-element elementor-element-b5a4ffd elementor-widget elementor-widget-image\" data-id=\"b5a4ffd\" data-element_type=\"widget\" data-e-type=\"widget\" data-widget_type=\"image.default\">\n\t\t\t\t\t\t\t\t\t\t\t\t\t\t\t<img loading=\"lazy\" decoding=\"async\" width=\"800\" height=\"800\" src=\"https:\/\/www.cnxiangfu.com\/wp-content\/uploads\/2025\/10\/\u8be6\u60c5\u9875B3_WH_800x800px.jpg\" class=\"attachment-full size-full wp-image-1268\" alt=\"\" srcset=\"https:\/\/www.cnxiangfu.com\/wp-content\/uploads\/2025\/10\/\u8be6\u60c5\u9875B3_WH_800x800px.jpg 800w, https:\/\/www.cnxiangfu.com\/wp-content\/uploads\/2025\/10\/\u8be6\u60c5\u9875B3_WH_800x800px-300x300.jpg 300w, https:\/\/www.cnxiangfu.com\/wp-content\/uploads\/2025\/10\/\u8be6\u60c5\u9875B3_WH_800x800px-150x150.jpg 150w, https:\/\/www.cnxiangfu.com\/wp-content\/uploads\/2025\/10\/\u8be6\u60c5\u9875B3_WH_800x800px-768x768.jpg 768w, https:\/\/www.cnxiangfu.com\/wp-content\/uploads\/2025\/10\/\u8be6\u60c5\u9875B3_WH_800x800px-650x650.jpg 650w, https:\/\/www.cnxiangfu.com\/wp-content\/uploads\/2025\/10\/\u8be6\u60c5\u9875B3_WH_800x800px-600x600.jpg 600w, https:\/\/www.cnxiangfu.com\/wp-content\/uploads\/2025\/10\/\u8be6\u60c5\u9875B3_WH_800x800px-100x100.jpg 100w\" sizes=\"(max-width: 800px) 100vw, 800px\" title=\"\">\t\t\t\t\t\t\t\t\t\t\t\t\t\t\t<\/div>\n\t\t\t\t<div class=\"elementor-element elementor-element-d8d1255 elementor-widget elementor-widget-image\" data-id=\"d8d1255\" data-element_type=\"widget\" data-e-type=\"widget\" data-widget_type=\"image.default\">\n\t\t\t\t\t\t\t\t\t\t\t\t\t\t\t<img loading=\"lazy\" decoding=\"async\" width=\"800\" height=\"800\" src=\"https:\/\/www.cnxiangfu.com\/wp-content\/uploads\/2025\/10\/\u8be6\u60c5\u9875C1_WH_800x800px-1.jpg\" class=\"attachment-full size-full wp-image-1269\" alt=\"\" srcset=\"https:\/\/www.cnxiangfu.com\/wp-content\/uploads\/2025\/10\/\u8be6\u60c5\u9875C1_WH_800x800px-1.jpg 800w, https:\/\/www.cnxiangfu.com\/wp-content\/uploads\/2025\/10\/\u8be6\u60c5\u9875C1_WH_800x800px-1-300x300.jpg 300w, https:\/\/www.cnxiangfu.com\/wp-content\/uploads\/2025\/10\/\u8be6\u60c5\u9875C1_WH_800x800px-1-150x150.jpg 150w, https:\/\/www.cnxiangfu.com\/wp-content\/uploads\/2025\/10\/\u8be6\u60c5\u9875C1_WH_800x800px-1-768x768.jpg 768w, https:\/\/www.cnxiangfu.com\/wp-content\/uploads\/2025\/10\/\u8be6\u60c5\u9875C1_WH_800x800px-1-650x650.jpg 650w, https:\/\/www.cnxiangfu.com\/wp-content\/uploads\/2025\/10\/\u8be6\u60c5\u9875C1_WH_800x800px-1-600x600.jpg 600w, https:\/\/www.cnxiangfu.com\/wp-content\/uploads\/2025\/10\/\u8be6\u60c5\u9875C1_WH_800x800px-1-100x100.jpg 100w\" sizes=\"(max-width: 800px) 100vw, 800px\" title=\"\">\t\t\t\t\t\t\t\t\t\t\t\t\t\t\t<\/div>\n\t\t\t\t<div class=\"elementor-element elementor-element-9541eac elementor-widget elementor-widget-image\" data-id=\"9541eac\" data-element_type=\"widget\" data-e-type=\"widget\" data-widget_type=\"image.default\">\n\t\t\t\t\t\t\t\t\t\t\t\t\t\t\t<img loading=\"lazy\" decoding=\"async\" width=\"800\" height=\"800\" src=\"https:\/\/www.cnxiangfu.com\/wp-content\/uploads\/2025\/10\/\u8be6\u60c5\u9875C2_WH_800x800px-1.jpg\" class=\"attachment-full size-full wp-image-1270\" alt=\"\" srcset=\"https:\/\/www.cnxiangfu.com\/wp-content\/uploads\/2025\/10\/\u8be6\u60c5\u9875C2_WH_800x800px-1.jpg 800w, https:\/\/www.cnxiangfu.com\/wp-content\/uploads\/2025\/10\/\u8be6\u60c5\u9875C2_WH_800x800px-1-300x300.jpg 300w, https:\/\/www.cnxiangfu.com\/wp-content\/uploads\/2025\/10\/\u8be6\u60c5\u9875C2_WH_800x800px-1-150x150.jpg 150w, https:\/\/www.cnxiangfu.com\/wp-content\/uploads\/2025\/10\/\u8be6\u60c5\u9875C2_WH_800x800px-1-768x768.jpg 768w, https:\/\/www.cnxiangfu.com\/wp-content\/uploads\/2025\/10\/\u8be6\u60c5\u9875C2_WH_800x800px-1-650x650.jpg 650w, https:\/\/www.cnxiangfu.com\/wp-content\/uploads\/2025\/10\/\u8be6\u60c5\u9875C2_WH_800x800px-1-600x600.jpg 600w, https:\/\/www.cnxiangfu.com\/wp-content\/uploads\/2025\/10\/\u8be6\u60c5\u9875C2_WH_800x800px-1-100x100.jpg 100w\" sizes=\"(max-width: 800px) 100vw, 800px\" title=\"\">\t\t\t\t\t\t\t\t\t\t\t\t\t\t\t<\/div>\n\t\t\t\t<div class=\"elementor-element elementor-element-b5dfd65 elementor-widget elementor-widget-image\" data-id=\"b5dfd65\" data-element_type=\"widget\" data-e-type=\"widget\" data-widget_type=\"image.default\">\n\t\t\t\t\t\t\t\t\t\t\t\t\t\t\t<img loading=\"lazy\" decoding=\"async\" width=\"800\" height=\"800\" src=\"https:\/\/www.cnxiangfu.com\/wp-content\/uploads\/2025\/10\/\u8be6\u60c5\u9875D1_WH_800x800px.jpg\" class=\"attachment-full size-full wp-image-1271\" alt=\"\" srcset=\"https:\/\/www.cnxiangfu.com\/wp-content\/uploads\/2025\/10\/\u8be6\u60c5\u9875D1_WH_800x800px.jpg 800w, https:\/\/www.cnxiangfu.com\/wp-content\/uploads\/2025\/10\/\u8be6\u60c5\u9875D1_WH_800x800px-300x300.jpg 300w, https:\/\/www.cnxiangfu.com\/wp-content\/uploads\/2025\/10\/\u8be6\u60c5\u9875D1_WH_800x800px-150x150.jpg 150w, https:\/\/www.cnxiangfu.com\/wp-content\/uploads\/2025\/10\/\u8be6\u60c5\u9875D1_WH_800x800px-768x768.jpg 768w, https:\/\/www.cnxiangfu.com\/wp-content\/uploads\/2025\/10\/\u8be6\u60c5\u9875D1_WH_800x800px-650x650.jpg 650w, https:\/\/www.cnxiangfu.com\/wp-content\/uploads\/2025\/10\/\u8be6\u60c5\u9875D1_WH_800x800px-600x600.jpg 600w, https:\/\/www.cnxiangfu.com\/wp-content\/uploads\/2025\/10\/\u8be6\u60c5\u9875D1_WH_800x800px-100x100.jpg 100w\" sizes=\"(max-width: 800px) 100vw, 800px\" title=\"\">\t\t\t\t\t\t\t\t\t\t\t\t\t\t\t<\/div>\n\t\t\t\t<div class=\"elementor-element elementor-element-dc3c238 elementor-widget elementor-widget-image\" data-id=\"dc3c238\" data-element_type=\"widget\" data-e-type=\"widget\" data-widget_type=\"image.default\">\n\t\t\t\t\t\t\t\t\t\t\t\t\t\t\t<img loading=\"lazy\" decoding=\"async\" width=\"800\" height=\"800\" src=\"https:\/\/www.cnxiangfu.com\/wp-content\/uploads\/2025\/10\/\u8be6\u60c5\u9875D2_WH_800x800px.jpg\" class=\"attachment-full size-full wp-image-1272\" alt=\"\" srcset=\"https:\/\/www.cnxiangfu.com\/wp-content\/uploads\/2025\/10\/\u8be6\u60c5\u9875D2_WH_800x800px.jpg 800w, https:\/\/www.cnxiangfu.com\/wp-content\/uploads\/2025\/10\/\u8be6\u60c5\u9875D2_WH_800x800px-300x300.jpg 300w, https:\/\/www.cnxiangfu.com\/wp-content\/uploads\/2025\/10\/\u8be6\u60c5\u9875D2_WH_800x800px-150x150.jpg 150w, https:\/\/www.cnxiangfu.com\/wp-content\/uploads\/2025\/10\/\u8be6\u60c5\u9875D2_WH_800x800px-768x768.jpg 768w, https:\/\/www.cnxiangfu.com\/wp-content\/uploads\/2025\/10\/\u8be6\u60c5\u9875D2_WH_800x800px-650x650.jpg 650w, https:\/\/www.cnxiangfu.com\/wp-content\/uploads\/2025\/10\/\u8be6\u60c5\u9875D2_WH_800x800px-600x600.jpg 600w, https:\/\/www.cnxiangfu.com\/wp-content\/uploads\/2025\/10\/\u8be6\u60c5\u9875D2_WH_800x800px-100x100.jpg 100w\" sizes=\"(max-width: 800px) 100vw, 800px\" title=\"\">\t\t\t\t\t\t\t\t\t\t\t\t\t\t\t<\/div>\n\t\t\t\t\t<\/div>\n\t\t\t\t<\/div>\n\t\t\t\t<\/div>\n\t\t","protected":false},"excerpt":{"rendered":"<p><strong>N\u00b0 A1<\/strong><\/p>\n<p>Nom du produit&nbsp;:Sac en toile<\/p>\n<p>Taille du produit&nbsp;: Largeur 34cm x Hauteur 29cm x Largeur inf\u00e9rieure 11cm (unit\u00e9&nbsp;: centim\u00e8tres)<\/p>\n<p>Tissu du sac : Toile<\/p>\n<p>Poign\u00e9e&nbsp;: Sangle en coton \u00e9pais, avec une forte capacit\u00e9 de charge<\/p>\n<p>Utilisation&nbsp;:Voyage,Shopping,Utilisation quotidienne<\/p>\n<p><strong>B1<\/strong><\/p>\n<p>Nom du produit&nbsp;:Sac en toile<\/p>\n<p>Taille du produit&nbsp;: Largeur 29cm x Hauteur 26cm x Largeur inf\u00e9rieure 6cm (unit\u00e9&nbsp;: centim\u00e8tres)<\/p>\n<p>Tissu du sac : Toile<\/p>\n<p>Poign\u00e9e&nbsp;: cuir PU<\/p>\n<p>Utilisation&nbsp;:Voyage,Shopping,Utilisation quotidienne<\/p>\n<p><strong>C1<\/strong><\/p>\n<p>Nom du produit&nbsp;:Sac en toile<\/p>\n<p>Taille du produit&nbsp;: Largeur 37cm x Hauteur 28cm x Largeur lat\u00e9rale 13cm (unit\u00e9&nbsp;: centim\u00e8tres)<\/p>\n<p>Tissu du sac : Toile<\/p>\n<p>Poign\u00e9e&nbsp;: cuir PU<\/p>\n<p>Utilisation&nbsp;:Voyage,Shopping,Utilisation quotidienne<\/p>\n<p><strong>D1<\/strong><\/p>\n<p>Nom du produit&nbsp;:Sac en toile<\/p>\n<p>Taille du produit&nbsp;: Largeur 33cm x Hauteur 32cm x Largeur lat\u00e9rale 5cm (unit\u00e9&nbsp;: centim\u00e8tres)<\/p>\n<p>Tissu du sac : Toile<\/p>\n<p>Poign\u00e9e&nbsp;:Toile<\/p>\n<p>Utilisation&nbsp;:Voyage,Shopping,Utilisation quotidienne<\/p>\n","protected":false},"featured_media":1228,"comment_status":"open","ping_status":"closed","template":"","meta":{"_acf_changed":false},"product_brand":[],"product_cat":[67],"product_tag":[],"class_list":{"0":"post-1225","1":"product","2":"type-product","3":"status-publish","4":"has-post-thumbnail","6":"product_cat-non-categorise","8":"first","9":"instock","10":"shipping-taxable","11":"product-type-simple"},"acf":[],"_links":{"self":[{"href":"https:\/\/www.cnxiangfu.com\/fr\/wp-json\/wp\/v2\/product\/1225","targetHints":{"allow":["GET"]}}],"collection":[{"href":"https:\/\/www.cnxiangfu.com\/fr\/wp-json\/wp\/v2\/product"}],"about":[{"href":"https:\/\/www.cnxiangfu.com\/fr\/wp-json\/wp\/v2\/types\/product"}],"replies":[{"embeddable":true,"href":"https:\/\/www.cnxiangfu.com\/fr\/wp-json\/wp\/v2\/comments?post=1225"}],"version-history":[{"count":1,"href":"https:\/\/www.cnxiangfu.com\/fr\/wp-json\/wp\/v2\/product\/1225\/revisions"}],"predecessor-version":[{"id":1274,"href":"https:\/\/www.cnxiangfu.com\/fr\/wp-json\/wp\/v2\/product\/1225\/revisions\/1274"}],"wp:featuredmedia":[{"embeddable":true,"href":"https:\/\/www.cnxiangfu.com\/fr\/wp-json\/wp\/v2\/media\/1228"}],"wp:attachment":[{"href":"https:\/\/www.cnxiangfu.com\/fr\/wp-json\/wp\/v2\/media?parent=1225"}],"wp:term":[{"taxonomy":"product_brand","embeddable":true,"href":"https:\/\/www.cnxiangfu.com\/fr\/wp-json\/wp\/v2\/product_brand?post=1225"},{"taxonomy":"product_cat","embeddable":true,"href":"https:\/\/www.cnxiangfu.com\/fr\/wp-json\/wp\/v2\/product_cat?post=1225"},{"taxonomy":"product_tag","embeddable":true,"href":"https:\/\/www.cnxiangfu.com\/fr\/wp-json\/wp\/v2\/product_tag?post=1225"}],"curies":[{"name":"wp","href":"https:\/\/api.w.org\/{rel}","templated":true}]}}