{"id":12354,"date":"2025-12-03T13:18:23","date_gmt":"2025-12-03T05:18:23","guid":{"rendered":"https:\/\/www.cnxiangfu.com\/product\/sac-a-main-sur-mesure-grande-capacite-de-course-classique-durable-et-solide-cadeau-avec-le-logo-poignee-en-corde-pliable-sac-ecologique-en-toile\/"},"modified":"2025-12-03T19:42:55","modified_gmt":"2025-12-03T11:42:55","slug":"sac-a-main-sur-mesure-grande-capacite-de-course-classique-durable-et-solide-cadeau-avec-le-logo-poignee-en-corde-pliable-sac-ecologique-en-toile","status":"publish","type":"product","link":"https:\/\/www.cnxiangfu.com\/fr\/produit\/sac-a-main-sur-mesure-grande-capacite-de-course-classique-durable-et-solide-cadeau-avec-le-logo-poignee-en-corde-pliable-sac-ecologique-en-toile\/","title":{"rendered":"Sac \u00e0 main sur mesure, grande capacit\u00e9 de course, classique, durable et solide, cadeau avec le logo, poign\u00e9e en corde pliable, sac \u00e9cologique en toile"},"content":{"rendered":"\t\t<div data-elementor-type=\"product-post\" data-elementor-id=\"12354\" class=\"elementor elementor-12354 elementor-11264\" data-elementor-post-type=\"product\">\n\t\t\t\t<div class=\"elementor-element elementor-element-70abb8e e-flex e-con-boxed e-con e-parent\" data-id=\"70abb8e\" data-element_type=\"container\" data-e-type=\"container\">\n\t\t\t\t\t<div class=\"e-con-inner\">\n\t\t\t\t<div class=\"elementor-element elementor-element-c8fc2ca elementor-widget elementor-widget-image\" data-id=\"c8fc2ca\" data-element_type=\"widget\" data-e-type=\"widget\" data-widget_type=\"image.default\">\n\t\t\t\t\t\t\t\t\t\t\t\t\t\t\t<img fetchpriority=\"high\" decoding=\"async\" width=\"750\" height=\"750\" src=\"https:\/\/www.cnxiangfu.com\/wp-content\/uploads\/2025\/12\/5_H69c5f133fd654de191a9bcee2856d78cI.jpg\" class=\"attachment-large size-large wp-image-11934\" alt=\"\" srcset=\"https:\/\/www.cnxiangfu.com\/wp-content\/uploads\/2025\/12\/5_H69c5f133fd654de191a9bcee2856d78cI.jpg 750w, https:\/\/www.cnxiangfu.com\/wp-content\/uploads\/2025\/12\/5_H69c5f133fd654de191a9bcee2856d78cI-300x300.jpg 300w, https:\/\/www.cnxiangfu.com\/wp-content\/uploads\/2025\/12\/5_H69c5f133fd654de191a9bcee2856d78cI-150x150.jpg 150w, https:\/\/www.cnxiangfu.com\/wp-content\/uploads\/2025\/12\/5_H69c5f133fd654de191a9bcee2856d78cI-650x650.jpg 650w, https:\/\/www.cnxiangfu.com\/wp-content\/uploads\/2025\/12\/5_H69c5f133fd654de191a9bcee2856d78cI-600x600.jpg 600w, https:\/\/www.cnxiangfu.com\/wp-content\/uploads\/2025\/12\/5_H69c5f133fd654de191a9bcee2856d78cI-100x100.jpg 100w\" sizes=\"(max-width: 750px) 100vw, 750px\" title=\"\">\t\t\t\t\t\t\t\t\t\t\t\t\t\t\t<\/div>\n\t\t\t\t\t<\/div>\n\t\t\t\t<\/div>\n\t\t\t\t<\/div>\n\t\t","protected":false},"excerpt":{"rendered":"<p>Nom du produit : Sac en toile Mat\u00e9riau : toile<\/p>\n<p>Taille : 35*40*12 cm<\/p>\n<p>Style : Mode<\/p>\n<p>Province : Zhejiang, Chine<\/p>\n<p>Saison : Quatre saisons<\/p>\n<p> \u00bb Application : Voyage<\/p>\n","protected":false},"featured_media":11266,"comment_status":"closed","ping_status":"closed","template":"","meta":{"_acf_changed":false},"product_brand":[],"product_cat":[67,97],"product_tag":[],"class_list":{"0":"post-12354","1":"product","2":"type-product","3":"status-publish","4":"has-post-thumbnail","6":"product_cat-non-categorise","7":"product_cat-sacs-en-toile-personnalises","9":"first","10":"onbackorder","11":"shipping-taxable","12":"purchasable","13":"product-type-simple"},"acf":[],"_links":{"self":[{"href":"https:\/\/www.cnxiangfu.com\/fr\/wp-json\/wp\/v2\/product\/12354","targetHints":{"allow":["GET"]}}],"collection":[{"href":"https:\/\/www.cnxiangfu.com\/fr\/wp-json\/wp\/v2\/product"}],"about":[{"href":"https:\/\/www.cnxiangfu.com\/fr\/wp-json\/wp\/v2\/types\/product"}],"replies":[{"embeddable":true,"href":"https:\/\/www.cnxiangfu.com\/fr\/wp-json\/wp\/v2\/comments?post=12354"}],"version-history":[{"count":1,"href":"https:\/\/www.cnxiangfu.com\/fr\/wp-json\/wp\/v2\/product\/12354\/revisions"}],"predecessor-version":[{"id":12362,"href":"https:\/\/www.cnxiangfu.com\/fr\/wp-json\/wp\/v2\/product\/12354\/revisions\/12362"}],"wp:featuredmedia":[{"embeddable":true,"href":"https:\/\/www.cnxiangfu.com\/fr\/wp-json\/wp\/v2\/media\/11266"}],"wp:attachment":[{"href":"https:\/\/www.cnxiangfu.com\/fr\/wp-json\/wp\/v2\/media?parent=12354"}],"wp:term":[{"taxonomy":"product_brand","embeddable":true,"href":"https:\/\/www.cnxiangfu.com\/fr\/wp-json\/wp\/v2\/product_brand?post=12354"},{"taxonomy":"product_cat","embeddable":true,"href":"https:\/\/www.cnxiangfu.com\/fr\/wp-json\/wp\/v2\/product_cat?post=12354"},{"taxonomy":"product_tag","embeddable":true,"href":"https:\/\/www.cnxiangfu.com\/fr\/wp-json\/wp\/v2\/product_tag?post=12354"}],"curies":[{"name":"wp","href":"https:\/\/api.w.org\/{rel}","templated":true}]}}