{"id":12377,"date":"2025-12-03T13:22:47","date_gmt":"2025-12-03T05:22:47","guid":{"rendered":"https:\/\/www.cnxiangfu.com\/product\/logo-personnalise-sac-a-main-ecologique-en-toile-organique-anti-poussiere-sac-en-coton-de-mariage-en-toile-sac-depaule-de-plage-de-grande-capacite\/"},"modified":"2025-12-03T19:42:57","modified_gmt":"2025-12-03T11:42:57","slug":"logo-personnalise-sac-a-main-ecologique-en-toile-organique-anti-poussiere-sac-en-coton-de-mariage-en-toile-sac-depaule-de-plage-de-grande-capacite","status":"publish","type":"product","link":"https:\/\/www.cnxiangfu.com\/fr\/produit\/logo-personnalise-sac-a-main-ecologique-en-toile-organique-anti-poussiere-sac-en-coton-de-mariage-en-toile-sac-depaule-de-plage-de-grande-capacite\/","title":{"rendered":"Logo personnalis\u00e9 sac \u00e0 main \u00e9cologique en toile organique anti-poussi\u00e8re, sac en coton de mariage en toile, sac d\u2019\u00e9paule de plage de grande capacit\u00e9"},"content":{"rendered":"\t\t<div data-elementor-type=\"product-post\" data-elementor-id=\"12377\" class=\"elementor elementor-12377 elementor-11278\" data-elementor-post-type=\"product\">\n\t\t\t\t<div class=\"elementor-element elementor-element-bedfb32 e-flex e-con-boxed e-con e-parent\" data-id=\"bedfb32\" data-element_type=\"container\" data-e-type=\"container\">\n\t\t\t\t\t<div class=\"e-con-inner\">\n\t\t\t\t<div class=\"elementor-element elementor-element-4f9b4d8 elementor-widget elementor-widget-image\" data-id=\"4f9b4d8\" data-element_type=\"widget\" data-e-type=\"widget\" data-widget_type=\"image.default\">\n\t\t\t\t\t\t\t\t\t\t\t\t\t\t\t<img fetchpriority=\"high\" decoding=\"async\" width=\"800\" height=\"800\" src=\"https:\/\/www.cnxiangfu.com\/wp-content\/uploads\/2025\/12\/6_Ha92e35e9c80d4103af360549a3fbe78fH.jpg\" class=\"attachment-large size-large wp-image-12379\" alt=\"\" srcset=\"https:\/\/www.cnxiangfu.com\/wp-content\/uploads\/2025\/12\/6_Ha92e35e9c80d4103af360549a3fbe78fH.jpg 800w, https:\/\/www.cnxiangfu.com\/wp-content\/uploads\/2025\/12\/6_Ha92e35e9c80d4103af360549a3fbe78fH-300x300.jpg 300w, https:\/\/www.cnxiangfu.com\/wp-content\/uploads\/2025\/12\/6_Ha92e35e9c80d4103af360549a3fbe78fH-150x150.jpg 150w, https:\/\/www.cnxiangfu.com\/wp-content\/uploads\/2025\/12\/6_Ha92e35e9c80d4103af360549a3fbe78fH-768x768.jpg 768w, https:\/\/www.cnxiangfu.com\/wp-content\/uploads\/2025\/12\/6_Ha92e35e9c80d4103af360549a3fbe78fH-650x650.jpg 650w, https:\/\/www.cnxiangfu.com\/wp-content\/uploads\/2025\/12\/6_Ha92e35e9c80d4103af360549a3fbe78fH-600x600.jpg 600w, https:\/\/www.cnxiangfu.com\/wp-content\/uploads\/2025\/12\/6_Ha92e35e9c80d4103af360549a3fbe78fH-100x100.jpg 100w\" sizes=\"(max-width: 800px) 100vw, 800px\" title=\"\">\t\t\t\t\t\t\t\t\t\t\t\t\t\t\t<\/div>\n\t\t\t\t\t<\/div>\n\t\t\t\t<\/div>\n\t\t\t\t<\/div>\n\t\t","protected":false},"excerpt":{"rendered":"<p>Nom du produit : Sac en toile Mat\u00e9riau : toile<\/p>\n<p>Taille : 35*40*12 cm<\/p>\n<p>Style : Mode<\/p>\n<p>Province : Zhejiang, Chine<\/p>\n<p>Saison : Quatre saisons<\/p>\n<p> \u00bb Application : Voyage<\/p>\n","protected":false},"featured_media":11279,"comment_status":"closed","ping_status":"closed","template":"","meta":{"_acf_changed":false},"product_brand":[],"product_cat":[67,97],"product_tag":[],"class_list":{"0":"post-12377","1":"product","2":"type-product","3":"status-publish","4":"has-post-thumbnail","6":"product_cat-non-categorise","7":"product_cat-sacs-en-toile-personnalises","9":"first","10":"onbackorder","11":"shipping-taxable","12":"purchasable","13":"product-type-simple"},"acf":[],"_links":{"self":[{"href":"https:\/\/www.cnxiangfu.com\/fr\/wp-json\/wp\/v2\/product\/12377","targetHints":{"allow":["GET"]}}],"collection":[{"href":"https:\/\/www.cnxiangfu.com\/fr\/wp-json\/wp\/v2\/product"}],"about":[{"href":"https:\/\/www.cnxiangfu.com\/fr\/wp-json\/wp\/v2\/types\/product"}],"replies":[{"embeddable":true,"href":"https:\/\/www.cnxiangfu.com\/fr\/wp-json\/wp\/v2\/comments?post=12377"}],"version-history":[{"count":1,"href":"https:\/\/www.cnxiangfu.com\/fr\/wp-json\/wp\/v2\/product\/12377\/revisions"}],"predecessor-version":[{"id":12384,"href":"https:\/\/www.cnxiangfu.com\/fr\/wp-json\/wp\/v2\/product\/12377\/revisions\/12384"}],"wp:featuredmedia":[{"embeddable":true,"href":"https:\/\/www.cnxiangfu.com\/fr\/wp-json\/wp\/v2\/media\/11279"}],"wp:attachment":[{"href":"https:\/\/www.cnxiangfu.com\/fr\/wp-json\/wp\/v2\/media?parent=12377"}],"wp:term":[{"taxonomy":"product_brand","embeddable":true,"href":"https:\/\/www.cnxiangfu.com\/fr\/wp-json\/wp\/v2\/product_brand?post=12377"},{"taxonomy":"product_cat","embeddable":true,"href":"https:\/\/www.cnxiangfu.com\/fr\/wp-json\/wp\/v2\/product_cat?post=12377"},{"taxonomy":"product_tag","embeddable":true,"href":"https:\/\/www.cnxiangfu.com\/fr\/wp-json\/wp\/v2\/product_tag?post=12377"}],"curies":[{"name":"wp","href":"https:\/\/api.w.org\/{rel}","templated":true}]}}