{"id":12387,"date":"2025-12-03T13:13:06","date_gmt":"2025-12-03T05:13:06","guid":{"rendered":"https:\/\/www.cnxiangfu.com\/product\/nouveau-sac-en-cuir-en-suede-artificiel-a-grande-capacite-velours-retro-en-peau-de-cerf-un-petit-seau-a-main-multifonctionnel-adapte-au-travail-feminin\/"},"modified":"2025-12-03T19:42:57","modified_gmt":"2025-12-03T11:42:57","slug":"nouveau-sac-en-cuir-en-suede-artificiel-a-grande-capacite-velours-retro-en-peau-de-cerf-un-petit-seau-a-main-multifonctionnel-adapte-au-travail-feminin","status":"publish","type":"product","link":"https:\/\/www.cnxiangfu.com\/fr\/produit\/nouveau-sac-en-cuir-en-suede-artificiel-a-grande-capacite-velours-retro-en-peau-de-cerf-un-petit-seau-a-main-multifonctionnel-adapte-au-travail-feminin\/","title":{"rendered":"Nouveau sac en cuir en su\u00e8de artificiel \u00e0 grande capacit\u00e9, velours r\u00e9tro en peau de cerf, un petit seau \u00e0 main multifonctionnel adapt\u00e9 au travail f\u00e9minin"},"content":{"rendered":"\t\t<div data-elementor-type=\"product-post\" data-elementor-id=\"12387\" class=\"elementor elementor-12387 elementor-11251\" data-elementor-post-type=\"product\">\n\t\t\t\t<div class=\"elementor-element elementor-element-2ecf337 e-flex e-con-boxed e-con e-parent\" data-id=\"2ecf337\" data-element_type=\"container\" data-e-type=\"container\">\n\t\t\t\t\t<div class=\"e-con-inner\">\n\t\t\t\t<div class=\"elementor-element elementor-element-503751d elementor-widget elementor-widget-image\" data-id=\"503751d\" data-element_type=\"widget\" data-e-type=\"widget\" data-widget_type=\"image.default\">\n\t\t\t\t\t\t\t\t\t\t\t\t\t\t\t<img fetchpriority=\"high\" decoding=\"async\" width=\"750\" height=\"750\" src=\"https:\/\/www.cnxiangfu.com\/wp-content\/uploads\/2025\/12\/15_He445f3111a704b8dafef17de11bf980cp.jpg\" class=\"attachment-large size-large wp-image-12394\" alt=\"\" srcset=\"https:\/\/www.cnxiangfu.com\/wp-content\/uploads\/2025\/12\/15_He445f3111a704b8dafef17de11bf980cp.jpg 750w, https:\/\/www.cnxiangfu.com\/wp-content\/uploads\/2025\/12\/15_He445f3111a704b8dafef17de11bf980cp-300x300.jpg 300w, https:\/\/www.cnxiangfu.com\/wp-content\/uploads\/2025\/12\/15_He445f3111a704b8dafef17de11bf980cp-150x150.jpg 150w, https:\/\/www.cnxiangfu.com\/wp-content\/uploads\/2025\/12\/15_He445f3111a704b8dafef17de11bf980cp-650x650.jpg 650w, https:\/\/www.cnxiangfu.com\/wp-content\/uploads\/2025\/12\/15_He445f3111a704b8dafef17de11bf980cp-600x600.jpg 600w, https:\/\/www.cnxiangfu.com\/wp-content\/uploads\/2025\/12\/15_He445f3111a704b8dafef17de11bf980cp-100x100.jpg 100w\" sizes=\"(max-width: 750px) 100vw, 750px\" title=\"\">\t\t\t\t\t\t\t\t\t\t\t\t\t\t\t<\/div>\n\t\t\t\t\t<\/div>\n\t\t\t\t<\/div>\n\t\t\t\t<\/div>\n\t\t","protected":false},"excerpt":{"rendered":"<p>Nom du produit : Sac en toile Mat\u00e9riau : toile<\/p>\n<p>Taille : 35*40*12 cm<\/p>\n<p>Style : Mode<\/p>\n<p>Province : Zhejiang, Chine<\/p>\n<p>Saison : Quatre saisons<\/p>\n<p> \u00bb Application : Voyage<\/p>\n","protected":false},"featured_media":11256,"comment_status":"closed","ping_status":"closed","template":"","meta":{"_acf_changed":false},"product_brand":[],"product_cat":[67,97],"product_tag":[],"class_list":{"0":"post-12387","1":"product","2":"type-product","3":"status-publish","4":"has-post-thumbnail","6":"product_cat-non-categorise","7":"product_cat-sacs-en-toile-personnalises","9":"first","10":"onbackorder","11":"shipping-taxable","12":"purchasable","13":"product-type-simple"},"acf":[],"_links":{"self":[{"href":"https:\/\/www.cnxiangfu.com\/fr\/wp-json\/wp\/v2\/product\/12387","targetHints":{"allow":["GET"]}}],"collection":[{"href":"https:\/\/www.cnxiangfu.com\/fr\/wp-json\/wp\/v2\/product"}],"about":[{"href":"https:\/\/www.cnxiangfu.com\/fr\/wp-json\/wp\/v2\/types\/product"}],"replies":[{"embeddable":true,"href":"https:\/\/www.cnxiangfu.com\/fr\/wp-json\/wp\/v2\/comments?post=12387"}],"version-history":[{"count":1,"href":"https:\/\/www.cnxiangfu.com\/fr\/wp-json\/wp\/v2\/product\/12387\/revisions"}],"predecessor-version":[{"id":12396,"href":"https:\/\/www.cnxiangfu.com\/fr\/wp-json\/wp\/v2\/product\/12387\/revisions\/12396"}],"wp:featuredmedia":[{"embeddable":true,"href":"https:\/\/www.cnxiangfu.com\/fr\/wp-json\/wp\/v2\/media\/11256"}],"wp:attachment":[{"href":"https:\/\/www.cnxiangfu.com\/fr\/wp-json\/wp\/v2\/media?parent=12387"}],"wp:term":[{"taxonomy":"product_brand","embeddable":true,"href":"https:\/\/www.cnxiangfu.com\/fr\/wp-json\/wp\/v2\/product_brand?post=12387"},{"taxonomy":"product_cat","embeddable":true,"href":"https:\/\/www.cnxiangfu.com\/fr\/wp-json\/wp\/v2\/product_cat?post=12387"},{"taxonomy":"product_tag","embeddable":true,"href":"https:\/\/www.cnxiangfu.com\/fr\/wp-json\/wp\/v2\/product_tag?post=12387"}],"curies":[{"name":"wp","href":"https:\/\/api.w.org\/{rel}","templated":true}]}}