{"id":12397,"date":"2025-12-03T10:21:48","date_gmt":"2025-12-03T02:21:48","guid":{"rendered":"https:\/\/www.cnxiangfu.com\/product\/sac-fourre-tout-en-toile-de-noel-whaline-sapin-de-noel-floco-de-neige-sac-depicerie-sac-cadeau-reutilisable-rouge-pour-les-fournitures-de-fete-dhiver-134-x-157-pouces\/"},"modified":"2025-12-03T19:43:15","modified_gmt":"2025-12-03T11:43:15","slug":"sac-fourre-tout-en-toile-de-noel-whaline-sapin-de-noel-floco-de-neige-sac-depicerie-sac-cadeau-reutilisable-rouge-pour-les-fournitures-de-fete-dhiver-134-x-157-pouces","status":"publish","type":"product","link":"https:\/\/www.cnxiangfu.com\/fr\/produit\/sac-fourre-tout-en-toile-de-noel-whaline-sapin-de-noel-floco-de-neige-sac-depicerie-sac-cadeau-reutilisable-rouge-pour-les-fournitures-de-fete-dhiver-134-x-157-pouces\/","title":{"rendered":"Sac fourre-tout en toile de No\u00ebl Whaline Sapin de No\u00ebl Floco de neige Sac d\u2019\u00e9picerie Sac cadeau r\u00e9utilisable rouge pour les fournitures de f\u00eate d\u2019hiver, 13,4 x 15,7 pouces"},"content":{"rendered":"\t\t<div data-elementor-type=\"product-post\" data-elementor-id=\"12397\" class=\"elementor elementor-12397 elementor-10967\" data-elementor-post-type=\"product\">\n\t\t\t\t<div class=\"elementor-element elementor-element-df70ec2 e-flex e-con-boxed e-con e-parent\" data-id=\"df70ec2\" data-element_type=\"container\" data-e-type=\"container\">\n\t\t\t\t\t<div class=\"e-con-inner\">\n\t\t\t\t<div class=\"elementor-element elementor-element-9f82076 elementor-widget elementor-widget-image\" data-id=\"9f82076\" data-element_type=\"widget\" data-e-type=\"widget\" data-widget_type=\"image.default\">\n\t\t\t\t\t\t\t\t\t\t\t\t\t\t\t<img fetchpriority=\"high\" decoding=\"async\" width=\"800\" height=\"800\" src=\"https:\/\/www.cnxiangfu.com\/wp-content\/uploads\/2025\/12\/2_81hqWmVhR9L._AC_SL1500_-1024x1024.jpg\" class=\"attachment-large size-large wp-image-12407\" alt=\"\" srcset=\"https:\/\/www.cnxiangfu.com\/wp-content\/uploads\/2025\/12\/2_81hqWmVhR9L._AC_SL1500_-1024x1024.jpg 1024w, https:\/\/www.cnxiangfu.com\/wp-content\/uploads\/2025\/12\/2_81hqWmVhR9L._AC_SL1500_-300x300.jpg 300w, https:\/\/www.cnxiangfu.com\/wp-content\/uploads\/2025\/12\/2_81hqWmVhR9L._AC_SL1500_-150x150.jpg 150w, https:\/\/www.cnxiangfu.com\/wp-content\/uploads\/2025\/12\/2_81hqWmVhR9L._AC_SL1500_-768x768.jpg 768w, https:\/\/www.cnxiangfu.com\/wp-content\/uploads\/2025\/12\/2_81hqWmVhR9L._AC_SL1500_-650x650.jpg 650w, https:\/\/www.cnxiangfu.com\/wp-content\/uploads\/2025\/12\/2_81hqWmVhR9L._AC_SL1500_-1300x1300.jpg 1300w, https:\/\/www.cnxiangfu.com\/wp-content\/uploads\/2025\/12\/2_81hqWmVhR9L._AC_SL1500_-600x600.jpg 600w, https:\/\/www.cnxiangfu.com\/wp-content\/uploads\/2025\/12\/2_81hqWmVhR9L._AC_SL1500_-100x100.jpg 100w, https:\/\/www.cnxiangfu.com\/wp-content\/uploads\/2025\/12\/2_81hqWmVhR9L._AC_SL1500_.jpg 1500w\" sizes=\"(max-width: 800px) 100vw, 800px\" title=\"\">\t\t\t\t\t\t\t\t\t\t\t\t\t\t\t<\/div>\n\t\t\t\t\t<\/div>\n\t\t\t\t<\/div>\n\t\t\t\t<\/div>\n\t\t","protected":false},"excerpt":{"rendered":"<p>Nom du produit : Sac en toile Mat\u00e9riau : toile<\/p>\n<p>Taille : 35*40*12 cm<\/p>\n<p>Style : Mode<\/p>\n<p>Province : Zhejiang, Chine<\/p>\n<p>Saison : Quatre saisons<\/p>\n<p> \u00bb Application : Voyage<\/p>\n","protected":false},"featured_media":10974,"comment_status":"closed","ping_status":"closed","template":"","meta":{"_acf_changed":false},"product_brand":[],"product_cat":[67,97],"product_tag":[],"class_list":{"0":"post-12397","1":"product","2":"type-product","3":"status-publish","4":"has-post-thumbnail","6":"product_cat-non-categorise","7":"product_cat-sacs-en-toile-personnalises","9":"first","10":"onbackorder","11":"shipping-taxable","12":"purchasable","13":"product-type-simple"},"acf":[],"_links":{"self":[{"href":"https:\/\/www.cnxiangfu.com\/fr\/wp-json\/wp\/v2\/product\/12397","targetHints":{"allow":["GET"]}}],"collection":[{"href":"https:\/\/www.cnxiangfu.com\/fr\/wp-json\/wp\/v2\/product"}],"about":[{"href":"https:\/\/www.cnxiangfu.com\/fr\/wp-json\/wp\/v2\/types\/product"}],"replies":[{"embeddable":true,"href":"https:\/\/www.cnxiangfu.com\/fr\/wp-json\/wp\/v2\/comments?post=12397"}],"version-history":[{"count":1,"href":"https:\/\/www.cnxiangfu.com\/fr\/wp-json\/wp\/v2\/product\/12397\/revisions"}],"predecessor-version":[{"id":12408,"href":"https:\/\/www.cnxiangfu.com\/fr\/wp-json\/wp\/v2\/product\/12397\/revisions\/12408"}],"wp:featuredmedia":[{"embeddable":true,"href":"https:\/\/www.cnxiangfu.com\/fr\/wp-json\/wp\/v2\/media\/10974"}],"wp:attachment":[{"href":"https:\/\/www.cnxiangfu.com\/fr\/wp-json\/wp\/v2\/media?parent=12397"}],"wp:term":[{"taxonomy":"product_brand","embeddable":true,"href":"https:\/\/www.cnxiangfu.com\/fr\/wp-json\/wp\/v2\/product_brand?post=12397"},{"taxonomy":"product_cat","embeddable":true,"href":"https:\/\/www.cnxiangfu.com\/fr\/wp-json\/wp\/v2\/product_cat?post=12397"},{"taxonomy":"product_tag","embeddable":true,"href":"https:\/\/www.cnxiangfu.com\/fr\/wp-json\/wp\/v2\/product_tag?post=12397"}],"curies":[{"name":"wp","href":"https:\/\/api.w.org\/{rel}","templated":true}]}}