{"id":1275,"date":"2025-10-16T10:22:20","date_gmt":"2025-10-16T02:22:20","guid":{"rendered":"https:\/\/www.cnxiangfu.com\/product\/manchon-de-bonnet\/"},"modified":"2025-10-30T14:14:17","modified_gmt":"2025-10-30T06:14:17","slug":"manchon-de-bonnet","status":"publish","type":"product","link":"https:\/\/www.cnxiangfu.com\/fr\/produit\/manchon-de-bonnet\/","title":{"rendered":"manchon de bonnet"},"content":{"rendered":"\t\t<div data-elementor-type=\"product-post\" data-elementor-id=\"1275\" class=\"elementor elementor-1275 elementor-506\" data-elementor-post-type=\"product\">\n\t\t\t\t<div class=\"elementor-element elementor-element-31f5d34 e-flex e-con-boxed e-con e-parent\" data-id=\"31f5d34\" data-element_type=\"container\" data-e-type=\"container\">\n\t\t\t\t\t<div class=\"e-con-inner\">\n\t\t\t\t<div class=\"elementor-element elementor-element-8de0144 elementor-widget elementor-widget-image\" data-id=\"8de0144\" data-element_type=\"widget\" data-e-type=\"widget\" data-widget_type=\"image.default\">\n\t\t\t\t\t\t\t\t\t\t\t\t\t\t\t<img fetchpriority=\"high\" decoding=\"async\" width=\"800\" height=\"800\" src=\"https:\/\/www.cnxiangfu.com\/wp-content\/uploads\/2025\/10\/\u8be6\u60c5\u9875A1_WH_800x800px.jpg\" class=\"attachment-full size-full wp-image-1290\" alt=\"\" srcset=\"https:\/\/www.cnxiangfu.com\/wp-content\/uploads\/2025\/10\/\u8be6\u60c5\u9875A1_WH_800x800px.jpg 800w, https:\/\/www.cnxiangfu.com\/wp-content\/uploads\/2025\/10\/\u8be6\u60c5\u9875A1_WH_800x800px-300x300.jpg 300w, https:\/\/www.cnxiangfu.com\/wp-content\/uploads\/2025\/10\/\u8be6\u60c5\u9875A1_WH_800x800px-150x150.jpg 150w, https:\/\/www.cnxiangfu.com\/wp-content\/uploads\/2025\/10\/\u8be6\u60c5\u9875A1_WH_800x800px-768x768.jpg 768w, https:\/\/www.cnxiangfu.com\/wp-content\/uploads\/2025\/10\/\u8be6\u60c5\u9875A1_WH_800x800px-650x650.jpg 650w, https:\/\/www.cnxiangfu.com\/wp-content\/uploads\/2025\/10\/\u8be6\u60c5\u9875A1_WH_800x800px-600x600.jpg 600w, https:\/\/www.cnxiangfu.com\/wp-content\/uploads\/2025\/10\/\u8be6\u60c5\u9875A1_WH_800x800px-100x100.jpg 100w\" sizes=\"(max-width: 800px) 100vw, 800px\" title=\"\">\t\t\t\t\t\t\t\t\t\t\t\t\t\t\t<\/div>\n\t\t\t\t<div class=\"elementor-element elementor-element-c0ce038 elementor-widget elementor-widget-image\" data-id=\"c0ce038\" data-element_type=\"widget\" data-e-type=\"widget\" data-widget_type=\"image.default\">\n\t\t\t\t\t\t\t\t\t\t\t\t\t\t\t<img decoding=\"async\" width=\"800\" height=\"800\" src=\"https:\/\/www.cnxiangfu.com\/wp-content\/uploads\/2025\/10\/\u8be6\u60c5\u9875B1_WH_800x800px.jpg\" class=\"attachment-full size-full wp-image-1291\" alt=\"\" srcset=\"https:\/\/www.cnxiangfu.com\/wp-content\/uploads\/2025\/10\/\u8be6\u60c5\u9875B1_WH_800x800px.jpg 800w, https:\/\/www.cnxiangfu.com\/wp-content\/uploads\/2025\/10\/\u8be6\u60c5\u9875B1_WH_800x800px-300x300.jpg 300w, https:\/\/www.cnxiangfu.com\/wp-content\/uploads\/2025\/10\/\u8be6\u60c5\u9875B1_WH_800x800px-150x150.jpg 150w, https:\/\/www.cnxiangfu.com\/wp-content\/uploads\/2025\/10\/\u8be6\u60c5\u9875B1_WH_800x800px-768x768.jpg 768w, https:\/\/www.cnxiangfu.com\/wp-content\/uploads\/2025\/10\/\u8be6\u60c5\u9875B1_WH_800x800px-650x650.jpg 650w, https:\/\/www.cnxiangfu.com\/wp-content\/uploads\/2025\/10\/\u8be6\u60c5\u9875B1_WH_800x800px-600x600.jpg 600w, https:\/\/www.cnxiangfu.com\/wp-content\/uploads\/2025\/10\/\u8be6\u60c5\u9875B1_WH_800x800px-100x100.jpg 100w\" sizes=\"(max-width: 800px) 100vw, 800px\" title=\"\">\t\t\t\t\t\t\t\t\t\t\t\t\t\t\t<\/div>\n\t\t\t\t<div class=\"elementor-element elementor-element-94d938f elementor-widget elementor-widget-image\" data-id=\"94d938f\" data-element_type=\"widget\" data-e-type=\"widget\" data-widget_type=\"image.default\">\n\t\t\t\t\t\t\t\t\t\t\t\t\t\t\t<img decoding=\"async\" width=\"800\" height=\"800\" src=\"https:\/\/www.cnxiangfu.com\/wp-content\/uploads\/2025\/10\/\u8be6\u60c5\u9875C1_WH_800x800px.jpg\" class=\"attachment-full size-full wp-image-1292\" alt=\"\" srcset=\"https:\/\/www.cnxiangfu.com\/wp-content\/uploads\/2025\/10\/\u8be6\u60c5\u9875C1_WH_800x800px.jpg 800w, https:\/\/www.cnxiangfu.com\/wp-content\/uploads\/2025\/10\/\u8be6\u60c5\u9875C1_WH_800x800px-300x300.jpg 300w, https:\/\/www.cnxiangfu.com\/wp-content\/uploads\/2025\/10\/\u8be6\u60c5\u9875C1_WH_800x800px-150x150.jpg 150w, https:\/\/www.cnxiangfu.com\/wp-content\/uploads\/2025\/10\/\u8be6\u60c5\u9875C1_WH_800x800px-768x768.jpg 768w, https:\/\/www.cnxiangfu.com\/wp-content\/uploads\/2025\/10\/\u8be6\u60c5\u9875C1_WH_800x800px-650x650.jpg 650w, https:\/\/www.cnxiangfu.com\/wp-content\/uploads\/2025\/10\/\u8be6\u60c5\u9875C1_WH_800x800px-600x600.jpg 600w, https:\/\/www.cnxiangfu.com\/wp-content\/uploads\/2025\/10\/\u8be6\u60c5\u9875C1_WH_800x800px-100x100.jpg 100w\" sizes=\"(max-width: 800px) 100vw, 800px\" title=\"\">\t\t\t\t\t\t\t\t\t\t\t\t\t\t\t<\/div>\n\t\t\t\t<div class=\"elementor-element elementor-element-ca76c3a elementor-widget elementor-widget-image\" data-id=\"ca76c3a\" data-element_type=\"widget\" data-e-type=\"widget\" data-widget_type=\"image.default\">\n\t\t\t\t\t\t\t\t\t\t\t\t\t\t\t<img loading=\"lazy\" decoding=\"async\" width=\"800\" height=\"800\" src=\"https:\/\/www.cnxiangfu.com\/wp-content\/uploads\/2025\/10\/\u8be6\u60c5\u9875C2_WH_800x800px.jpg\" class=\"attachment-full size-full wp-image-1293\" alt=\"\" srcset=\"https:\/\/www.cnxiangfu.com\/wp-content\/uploads\/2025\/10\/\u8be6\u60c5\u9875C2_WH_800x800px.jpg 800w, https:\/\/www.cnxiangfu.com\/wp-content\/uploads\/2025\/10\/\u8be6\u60c5\u9875C2_WH_800x800px-300x300.jpg 300w, https:\/\/www.cnxiangfu.com\/wp-content\/uploads\/2025\/10\/\u8be6\u60c5\u9875C2_WH_800x800px-150x150.jpg 150w, https:\/\/www.cnxiangfu.com\/wp-content\/uploads\/2025\/10\/\u8be6\u60c5\u9875C2_WH_800x800px-768x768.jpg 768w, https:\/\/www.cnxiangfu.com\/wp-content\/uploads\/2025\/10\/\u8be6\u60c5\u9875C2_WH_800x800px-650x650.jpg 650w, https:\/\/www.cnxiangfu.com\/wp-content\/uploads\/2025\/10\/\u8be6\u60c5\u9875C2_WH_800x800px-600x600.jpg 600w, https:\/\/www.cnxiangfu.com\/wp-content\/uploads\/2025\/10\/\u8be6\u60c5\u9875C2_WH_800x800px-100x100.jpg 100w\" sizes=\"(max-width: 800px) 100vw, 800px\" title=\"\">\t\t\t\t\t\t\t\t\t\t\t\t\t\t\t<\/div>\n\t\t\t\t<div class=\"elementor-element elementor-element-c55fcd3 elementor-widget elementor-widget-image\" data-id=\"c55fcd3\" data-element_type=\"widget\" data-e-type=\"widget\" data-widget_type=\"image.default\">\n\t\t\t\t\t\t\t\t\t\t\t\t\t\t\t<img loading=\"lazy\" decoding=\"async\" width=\"800\" height=\"800\" src=\"https:\/\/www.cnxiangfu.com\/wp-content\/uploads\/2025\/10\/\u8be6\u60c5\u9875C3_WH_800x800px.jpg\" class=\"attachment-full size-full wp-image-1294\" alt=\"\" srcset=\"https:\/\/www.cnxiangfu.com\/wp-content\/uploads\/2025\/10\/\u8be6\u60c5\u9875C3_WH_800x800px.jpg 800w, https:\/\/www.cnxiangfu.com\/wp-content\/uploads\/2025\/10\/\u8be6\u60c5\u9875C3_WH_800x800px-300x300.jpg 300w, https:\/\/www.cnxiangfu.com\/wp-content\/uploads\/2025\/10\/\u8be6\u60c5\u9875C3_WH_800x800px-150x150.jpg 150w, https:\/\/www.cnxiangfu.com\/wp-content\/uploads\/2025\/10\/\u8be6\u60c5\u9875C3_WH_800x800px-768x768.jpg 768w, https:\/\/www.cnxiangfu.com\/wp-content\/uploads\/2025\/10\/\u8be6\u60c5\u9875C3_WH_800x800px-650x650.jpg 650w, https:\/\/www.cnxiangfu.com\/wp-content\/uploads\/2025\/10\/\u8be6\u60c5\u9875C3_WH_800x800px-600x600.jpg 600w, https:\/\/www.cnxiangfu.com\/wp-content\/uploads\/2025\/10\/\u8be6\u60c5\u9875C3_WH_800x800px-100x100.jpg 100w\" sizes=\"(max-width: 800px) 100vw, 800px\" title=\"\">\t\t\t\t\t\t\t\t\t\t\t\t\t\t\t<\/div>\n\t\t\t\t<div class=\"elementor-element elementor-element-bdf7d3c elementor-widget elementor-widget-image\" data-id=\"bdf7d3c\" data-element_type=\"widget\" data-e-type=\"widget\" data-widget_type=\"image.default\">\n\t\t\t\t\t\t\t\t\t\t\t\t\t\t\t<img loading=\"lazy\" decoding=\"async\" width=\"800\" height=\"800\" src=\"https:\/\/www.cnxiangfu.com\/wp-content\/uploads\/2025\/10\/\u8be6\u60c5\u9875C4_WH_800x800px.jpg\" class=\"attachment-full size-full wp-image-1296\" alt=\"\" srcset=\"https:\/\/www.cnxiangfu.com\/wp-content\/uploads\/2025\/10\/\u8be6\u60c5\u9875C4_WH_800x800px.jpg 800w, https:\/\/www.cnxiangfu.com\/wp-content\/uploads\/2025\/10\/\u8be6\u60c5\u9875C4_WH_800x800px-300x300.jpg 300w, https:\/\/www.cnxiangfu.com\/wp-content\/uploads\/2025\/10\/\u8be6\u60c5\u9875C4_WH_800x800px-150x150.jpg 150w, https:\/\/www.cnxiangfu.com\/wp-content\/uploads\/2025\/10\/\u8be6\u60c5\u9875C4_WH_800x800px-768x768.jpg 768w, https:\/\/www.cnxiangfu.com\/wp-content\/uploads\/2025\/10\/\u8be6\u60c5\u9875C4_WH_800x800px-650x650.jpg 650w, https:\/\/www.cnxiangfu.com\/wp-content\/uploads\/2025\/10\/\u8be6\u60c5\u9875C4_WH_800x800px-600x600.jpg 600w, https:\/\/www.cnxiangfu.com\/wp-content\/uploads\/2025\/10\/\u8be6\u60c5\u9875C4_WH_800x800px-100x100.jpg 100w\" sizes=\"(max-width: 800px) 100vw, 800px\" title=\"\">\t\t\t\t\t\t\t\t\t\t\t\t\t\t\t<\/div>\n\t\t\t\t\t<\/div>\n\t\t\t\t<\/div>\n\t\t\t\t<\/div>\n\t\t","protected":false},"excerpt":{"rendered":"<p><strong>N\u00b0 A1<\/strong><\/p>\n<p>Nom du produit&nbsp;:Manche de tasse<\/p>\n<p>Taille du produit&nbsp;: Largeur 13,3 cm x Hauteur 6,6 cm x Hauteur de la poign\u00e9e 17 cm (unit\u00e9&nbsp;: centim\u00e8tres)<\/p>\n<p>Tissu du sac : Non-tiss\u00e9<\/p>\n<p>Poign\u00e9e&nbsp;: Poign\u00e9e non tiss\u00e9e<\/p>\n<p>Utilisation&nbsp;:Protection de la tasse<\/p>\n<p><strong>B1<\/strong><\/p>\n<p>Nom du produit&nbsp;:Manche de tasse<\/p>\n<p>Taille du produit&nbsp;: Largeur 20cm x Hauteur 22cm x Hauteur de la poign\u00e9e 10cm (unit\u00e9&nbsp;: centim\u00e8tres)<\/p>\n<p>Tissu du sac&nbsp;: Toile de pur coton<\/p>\n<p>Poign\u00e9e&nbsp;:Poign\u00e9e en toile<\/p>\n<p>Utilisation&nbsp;:Protection de tasse, Sacs \u00e0 cosm\u00e9tiques, Sacs alimentaires, Sacs cadeaux<\/p>\n<p><strong>C1<\/strong><\/p>\n<p>Nom du produit&nbsp;:Manche de tasse<\/p>\n<p>Taille du produit&nbsp;: Largeur 13cm x Hauteur 6,5cm x Hauteur de la poign\u00e9e 21cm (unit\u00e9&nbsp;: centim\u00e8tres)<\/p>\n<p>Tissu du sac&nbsp;: cuir PU<\/p>\n<p>Poign\u00e9e&nbsp;: cuir PU<\/p>\n<p>Utilisation&nbsp;:Protection de la tasse<\/p>\n","protected":false},"featured_media":1277,"comment_status":"open","ping_status":"closed","template":"","meta":{"_acf_changed":false},"product_brand":[],"product_cat":[72],"product_tag":[],"class_list":{"0":"post-1275","1":"product","2":"type-product","3":"status-publish","4":"has-post-thumbnail","6":"product_cat-sac-thermique","8":"first","9":"instock","10":"shipping-taxable","11":"product-type-simple"},"acf":[],"_links":{"self":[{"href":"https:\/\/www.cnxiangfu.com\/fr\/wp-json\/wp\/v2\/product\/1275","targetHints":{"allow":["GET"]}}],"collection":[{"href":"https:\/\/www.cnxiangfu.com\/fr\/wp-json\/wp\/v2\/product"}],"about":[{"href":"https:\/\/www.cnxiangfu.com\/fr\/wp-json\/wp\/v2\/types\/product"}],"replies":[{"embeddable":true,"href":"https:\/\/www.cnxiangfu.com\/fr\/wp-json\/wp\/v2\/comments?post=1275"}],"version-history":[{"count":1,"href":"https:\/\/www.cnxiangfu.com\/fr\/wp-json\/wp\/v2\/product\/1275\/revisions"}],"predecessor-version":[{"id":1322,"href":"https:\/\/www.cnxiangfu.com\/fr\/wp-json\/wp\/v2\/product\/1275\/revisions\/1322"}],"wp:featuredmedia":[{"embeddable":true,"href":"https:\/\/www.cnxiangfu.com\/fr\/wp-json\/wp\/v2\/media\/1277"}],"wp:attachment":[{"href":"https:\/\/www.cnxiangfu.com\/fr\/wp-json\/wp\/v2\/media?parent=1275"}],"wp:term":[{"taxonomy":"product_brand","embeddable":true,"href":"https:\/\/www.cnxiangfu.com\/fr\/wp-json\/wp\/v2\/product_brand?post=1275"},{"taxonomy":"product_cat","embeddable":true,"href":"https:\/\/www.cnxiangfu.com\/fr\/wp-json\/wp\/v2\/product_cat?post=1275"},{"taxonomy":"product_tag","embeddable":true,"href":"https:\/\/www.cnxiangfu.com\/fr\/wp-json\/wp\/v2\/product_tag?post=1275"}],"curies":[{"name":"wp","href":"https:\/\/api.w.org\/{rel}","templated":true}]}}