{"id":13167,"date":"2025-12-05T09:00:30","date_gmt":"2025-12-05T01:00:30","guid":{"rendered":"https:\/\/www.cnxiangfu.com\/product\/sac-tote-esthetique-dete-avec-poche-interieure-zippee-pour-objets-personnels-le-sac-fourre-tout-le-monde-pour-le-travail-le-sport-la-danse-le-sac-de-yoga-le-sac-de-sport-sac-de-plage-po\/"},"modified":"2025-12-05T09:00:30","modified_gmt":"2025-12-05T01:00:30","slug":"sac-tote-esthetique-dete-avec-poche-interieure-zippee-pour-objets-personnels-le-sac-fourre-tout-le-monde-pour-le-travail-le-sport-la-danse-le-sac-de-yoga-le-sac-de-sport-sac-de-plage-po","status":"publish","type":"product","link":"https:\/\/www.cnxiangfu.com\/fr\/produit\/sac-tote-esthetique-dete-avec-poche-interieure-zippee-pour-objets-personnels-le-sac-fourre-tout-le-monde-pour-le-travail-le-sport-la-danse-le-sac-de-yoga-le-sac-de-sport-sac-de-plage-po\/","title":{"rendered":"Sac tote esth\u00e9tique d\u2019\u00e9t\u00e9 avec poche int\u00e9rieure zipp\u00e9e pour objets personnels. Le sac fourre-tout le monde pour le travail, le sport, la danse, le sac de yoga, le sac de sport. Sac de plage pour voyager."},"content":{"rendered":"","protected":false},"excerpt":{"rendered":"<p>Nom du produit : Sac en toile Mat\u00e9riau : toile<\/p>\n<p>Taille : 35*40*12 cm<\/p>\n<p>Style : Mode<\/p>\n<p>Province : Zhejiang, Chine<\/p>\n<p>Saison : Quatre saisons<\/p>\n<p> \u00bb Application : Voyage<\/p>\n","protected":false},"featured_media":13174,"comment_status":"closed","ping_status":"closed","template":"","meta":{"_acf_changed":false},"product_brand":[],"product_cat":[67,97],"product_tag":[],"class_list":{"0":"post-13167","1":"product","2":"type-product","3":"status-publish","4":"has-post-thumbnail","6":"product_cat-non-categorise","7":"product_cat-sacs-en-toile-personnalises","9":"first","10":"onbackorder","11":"shipping-taxable","12":"purchasable","13":"product-type-simple"},"acf":[],"_links":{"self":[{"href":"https:\/\/www.cnxiangfu.com\/fr\/wp-json\/wp\/v2\/product\/13167","targetHints":{"allow":["GET"]}}],"collection":[{"href":"https:\/\/www.cnxiangfu.com\/fr\/wp-json\/wp\/v2\/product"}],"about":[{"href":"https:\/\/www.cnxiangfu.com\/fr\/wp-json\/wp\/v2\/types\/product"}],"replies":[{"embeddable":true,"href":"https:\/\/www.cnxiangfu.com\/fr\/wp-json\/wp\/v2\/comments?post=13167"}],"version-history":[{"count":0,"href":"https:\/\/www.cnxiangfu.com\/fr\/wp-json\/wp\/v2\/product\/13167\/revisions"}],"wp:featuredmedia":[{"embeddable":true,"href":"https:\/\/www.cnxiangfu.com\/fr\/wp-json\/wp\/v2\/media\/13174"}],"wp:attachment":[{"href":"https:\/\/www.cnxiangfu.com\/fr\/wp-json\/wp\/v2\/media?parent=13167"}],"wp:term":[{"taxonomy":"product_brand","embeddable":true,"href":"https:\/\/www.cnxiangfu.com\/fr\/wp-json\/wp\/v2\/product_brand?post=13167"},{"taxonomy":"product_cat","embeddable":true,"href":"https:\/\/www.cnxiangfu.com\/fr\/wp-json\/wp\/v2\/product_cat?post=13167"},{"taxonomy":"product_tag","embeddable":true,"href":"https:\/\/www.cnxiangfu.com\/fr\/wp-json\/wp\/v2\/product_tag?post=13167"}],"curies":[{"name":"wp","href":"https:\/\/api.w.org\/{rel}","templated":true}]}}